{"id":8679,"date":"2021-11-01T18:49:18","date_gmt":"2021-11-01T16:49:18","guid":{"rendered":"https:\/\/www.ksttukku.fi\/kauppa\/?post_type=product&#038;p=8679"},"modified":"2021-11-01T18:49:18","modified_gmt":"2021-11-01T16:49:18","slug":"led-lamppu-e27-g80-plain-smoke-2100k-80lm","status":"publish","type":"product","link":"https:\/\/www.ksttukku.fi\/kauppa\/tuote\/led-lamppu-e27-g80-plain-smoke-2100k-80lm\/","title":{"rendered":"LED-lamppu E27 G80 Plain Smoke 2100K 80lm"},"content":{"rendered":"<p>Decoration LED lamppu, savunharmaa lasi.<br \/>\nIP20. E27, 1,8W, 13 mA, 2100K, 80 lm, 80Ra.<br \/>\nPaloaika n. 15 000 h, 12 500 sytytyskertaa.<br \/>\nK\u00e4ytt\u00f6l\u00e4mp\u00f6tila: -20\u00b0 &#8211; +40\u00b0C.<br \/>\nEnergialuokka: A+.<br \/>\n220-240VAC.<\/p>\n<p>Mitat: 135.0 mm x 80.0 mm x 80.0 mm<\/p>\n","protected":false},"excerpt":{"rendered":"<p>Decoration LED lamppu, savunharmaa lasi. IP20. E27, 1,8W, 13 mA, 2100K, 80 lm, 80Ra. Paloaika n. 15 000 h, 12 500 sytytyskertaa. K\u00e4ytt\u00f6l\u00e4mp\u00f6tila: -20\u00b0 &#8211; +40\u00b0C. Energialuokka: A+. 220-240VAC. Mitat: 135.0 mm x 80.0 mm x 80.0 mm<\/p>\n","protected":false},"featured_media":8682,"comment_status":"closed","ping_status":"closed","template":"","meta":[],"product_brand":[],"product_cat":[185,189],"product_tag":[],"class_list":{"0":"post-8679","1":"product","2":"type-product","3":"status-publish","4":"has-post-thumbnail","6":"product_cat-lamput","7":"product_cat-muut-ledlamput","9":"first","10":"instock","11":"taxable","12":"shipping-taxable","13":"purchasable","14":"product-type-simple"},"_links":{"self":[{"href":"https:\/\/www.ksttukku.fi\/kauppa\/wp-json\/wp\/v2\/product\/8679","targetHints":{"allow":["GET"]}}],"collection":[{"href":"https:\/\/www.ksttukku.fi\/kauppa\/wp-json\/wp\/v2\/product"}],"about":[{"href":"https:\/\/www.ksttukku.fi\/kauppa\/wp-json\/wp\/v2\/types\/product"}],"replies":[{"embeddable":true,"href":"https:\/\/www.ksttukku.fi\/kauppa\/wp-json\/wp\/v2\/comments?post=8679"}],"wp:featuredmedia":[{"embeddable":true,"href":"https:\/\/www.ksttukku.fi\/kauppa\/wp-json\/wp\/v2\/media\/8682"}],"wp:attachment":[{"href":"https:\/\/www.ksttukku.fi\/kauppa\/wp-json\/wp\/v2\/media?parent=8679"}],"wp:term":[{"taxonomy":"product_brand","embeddable":true,"href":"https:\/\/www.ksttukku.fi\/kauppa\/wp-json\/wp\/v2\/product_brand?post=8679"},{"taxonomy":"product_cat","embeddable":true,"href":"https:\/\/www.ksttukku.fi\/kauppa\/wp-json\/wp\/v2\/product_cat?post=8679"},{"taxonomy":"product_tag","embeddable":true,"href":"https:\/\/www.ksttukku.fi\/kauppa\/wp-json\/wp\/v2\/product_tag?post=8679"}],"curies":[{"name":"wp","href":"https:\/\/api.w.org\/{rel}","templated":true}]}}