{"id":8692,"date":"2021-11-02T18:27:36","date_gmt":"2021-11-02T16:27:36","guid":{"rendered":"https:\/\/www.ksttukku.fi\/kauppa\/?post_type=product&#038;p=8692"},"modified":"2021-11-03T18:55:01","modified_gmt":"2021-11-03T16:55:01","slug":"antiikkilamppu-g95-e27-4w-230lm-himmennettava-amber","status":"publish","type":"product","link":"https:\/\/www.ksttukku.fi\/kauppa\/tuote\/antiikkilamppu-g95-e27-4w-230lm-himmennettava-amber\/","title":{"rendered":"Antiikkilamppu G95\/E27 4W 230lm himmennett\u00e4v\u00e4, amber"},"content":{"rendered":"<p>Himmennett\u00e4v\u00e4 antiikkilamppu tunnelman luojaksi kodin eri tiloihin.<\/p>\n<p>Kupu\/Kanta: G95\/E27<\/p>\n<p>Teho: 4W<\/p>\n<p>Valovirta: 230 lm<\/p>\n<p>V\u00e4ril\u00e4mp\u00f6tila: 2200 K<\/p>\n<p>K\u00e4ytt\u00f6j\u00e4nnite: 230 V<\/p>\n<p>Valonjakokulma: 360\u00b0<\/p>\n<p>CRI&gt;90<\/p>\n<p>IP20<\/p>\n<p>Mitat: \u220595 x 138 mm<\/p>\n<p>Materiaali: lasi\/ter\u00e4s<\/p>\n<p>K\u00e4ytt\u00f6l\u00e4mp\u00f6tila: -20\u00b0C-+35\u00b0C<\/p>\n<p>Elinik\u00e4: 15000 h<\/p>\n<p>&nbsp;<\/p>\n","protected":false},"excerpt":{"rendered":"<p>Himmennett\u00e4v\u00e4 antiikkilamppu tunnelman luojaksi kodin eri tiloihin. Kupu\/Kanta: G95\/E27 Teho: 4W Valovirta: 230 lm V\u00e4ril\u00e4mp\u00f6tila: 2200 K K\u00e4ytt\u00f6j\u00e4nnite: 230 V Valonjakokulma: 360\u00b0 CRI&gt;90 IP20 Mitat: \u220595 x 138 mm Materiaali: lasi\/ter\u00e4s K\u00e4ytt\u00f6l\u00e4mp\u00f6tila: -20\u00b0C-+35\u00b0C Elinik\u00e4: 15000 h &nbsp;<\/p>\n","protected":false},"featured_media":8693,"comment_status":"closed","ping_status":"closed","template":"","meta":[],"product_brand":[],"product_cat":[188,185,189],"product_tag":[],"class_list":{"0":"post-8692","1":"product","2":"type-product","3":"status-publish","4":"has-post-thumbnail","6":"product_cat-himmennettavat-lamput","7":"product_cat-lamput","8":"product_cat-muut-ledlamput","10":"first","11":"instock","12":"taxable","13":"shipping-taxable","14":"purchasable","15":"product-type-simple"},"_links":{"self":[{"href":"https:\/\/www.ksttukku.fi\/kauppa\/wp-json\/wp\/v2\/product\/8692","targetHints":{"allow":["GET"]}}],"collection":[{"href":"https:\/\/www.ksttukku.fi\/kauppa\/wp-json\/wp\/v2\/product"}],"about":[{"href":"https:\/\/www.ksttukku.fi\/kauppa\/wp-json\/wp\/v2\/types\/product"}],"replies":[{"embeddable":true,"href":"https:\/\/www.ksttukku.fi\/kauppa\/wp-json\/wp\/v2\/comments?post=8692"}],"wp:featuredmedia":[{"embeddable":true,"href":"https:\/\/www.ksttukku.fi\/kauppa\/wp-json\/wp\/v2\/media\/8693"}],"wp:attachment":[{"href":"https:\/\/www.ksttukku.fi\/kauppa\/wp-json\/wp\/v2\/media?parent=8692"}],"wp:term":[{"taxonomy":"product_brand","embeddable":true,"href":"https:\/\/www.ksttukku.fi\/kauppa\/wp-json\/wp\/v2\/product_brand?post=8692"},{"taxonomy":"product_cat","embeddable":true,"href":"https:\/\/www.ksttukku.fi\/kauppa\/wp-json\/wp\/v2\/product_cat?post=8692"},{"taxonomy":"product_tag","embeddable":true,"href":"https:\/\/www.ksttukku.fi\/kauppa\/wp-json\/wp\/v2\/product_tag?post=8692"}],"curies":[{"name":"wp","href":"https:\/\/api.w.org\/{rel}","templated":true}]}}