{"id":8695,"date":"2021-11-02T19:03:10","date_gmt":"2021-11-02T17:03:10","guid":{"rendered":"https:\/\/www.ksttukku.fi\/kauppa\/?post_type=product&#038;p=8695"},"modified":"2021-11-02T19:03:11","modified_gmt":"2021-11-02T17:03:11","slug":"led-lamppu-e27-g95-plain-amber-2000k-80lm","status":"publish","type":"product","link":"https:\/\/www.ksttukku.fi\/kauppa\/tuote\/led-lamppu-e27-g95-plain-amber-2000k-80lm\/","title":{"rendered":"LED-lamppu E27 G95 Plain Amber 2000K 80lm"},"content":{"rendered":"<p>Decoration LED filamentti. V\u00e4ri: amber.<br \/>\nIP44. E27. 0,75W. 10 mA. 80 lm. 2000K. 80Ra.<br \/>\nPaloaika noin 15 000 h, sytytyskertoja n. 12 500.<br \/>\nK\u00e4ytt\u00f6l\u00e4mp\u00f6tila: -20\u00b0 &#8211; +40\u00b0C.<br \/>\nEnergialuokka A++.<br \/>\n220-240VAC.<\/p>\n<p>Mitat: 95.0 mm x 145.0 mm x 95.0 mm<\/p>\n","protected":false},"excerpt":{"rendered":"<p>Decoration LED filamentti. V\u00e4ri: amber. IP44. E27. 0,75W. 10 mA. 80 lm. 2000K. 80Ra. Paloaika noin 15 000 h, sytytyskertoja n. 12 500. K\u00e4ytt\u00f6l\u00e4mp\u00f6tila: -20\u00b0 &#8211; +40\u00b0C. Energialuokka A++. 220-240VAC. Mitat: 95.0 mm x 145.0 mm x 95.0 mm<\/p>\n","protected":false},"featured_media":8693,"comment_status":"closed","ping_status":"closed","template":"","meta":[],"product_brand":[],"product_cat":[185,189],"product_tag":[],"class_list":{"0":"post-8695","1":"product","2":"type-product","3":"status-publish","4":"has-post-thumbnail","6":"product_cat-lamput","7":"product_cat-muut-ledlamput","9":"first","10":"instock","11":"taxable","12":"shipping-taxable","13":"purchasable","14":"product-type-simple"},"_links":{"self":[{"href":"https:\/\/www.ksttukku.fi\/kauppa\/wp-json\/wp\/v2\/product\/8695","targetHints":{"allow":["GET"]}}],"collection":[{"href":"https:\/\/www.ksttukku.fi\/kauppa\/wp-json\/wp\/v2\/product"}],"about":[{"href":"https:\/\/www.ksttukku.fi\/kauppa\/wp-json\/wp\/v2\/types\/product"}],"replies":[{"embeddable":true,"href":"https:\/\/www.ksttukku.fi\/kauppa\/wp-json\/wp\/v2\/comments?post=8695"}],"wp:featuredmedia":[{"embeddable":true,"href":"https:\/\/www.ksttukku.fi\/kauppa\/wp-json\/wp\/v2\/media\/8693"}],"wp:attachment":[{"href":"https:\/\/www.ksttukku.fi\/kauppa\/wp-json\/wp\/v2\/media?parent=8695"}],"wp:term":[{"taxonomy":"product_brand","embeddable":true,"href":"https:\/\/www.ksttukku.fi\/kauppa\/wp-json\/wp\/v2\/product_brand?post=8695"},{"taxonomy":"product_cat","embeddable":true,"href":"https:\/\/www.ksttukku.fi\/kauppa\/wp-json\/wp\/v2\/product_cat?post=8695"},{"taxonomy":"product_tag","embeddable":true,"href":"https:\/\/www.ksttukku.fi\/kauppa\/wp-json\/wp\/v2\/product_tag?post=8695"}],"curies":[{"name":"wp","href":"https:\/\/api.w.org\/{rel}","templated":true}]}}