{"id":8703,"date":"2021-11-03T18:05:51","date_gmt":"2021-11-03T16:05:51","guid":{"rendered":"https:\/\/www.ksttukku.fi\/kauppa\/?post_type=product&#038;p=8703"},"modified":"2021-11-03T18:05:51","modified_gmt":"2021-11-03T16:05:51","slug":"housuteline-roller-5m-valkoinen","status":"publish","type":"product","link":"https:\/\/www.ksttukku.fi\/kauppa\/tuote\/housuteline-roller-5m-valkoinen\/","title":{"rendered":"Housuteline roller 5m valkoinen"},"content":{"rendered":"<p>K\u00e4yt\u00e4nn\u00f6llinen housuteline Roller M50 valkoinen, 500mm syv\u00e4. Soft roll ominaisuus takaa hiljaisen liikeradan. 7 piikki\u00e4, joissa erityinen pinnoite jonka avulla vaate pysyy paikallaan. Kiskot tilattava erikseen.<\/p>\n","protected":false},"excerpt":{"rendered":"<p>K\u00e4yt\u00e4nn\u00f6llinen housuteline Roller M50 valkoinen, 500mm syv\u00e4. Soft roll ominaisuus takaa hiljaisen liikeradan. 7 piikki\u00e4, joissa erityinen pinnoite jonka avulla vaate pysyy paikallaan. Kiskot tilattava erikseen.<\/p>\n","protected":false},"featured_media":8704,"comment_status":"closed","ping_status":"closed","template":"","meta":[],"product_brand":[],"product_cat":[462,460],"product_tag":[],"class_list":{"0":"post-8703","1":"product","2":"type-product","3":"status-publish","4":"has-post-thumbnail","6":"product_cat-roller-rullakiskokorit","7":"product_cat-sailytysjarjestelmat","9":"first","10":"instock","11":"taxable","12":"shipping-taxable","13":"purchasable","14":"product-type-simple"},"_links":{"self":[{"href":"https:\/\/www.ksttukku.fi\/kauppa\/wp-json\/wp\/v2\/product\/8703","targetHints":{"allow":["GET"]}}],"collection":[{"href":"https:\/\/www.ksttukku.fi\/kauppa\/wp-json\/wp\/v2\/product"}],"about":[{"href":"https:\/\/www.ksttukku.fi\/kauppa\/wp-json\/wp\/v2\/types\/product"}],"replies":[{"embeddable":true,"href":"https:\/\/www.ksttukku.fi\/kauppa\/wp-json\/wp\/v2\/comments?post=8703"}],"wp:featuredmedia":[{"embeddable":true,"href":"https:\/\/www.ksttukku.fi\/kauppa\/wp-json\/wp\/v2\/media\/8704"}],"wp:attachment":[{"href":"https:\/\/www.ksttukku.fi\/kauppa\/wp-json\/wp\/v2\/media?parent=8703"}],"wp:term":[{"taxonomy":"product_brand","embeddable":true,"href":"https:\/\/www.ksttukku.fi\/kauppa\/wp-json\/wp\/v2\/product_brand?post=8703"},{"taxonomy":"product_cat","embeddable":true,"href":"https:\/\/www.ksttukku.fi\/kauppa\/wp-json\/wp\/v2\/product_cat?post=8703"},{"taxonomy":"product_tag","embeddable":true,"href":"https:\/\/www.ksttukku.fi\/kauppa\/wp-json\/wp\/v2\/product_tag?post=8703"}],"curies":[{"name":"wp","href":"https:\/\/api.w.org\/{rel}","templated":true}]}}