{"id":8709,"date":"2021-11-03T18:30:49","date_gmt":"2021-11-03T16:30:49","guid":{"rendered":"https:\/\/www.ksttukku.fi\/kauppa\/?post_type=product&#038;p=8709"},"modified":"2021-11-03T18:53:33","modified_gmt":"2021-11-03T16:53:33","slug":"led-lamppu-e27-g95-graphic-diamond-2700k-180lm","status":"publish","type":"product","link":"https:\/\/www.ksttukku.fi\/kauppa\/tuote\/led-lamppu-e27-g95-graphic-diamond-2700k-180lm\/","title":{"rendered":"LED-lamppu E27 G95 Graphic Diamond 2700K 180lm"},"content":{"rendered":"<p>Decoration LED-lamppu Graphic Diamond. Himmennett\u00e4v\u00e4.<br \/>\nIP20. E27, 4W, 19 mA, 2700K, 180 lm, Ra 80.<br \/>\nPaloaika n. 15 000 h, 7 500 sytytyskertaa.<br \/>\nL\u00e4mp\u00f6tila: -20\u00b0 &#8211; +40\u00b0C.<br \/>\nSyttymisaika: &lt;1 s<br \/>\nEnergialuokka: A.<br \/>\n220-240V AC.<\/p>\n<p>Mitat: 140.0 mm x 95.0 mm x 95.0 mm<\/p>\n","protected":false},"excerpt":{"rendered":"<p>Decoration LED-lamppu Graphic Diamond. Himmennett\u00e4v\u00e4. IP20. E27, 4W, 19 mA, 2700K, 180 lm, Ra 80. Paloaika n. 15 000 h, 7 500 sytytyskertaa. L\u00e4mp\u00f6tila: -20\u00b0 &#8211; +40\u00b0C. Syttymisaika: &lt;1 s Energialuokka: A. 220-240V AC. Mitat: 140.0 mm x 95.0 mm x 95.0 mm<\/p>\n","protected":false},"featured_media":8713,"comment_status":"closed","ping_status":"closed","template":"","meta":[],"product_brand":[],"product_cat":[188,185,189],"product_tag":[],"class_list":{"0":"post-8709","1":"product","2":"type-product","3":"status-publish","4":"has-post-thumbnail","6":"product_cat-himmennettavat-lamput","7":"product_cat-lamput","8":"product_cat-muut-ledlamput","10":"first","11":"instock","12":"taxable","13":"shipping-taxable","14":"purchasable","15":"product-type-simple"},"_links":{"self":[{"href":"https:\/\/www.ksttukku.fi\/kauppa\/wp-json\/wp\/v2\/product\/8709","targetHints":{"allow":["GET"]}}],"collection":[{"href":"https:\/\/www.ksttukku.fi\/kauppa\/wp-json\/wp\/v2\/product"}],"about":[{"href":"https:\/\/www.ksttukku.fi\/kauppa\/wp-json\/wp\/v2\/types\/product"}],"replies":[{"embeddable":true,"href":"https:\/\/www.ksttukku.fi\/kauppa\/wp-json\/wp\/v2\/comments?post=8709"}],"wp:featuredmedia":[{"embeddable":true,"href":"https:\/\/www.ksttukku.fi\/kauppa\/wp-json\/wp\/v2\/media\/8713"}],"wp:attachment":[{"href":"https:\/\/www.ksttukku.fi\/kauppa\/wp-json\/wp\/v2\/media?parent=8709"}],"wp:term":[{"taxonomy":"product_brand","embeddable":true,"href":"https:\/\/www.ksttukku.fi\/kauppa\/wp-json\/wp\/v2\/product_brand?post=8709"},{"taxonomy":"product_cat","embeddable":true,"href":"https:\/\/www.ksttukku.fi\/kauppa\/wp-json\/wp\/v2\/product_cat?post=8709"},{"taxonomy":"product_tag","embeddable":true,"href":"https:\/\/www.ksttukku.fi\/kauppa\/wp-json\/wp\/v2\/product_tag?post=8709"}],"curies":[{"name":"wp","href":"https:\/\/api.w.org\/{rel}","templated":true}]}}