{"id":8773,"date":"2021-11-12T18:08:19","date_gmt":"2021-11-12T16:08:19","guid":{"rendered":"https:\/\/www.ksttukku.fi\/kauppa\/?post_type=product&#038;p=8773"},"modified":"2021-11-12T18:08:19","modified_gmt":"2021-11-12T16:08:19","slug":"poydanjalka-pilar-710mm-mattamusta","status":"publish","type":"product","link":"https:\/\/www.ksttukku.fi\/kauppa\/tuote\/poydanjalka-pilar-710mm-mattamusta\/","title":{"rendered":"P\u00f6yd\u00e4njalka Pilar 710mm mattamusta"},"content":{"rendered":"<p>Uutuus p\u00f6yd\u00e4njalka Pilar 60x60mm, korkeus 710mm. P\u00f6yd\u00e4njalka kiinnitet\u00e4\u00e4n yl\u00e4p\u00e4\u00e4st\u00e4 alumiinisen laipan avulla. Alaosassa s\u00e4\u00e4t\u00f6tulppa, s\u00e4\u00e4t\u00f6 20mm. Jalka matta mustaksi maalattua ter\u00e4st\u00e4. Myyd\u00e4\u00e4n yksitt\u00e4in.<\/p>\n","protected":false},"excerpt":{"rendered":"<p>Uutuus p\u00f6yd\u00e4njalka Pilar 60x60mm, korkeus 710mm. P\u00f6yd\u00e4njalka kiinnitet\u00e4\u00e4n yl\u00e4p\u00e4\u00e4st\u00e4 alumiinisen laipan avulla. Alaosassa s\u00e4\u00e4t\u00f6tulppa, s\u00e4\u00e4t\u00f6 20mm. Jalka matta mustaksi maalattua ter\u00e4st\u00e4. Myyd\u00e4\u00e4n yksitt\u00e4in.<\/p>\n","protected":false},"featured_media":8775,"comment_status":"closed","ping_status":"closed","template":"","meta":[],"product_brand":[],"product_cat":[458],"product_tag":[],"class_list":{"0":"post-8773","1":"product","2":"type-product","3":"status-publish","4":"has-post-thumbnail","6":"product_cat-poydanjalat","8":"first","9":"instock","10":"taxable","11":"shipping-taxable","12":"purchasable","13":"product-type-simple"},"_links":{"self":[{"href":"https:\/\/www.ksttukku.fi\/kauppa\/wp-json\/wp\/v2\/product\/8773","targetHints":{"allow":["GET"]}}],"collection":[{"href":"https:\/\/www.ksttukku.fi\/kauppa\/wp-json\/wp\/v2\/product"}],"about":[{"href":"https:\/\/www.ksttukku.fi\/kauppa\/wp-json\/wp\/v2\/types\/product"}],"replies":[{"embeddable":true,"href":"https:\/\/www.ksttukku.fi\/kauppa\/wp-json\/wp\/v2\/comments?post=8773"}],"wp:featuredmedia":[{"embeddable":true,"href":"https:\/\/www.ksttukku.fi\/kauppa\/wp-json\/wp\/v2\/media\/8775"}],"wp:attachment":[{"href":"https:\/\/www.ksttukku.fi\/kauppa\/wp-json\/wp\/v2\/media?parent=8773"}],"wp:term":[{"taxonomy":"product_brand","embeddable":true,"href":"https:\/\/www.ksttukku.fi\/kauppa\/wp-json\/wp\/v2\/product_brand?post=8773"},{"taxonomy":"product_cat","embeddable":true,"href":"https:\/\/www.ksttukku.fi\/kauppa\/wp-json\/wp\/v2\/product_cat?post=8773"},{"taxonomy":"product_tag","embeddable":true,"href":"https:\/\/www.ksttukku.fi\/kauppa\/wp-json\/wp\/v2\/product_tag?post=8773"}],"curies":[{"name":"wp","href":"https:\/\/api.w.org\/{rel}","templated":true}]}}