{"id":8810,"date":"2021-11-20T15:28:22","date_gmt":"2021-11-20T13:28:22","guid":{"rendered":"https:\/\/www.ksttukku.fi\/kauppa\/?post_type=product&#038;p=8810"},"modified":"2024-05-06T15:10:31","modified_gmt":"2024-05-06T12:10:31","slug":"einhell-akkulehtipuhallin-ge-lb-36-210-li-e-solo","status":"publish","type":"product","link":"https:\/\/www.ksttukku.fi\/kauppa\/tuote\/einhell-akkulehtipuhallin-ge-lb-36-210-li-e-solo\/","title":{"rendered":"Einhell akkulehtipuhallin GE-LB 36\/210 Li E Solo"},"content":{"rendered":"<p><span id=\"data1\" class=\"pt1\">Kolmiosainen puhallusputken pituus on s\u00e4\u00e4dett\u00e4viss\u00e4 helposti ilman ty\u00f6kaluja, joten laite sopii hyvin kaikenkokoisille k\u00e4ytt\u00e4jille. Hiiliharjaton moottori takaa pitemm\u00e4n k\u00e4ytt\u00f6ajan ja suuremman tehon. Kantohihnan avulla puhallinta on mukava k\u00e4ytt\u00e4\u00e4. Katso video ja tutustu tuotteeseen tarkemmin!<\/span><\/p>\n<p><span id=\"data1\" class=\"pt1\">https:\/\/youtu.be\/MDJBoLE8tWs<br \/>\n<\/span><\/p>\n<p><span id=\"data1\" class=\"pt1\">Lehtipuhallin toimii johdottomasti kahdella 18 V Einhell Power X-Change sarjan akulla. Akut ja laturi eiv\u00e4t sis\u00e4lly toimitukseen.<\/span><\/p>\n<p>Varustus:<br \/>\nturbotoiminnolla maksimipuhallusteho 816 m\u00b3\/h<br \/>\nhiiliharjaton moottori<br \/>\nelektroninen kierrosluvun s\u00e4\u00e4t\u00f6<br \/>\ns\u00e4\u00e4dett\u00e4v\u00e4 3-osainen putki<br \/>\ntasapainoitettu pehmustettu kahva ergonomiseen ty\u00f6skentelyyn<br \/>\nkantohihna<br \/>\nkest\u00e4v\u00e4 metallirengas putken p\u00e4\u00e4ss\u00e4<br \/>\nhelppo s\u00e4ilytys sill\u00e4 laite ripustettavissa sein\u00e4lle<br \/>\nEinhell Power X-Change akkutuoteperheen runkokone, 2 x 18 V PXC-akkua tarvitaan, toimitus ilman akkuja ja laturia<\/p>\n<p>Tekniset tiedot:<br \/>\njoutok\u00e4yntikierrosluku 22300 min-1<br \/>\npuhallusnopeus 210 km\/h<br \/>\nmaksimipuhallusteho 816 m\u00b3\/h<\/p>\n<p>Tuotteen paino: 2,45 kg<\/p>\n<p>&nbsp;<\/p>\n","protected":false},"excerpt":{"rendered":"<p>Akkulehtipuhallin GE-LB 36\/210 Li E Solo on kevyt mutta tehokas 36 V puhallin kotipihojen puhtaanapitoon. Elektronisen kierrosnopeuden s\u00e4\u00e4d\u00f6n ansiosta puhallustehon voi s\u00e4\u00e4t\u00e4\u00e4 tarkasti k\u00e4ytt\u00f6tarpeen mukaan. Erityisen tehokasta puhallusta tarvittaessa voidaan aktivoida turbokytkin, niin saadaan jopa 816 m\u00b3\/h puhallusteho!<\/p>\n","protected":false},"featured_media":8811,"comment_status":"closed","ping_status":"closed","template":"","meta":[],"product_brand":[],"product_cat":[208,207],"product_tag":[],"class_list":{"0":"post-8810","1":"product","2":"type-product","3":"status-publish","4":"has-post-thumbnail","6":"product_cat-akkutyokalut","7":"product_cat-koneet-tyokalut","9":"first","10":"outofstock","11":"taxable","12":"shipping-taxable","13":"purchasable","14":"product-type-simple"},"_links":{"self":[{"href":"https:\/\/www.ksttukku.fi\/kauppa\/wp-json\/wp\/v2\/product\/8810","targetHints":{"allow":["GET"]}}],"collection":[{"href":"https:\/\/www.ksttukku.fi\/kauppa\/wp-json\/wp\/v2\/product"}],"about":[{"href":"https:\/\/www.ksttukku.fi\/kauppa\/wp-json\/wp\/v2\/types\/product"}],"replies":[{"embeddable":true,"href":"https:\/\/www.ksttukku.fi\/kauppa\/wp-json\/wp\/v2\/comments?post=8810"}],"wp:featuredmedia":[{"embeddable":true,"href":"https:\/\/www.ksttukku.fi\/kauppa\/wp-json\/wp\/v2\/media\/8811"}],"wp:attachment":[{"href":"https:\/\/www.ksttukku.fi\/kauppa\/wp-json\/wp\/v2\/media?parent=8810"}],"wp:term":[{"taxonomy":"product_brand","embeddable":true,"href":"https:\/\/www.ksttukku.fi\/kauppa\/wp-json\/wp\/v2\/product_brand?post=8810"},{"taxonomy":"product_cat","embeddable":true,"href":"https:\/\/www.ksttukku.fi\/kauppa\/wp-json\/wp\/v2\/product_cat?post=8810"},{"taxonomy":"product_tag","embeddable":true,"href":"https:\/\/www.ksttukku.fi\/kauppa\/wp-json\/wp\/v2\/product_tag?post=8810"}],"curies":[{"name":"wp","href":"https:\/\/api.w.org\/{rel}","templated":true}]}}