{"id":8822,"date":"2021-11-22T18:35:24","date_gmt":"2021-11-22T16:35:24","guid":{"rendered":"https:\/\/www.ksttukku.fi\/kauppa\/?post_type=product&#038;p=8822"},"modified":"2021-11-22T18:35:24","modified_gmt":"2021-11-22T16:35:24","slug":"poydanjalka-60x710mm-pyoralla-kromattu","status":"publish","type":"product","link":"https:\/\/www.ksttukku.fi\/kauppa\/tuote\/poydanjalka-60x710mm-pyoralla-kromattu\/","title":{"rendered":"P\u00f6yd\u00e4njalka 60x710mm py\u00f6r\u00e4ll\u00e4 kromattu"},"content":{"rendered":"<p>P\u00f6yd\u00e4njalka 710 mm py\u00f6r\u00e4ll\u00e4, kromattu. \u00d8 60 mm. Mahdollista lukita niin ettei py\u00f6r\u00e4 k\u00e4\u00e4nny eik\u00e4 py\u00f6ri. Myyd\u00e4\u00e4n yksitt\u00e4in. Ei lyhennett\u00e4viss\u00e4, py\u00f6r\u00e4osan kiinnitys samoin kuin laipan.<\/p>\n","protected":false},"excerpt":{"rendered":"<p>P\u00f6yd\u00e4njalka 710 mm py\u00f6r\u00e4ll\u00e4, kromattu. \u00d8 60 mm. Mahdollista lukita niin ettei py\u00f6r\u00e4 k\u00e4\u00e4nny eik\u00e4 py\u00f6ri. Myyd\u00e4\u00e4n yksitt\u00e4in. Ei lyhennett\u00e4viss\u00e4, py\u00f6r\u00e4osan kiinnitys samoin kuin laipan.<\/p>\n","protected":false},"featured_media":8823,"comment_status":"closed","ping_status":"closed","template":"","meta":[],"product_brand":[],"product_cat":[458],"product_tag":[],"class_list":{"0":"post-8822","1":"product","2":"type-product","3":"status-publish","4":"has-post-thumbnail","6":"product_cat-poydanjalat","8":"first","9":"instock","10":"taxable","11":"shipping-taxable","12":"purchasable","13":"product-type-simple"},"_links":{"self":[{"href":"https:\/\/www.ksttukku.fi\/kauppa\/wp-json\/wp\/v2\/product\/8822","targetHints":{"allow":["GET"]}}],"collection":[{"href":"https:\/\/www.ksttukku.fi\/kauppa\/wp-json\/wp\/v2\/product"}],"about":[{"href":"https:\/\/www.ksttukku.fi\/kauppa\/wp-json\/wp\/v2\/types\/product"}],"replies":[{"embeddable":true,"href":"https:\/\/www.ksttukku.fi\/kauppa\/wp-json\/wp\/v2\/comments?post=8822"}],"wp:featuredmedia":[{"embeddable":true,"href":"https:\/\/www.ksttukku.fi\/kauppa\/wp-json\/wp\/v2\/media\/8823"}],"wp:attachment":[{"href":"https:\/\/www.ksttukku.fi\/kauppa\/wp-json\/wp\/v2\/media?parent=8822"}],"wp:term":[{"taxonomy":"product_brand","embeddable":true,"href":"https:\/\/www.ksttukku.fi\/kauppa\/wp-json\/wp\/v2\/product_brand?post=8822"},{"taxonomy":"product_cat","embeddable":true,"href":"https:\/\/www.ksttukku.fi\/kauppa\/wp-json\/wp\/v2\/product_cat?post=8822"},{"taxonomy":"product_tag","embeddable":true,"href":"https:\/\/www.ksttukku.fi\/kauppa\/wp-json\/wp\/v2\/product_tag?post=8822"}],"curies":[{"name":"wp","href":"https:\/\/api.w.org\/{rel}","templated":true}]}}