{"id":8848,"date":"2021-11-25T19:00:13","date_gmt":"2021-11-25T17:00:13","guid":{"rendered":"https:\/\/www.ksttukku.fi\/kauppa\/?post_type=product&#038;p=8848"},"modified":"2024-05-06T15:18:58","modified_gmt":"2024-05-06T12:18:58","slug":"einhell-alylaturi-ce-bc-6m","status":"publish","type":"product","link":"https:\/\/www.ksttukku.fi\/kauppa\/tuote\/einhell-alylaturi-ce-bc-6m\/","title":{"rendered":"Einhell \u00e4lylaturi CE-BC 6M"},"content":{"rendered":"<p><span id=\"data1\" class=\"pt1\">Einhell \u00e4lylaturi CE-BC 6 M on mikroprosessoriohjattu automaattinen latauslaite eli se soveltuu erityisesti huoltoa tarvitsemattomien akkujen lataamiseen sek\u00e4 sellaisten akkujen pitk\u00e4aikaiseen lataamiseen<br \/>\nja lataustason s\u00e4ilytt\u00e4miseen, joita ei k\u00e4ytet\u00e4 jatkuvasti, kuten museoautojen, vapaa-ajan ajoneuvojen ja p\u00e4\u00e4ll\u00e4 istuttavien ruohonleikkurien akut. Integroidun mikroprosessorin vuoksi lataaminen tapahtuu useammassa vaiheessa. Viimeinen eli lataustason s\u00e4ilytt\u00e4v\u00e4 vaihe pit\u00e4\u00e4 lataustason 95 &#8211; 100 %, niin ett\u00e4 akku on aina ladattu t\u00e4yteen. Lataamista ei tarvitse valvoa.<\/span><\/p>\n<p>Ominaisuudet:<br \/>\n&#8211; \u00e4lyk\u00e4s mikroprosessoriohjattu akkulaturi<br \/>\n&#8211; monivaiheinen mikroprosessiohjattu lataus<br \/>\n&#8211; yleislatauslaite kaikenlaisille akkutyypeille, kuten geeliakuille, AGM-akuille, huoltoa tarvitseville ja tarvitsemattomille lyijyhappoakuille jne.<br \/>\n&#8211; latausj\u00e4nnitte 12 V ajoneuvoille<br \/>\n&#8211; suojaluokka IP65 (p\u00f6ly- ja roiskevesisuojattu)<br \/>\n&#8211; yll\u00e4pitolataustoiminto jatkuvan ideaalin lataustason s\u00e4ilytt\u00e4miseen<br \/>\n&#8211; optimaalinen ratkaisu kausiajoneuvoille, jotka saattavat ovat pitempi\u00e4 aikoja k\u00e4ytt\u00e4m\u00e4tt\u00e4<br \/>\n&#8211; talvitoiminto alle 5\u00b0 C ulkol\u00e4mp\u00f6tiloja varten<br \/>\n&#8211; her\u00e4ttelytoiminto syv\u00e4purkautuneille akuille<br \/>\n&#8211; virtal\u00e4hdetoiminto akun latauksen tai vaihdon ajaksi<br \/>\n&#8211; k\u00e4ytt\u00f6 pident\u00e4\u00e4 akun k\u00e4ytt\u00f6ik\u00e4\u00e4<br \/>\n&#8211; led-n\u00e4ytt\u00f6 ilmaisee mm. akun j\u00e4nnitteen ja latauksen edistymisen<br \/>\n&#8211; elektroniset ylilataus-, oikosulku- ja v\u00e4\u00e4r\u00e4napaisuussuojat<br \/>\n&#8211; suojaeristetyt napapihdit<br \/>\n&#8211; sein\u00e4kiinnitysmahdollisuus<\/p>\n<p>Tekniset tiedot:<br \/>\nverkkoj\u00e4nnite: 220 &#8211; 240 V ~ 50 Hz<br \/>\nlatausj\u00e4nnite: 12 V tasavirta<br \/>\nakuille, joiden varauskyky: 3-150 Ah (min\/max Ah)<br \/>\nnimellisantovirta 12 V: 6 A<\/p>\n","protected":false},"excerpt":{"rendered":"<p>Einhell Expert akkulaturi CE-BC 6 M on \u00e4lyk\u00e4s moniportaisella latauksella ja mikroprosessoriohjauksella varustettu yleislaturi 12 V ajoneuvoakkujen lataukseen ja latauksen yll\u00e4pitoon. \u00c4lylaturi soveltuu akuille, joiden varauskyky on 3-150 Ah. Latausvirta 6 A.<\/p>\n","protected":false},"featured_media":8849,"comment_status":"closed","ping_status":"closed","template":"","meta":[],"product_brand":[],"product_cat":[367],"product_tag":[],"class_list":{"0":"post-8848","1":"product","2":"type-product","3":"status-publish","4":"has-post-thumbnail","6":"product_cat-autotarvikkeet","8":"first","9":"outofstock","10":"taxable","11":"shipping-taxable","12":"purchasable","13":"product-type-simple"},"_links":{"self":[{"href":"https:\/\/www.ksttukku.fi\/kauppa\/wp-json\/wp\/v2\/product\/8848","targetHints":{"allow":["GET"]}}],"collection":[{"href":"https:\/\/www.ksttukku.fi\/kauppa\/wp-json\/wp\/v2\/product"}],"about":[{"href":"https:\/\/www.ksttukku.fi\/kauppa\/wp-json\/wp\/v2\/types\/product"}],"replies":[{"embeddable":true,"href":"https:\/\/www.ksttukku.fi\/kauppa\/wp-json\/wp\/v2\/comments?post=8848"}],"wp:featuredmedia":[{"embeddable":true,"href":"https:\/\/www.ksttukku.fi\/kauppa\/wp-json\/wp\/v2\/media\/8849"}],"wp:attachment":[{"href":"https:\/\/www.ksttukku.fi\/kauppa\/wp-json\/wp\/v2\/media?parent=8848"}],"wp:term":[{"taxonomy":"product_brand","embeddable":true,"href":"https:\/\/www.ksttukku.fi\/kauppa\/wp-json\/wp\/v2\/product_brand?post=8848"},{"taxonomy":"product_cat","embeddable":true,"href":"https:\/\/www.ksttukku.fi\/kauppa\/wp-json\/wp\/v2\/product_cat?post=8848"},{"taxonomy":"product_tag","embeddable":true,"href":"https:\/\/www.ksttukku.fi\/kauppa\/wp-json\/wp\/v2\/product_tag?post=8848"}],"curies":[{"name":"wp","href":"https:\/\/api.w.org\/{rel}","templated":true}]}}