{"id":8855,"date":"2021-11-26T21:12:46","date_gmt":"2021-11-26T19:12:46","guid":{"rendered":"https:\/\/www.ksttukku.fi\/kauppa\/?post_type=product&#038;p=8855"},"modified":"2021-11-26T21:12:47","modified_gmt":"2021-11-26T19:12:47","slug":"led-maissilamppu-e27-27-w-3240lm-4500-k","status":"publish","type":"product","link":"https:\/\/www.ksttukku.fi\/kauppa\/tuote\/led-maissilamppu-e27-27-w-3240lm-4500-k\/","title":{"rendered":"LED-maissilamppu E27 27 W 3240lm 4500 K"},"content":{"rendered":"<p>Tehokas LED-maissilamppu.<\/p>\n<p>Kanta: E27<\/p>\n<p>Teho: 27W<\/p>\n<p>Valovirta: 3240 lm<\/p>\n<p>K\u00e4ytt\u00f6j\u00e4nnite: AC90-265\/277V<\/p>\n<p>Valonjakokulma: 360\u00b0<\/p>\n<p>V\u00e4ril\u00e4mp\u00f6tila: 4500 K<\/p>\n<p>K\u00e4ytt\u00f6ik\u00e4: 50000 h<\/p>\n<p>Mitat: \u2205 93 x 204 mm<\/p>\n<p>Hyv\u00e4ksynn\u00e4t: CE, RoHs<\/p>\n<p>PF&gt;0.95,<\/p>\n<p>CRI&gt;85<\/p>\n<p>LED: Samsung\/Epistar<\/p>\n<p>&nbsp;<\/p>\n","protected":false},"excerpt":{"rendered":"<p>Tehokas LED-maissilamppu. Kanta: E27 Teho: 27W Valovirta: 3240 lm K\u00e4ytt\u00f6j\u00e4nnite: AC90-265\/277V Valonjakokulma: 360\u00b0 V\u00e4ril\u00e4mp\u00f6tila: 4500 K K\u00e4ytt\u00f6ik\u00e4: 50000 h Mitat: \u2205 93 x 204 mm Hyv\u00e4ksynn\u00e4t: CE, RoHs PF&gt;0.95, CRI&gt;85 LED: Samsung\/Epistar &nbsp;<\/p>\n","protected":false},"featured_media":8857,"comment_status":"closed","ping_status":"closed","template":"","meta":[],"product_brand":[],"product_cat":[185,189],"product_tag":[],"class_list":{"0":"post-8855","1":"product","2":"type-product","3":"status-publish","4":"has-post-thumbnail","6":"product_cat-lamput","7":"product_cat-muut-ledlamput","9":"first","10":"instock","11":"taxable","12":"shipping-taxable","13":"purchasable","14":"product-type-simple"},"_links":{"self":[{"href":"https:\/\/www.ksttukku.fi\/kauppa\/wp-json\/wp\/v2\/product\/8855","targetHints":{"allow":["GET"]}}],"collection":[{"href":"https:\/\/www.ksttukku.fi\/kauppa\/wp-json\/wp\/v2\/product"}],"about":[{"href":"https:\/\/www.ksttukku.fi\/kauppa\/wp-json\/wp\/v2\/types\/product"}],"replies":[{"embeddable":true,"href":"https:\/\/www.ksttukku.fi\/kauppa\/wp-json\/wp\/v2\/comments?post=8855"}],"wp:featuredmedia":[{"embeddable":true,"href":"https:\/\/www.ksttukku.fi\/kauppa\/wp-json\/wp\/v2\/media\/8857"}],"wp:attachment":[{"href":"https:\/\/www.ksttukku.fi\/kauppa\/wp-json\/wp\/v2\/media?parent=8855"}],"wp:term":[{"taxonomy":"product_brand","embeddable":true,"href":"https:\/\/www.ksttukku.fi\/kauppa\/wp-json\/wp\/v2\/product_brand?post=8855"},{"taxonomy":"product_cat","embeddable":true,"href":"https:\/\/www.ksttukku.fi\/kauppa\/wp-json\/wp\/v2\/product_cat?post=8855"},{"taxonomy":"product_tag","embeddable":true,"href":"https:\/\/www.ksttukku.fi\/kauppa\/wp-json\/wp\/v2\/product_tag?post=8855"}],"curies":[{"name":"wp","href":"https:\/\/api.w.org\/{rel}","templated":true}]}}