{"id":89,"date":"2018-01-02T12:52:07","date_gmt":"2018-01-02T10:52:07","guid":{"rendered":"http:\/\/www.ksttukku.fi\/kauppa\/?post_type=product&#038;p=89"},"modified":"2025-12-11T17:39:23","modified_gmt":"2025-12-11T15:39:23","slug":"nagano-led-kattovalaisin-80w-6400lm","status":"publish","type":"product","link":"https:\/\/www.ksttukku.fi\/kauppa\/tuote\/nagano-led-kattovalaisin-80w-6400lm\/","title":{"rendered":"Nagano led-kattovalaisin 72W, 8500lm"},"content":{"rendered":"<p>Valaisinta voi himment\u00e4\u00e4 portaattomasti integroidulla valons\u00e4\u00e4timell\u00e4.<\/p>\n<p>Valon v\u00e4ri\u00e4 (v\u00e4ril\u00e4mp\u00f6tilaa kelvinasteina) voi s\u00e4\u00e4t\u00e4\u00e4 portaattomasti.<\/p>\n<p>Valaisimessa on y\u00f6valotoiminto<\/p>\n<p>Teho: 72 W<\/p>\n<p>Valovirta: 8500 lm<\/p>\n<p>Valaisimen koko: \u2205 790 mm, korkeus 108 mm<\/p>\n<p>V\u00e4ril\u00e4mp\u00f6: 3000 \u2013 5500 K<\/p>\n","protected":false},"excerpt":{"rendered":"<p>N\u00e4ytt\u00e4v\u00e4 valaisin jota on helppo ohjata toimitukseen sis\u00e4ltyv\u00e4ll\u00e4 kauko-ohjaimella.<\/p>\n<p>&nbsp;<\/p>\n<p>&nbsp;<\/p>\n","protected":false},"featured_media":90,"comment_status":"closed","ping_status":"closed","template":"","meta":[],"product_brand":[],"product_cat":[40,35,34],"product_tag":[],"class_list":{"0":"post-89","1":"product","2":"type-product","3":"status-publish","4":"has-post-thumbnail","6":"product_cat-kattovalaisimet","7":"product_cat-sisavalaisimet","8":"product_cat-valaisimet","10":"first","11":"instock","12":"sale","13":"taxable","14":"shipping-taxable","15":"purchasable","16":"product-type-simple"},"_links":{"self":[{"href":"https:\/\/www.ksttukku.fi\/kauppa\/wp-json\/wp\/v2\/product\/89","targetHints":{"allow":["GET"]}}],"collection":[{"href":"https:\/\/www.ksttukku.fi\/kauppa\/wp-json\/wp\/v2\/product"}],"about":[{"href":"https:\/\/www.ksttukku.fi\/kauppa\/wp-json\/wp\/v2\/types\/product"}],"replies":[{"embeddable":true,"href":"https:\/\/www.ksttukku.fi\/kauppa\/wp-json\/wp\/v2\/comments?post=89"}],"wp:featuredmedia":[{"embeddable":true,"href":"https:\/\/www.ksttukku.fi\/kauppa\/wp-json\/wp\/v2\/media\/90"}],"wp:attachment":[{"href":"https:\/\/www.ksttukku.fi\/kauppa\/wp-json\/wp\/v2\/media?parent=89"}],"wp:term":[{"taxonomy":"product_brand","embeddable":true,"href":"https:\/\/www.ksttukku.fi\/kauppa\/wp-json\/wp\/v2\/product_brand?post=89"},{"taxonomy":"product_cat","embeddable":true,"href":"https:\/\/www.ksttukku.fi\/kauppa\/wp-json\/wp\/v2\/product_cat?post=89"},{"taxonomy":"product_tag","embeddable":true,"href":"https:\/\/www.ksttukku.fi\/kauppa\/wp-json\/wp\/v2\/product_tag?post=89"}],"curies":[{"name":"wp","href":"https:\/\/api.w.org\/{rel}","templated":true}]}}