{"id":8938,"date":"2021-12-13T18:48:04","date_gmt":"2021-12-13T16:48:04","guid":{"rendered":"https:\/\/www.ksttukku.fi\/kauppa\/?post_type=product&#038;p=8938"},"modified":"2022-12-14T19:18:46","modified_gmt":"2022-12-14T17:18:46","slug":"keittiohana-flux-recta-mattamusta","status":"publish","type":"product","link":"https:\/\/www.ksttukku.fi\/kauppa\/tuote\/keittiohana-flux-recta-mattamusta\/","title":{"rendered":"Keitti\u00f6hana Flux Recta mattamusta"},"content":{"rendered":"<p>Flux Recta hanan muotoilu on ajatonta, jonka pehme\u00e4n virtaviivainen muoto antaa elegantista viimeistely\u00e4 kotisi tilaan. Hanassa on pesukoneliit\u00e4nt\u00e4, ja se sopii erinomaisesti keitti\u00f6\u00f6n sek\u00e4 kodinhoitohuoneeseen.<\/p>\n","protected":false},"excerpt":{"rendered":"<p>Materiaali: Messinki. QuickMount -pikakiinnitys. Pesukoneliit\u00e4nt\u00e4. V\u00e4ri: mattamusta.<\/p>\n","protected":false},"featured_media":8939,"comment_status":"closed","ping_status":"closed","template":"","meta":[],"product_brand":[],"product_cat":[374],"product_tag":[],"class_list":{"0":"post-8938","1":"product","2":"type-product","3":"status-publish","4":"has-post-thumbnail","6":"product_cat-hanat","8":"first","9":"outofstock","10":"taxable","11":"shipping-taxable","12":"purchasable","13":"product-type-simple"},"_links":{"self":[{"href":"https:\/\/www.ksttukku.fi\/kauppa\/wp-json\/wp\/v2\/product\/8938","targetHints":{"allow":["GET"]}}],"collection":[{"href":"https:\/\/www.ksttukku.fi\/kauppa\/wp-json\/wp\/v2\/product"}],"about":[{"href":"https:\/\/www.ksttukku.fi\/kauppa\/wp-json\/wp\/v2\/types\/product"}],"replies":[{"embeddable":true,"href":"https:\/\/www.ksttukku.fi\/kauppa\/wp-json\/wp\/v2\/comments?post=8938"}],"wp:featuredmedia":[{"embeddable":true,"href":"https:\/\/www.ksttukku.fi\/kauppa\/wp-json\/wp\/v2\/media\/8939"}],"wp:attachment":[{"href":"https:\/\/www.ksttukku.fi\/kauppa\/wp-json\/wp\/v2\/media?parent=8938"}],"wp:term":[{"taxonomy":"product_brand","embeddable":true,"href":"https:\/\/www.ksttukku.fi\/kauppa\/wp-json\/wp\/v2\/product_brand?post=8938"},{"taxonomy":"product_cat","embeddable":true,"href":"https:\/\/www.ksttukku.fi\/kauppa\/wp-json\/wp\/v2\/product_cat?post=8938"},{"taxonomy":"product_tag","embeddable":true,"href":"https:\/\/www.ksttukku.fi\/kauppa\/wp-json\/wp\/v2\/product_tag?post=8938"}],"curies":[{"name":"wp","href":"https:\/\/api.w.org\/{rel}","templated":true}]}}