{"id":896,"date":"2018-03-05T13:43:24","date_gmt":"2018-03-05T11:43:24","guid":{"rendered":"http:\/\/www.ksttukku.fi\/kauppa\/?post_type=product&#038;p=896"},"modified":"2026-01-28T12:41:40","modified_gmt":"2026-01-28T10:41:40","slug":"newton-kaytavamatto-80cm-redebony-22em","status":"publish","type":"product","link":"https:\/\/www.ksttukku.fi\/kauppa\/tuote\/newton-kaytavamatto-80cm-redebony-22em\/","title":{"rendered":"Newton k\u00e4yt\u00e4v\u00e4matto 80cm red\/ebony 24\u20ac\/m"},"content":{"rendered":"<p>Selke\u00e4 ja nykyaikainen kuosi antaa perinteiselle bukleematolle raikkaan ilmeen. Helppohoitoinen ja p\u00f6ly\u00e4m\u00e4t\u00f6n materiaali soveltuu kaikkiin kodin tiloihin.<br \/>\nYhdistele reippaasti neutraaleja harmaan ja beigen s\u00e4vyj\u00e4 pirte\u00e4\u00e4n punaiseen. Matossa on vahva ja liukumaton pohja. Hoitona s\u00e4\u00e4nn\u00f6llinen imurointi ja tuuletus. Vesipest\u00e4v\u00e4.<br \/>\nMateriaali: 100% polypropeenia<\/p>\n<p>Leveys: 80 cm<\/p>\n<p>V\u00e4ri: Red \/ ebony<\/p>\n","protected":false},"excerpt":{"rendered":"<p>Selke\u00e4 ja nykyaikainen kuosi antaa perinteiselle bukleematolle raikkaan ilmeen. Helppohoitoinen ja p\u00f6ly\u00e4m\u00e4t\u00f6n materiaali soveltuu kaikkiin kodin tiloihin. Yhdistele reippaasti neutraaleja harmaan ja beigen s\u00e4vyj\u00e4 pirte\u00e4\u00e4n punaiseen. Matossa on vahva ja liukumaton pohja. Hoitona s\u00e4\u00e4nn\u00f6llinen imurointi ja tuuletus. Vesipest\u00e4v\u00e4. Materiaali: 100% polypropeenia Leveys: 80 cm V\u00e4ri: Red \/ ebony<\/p>\n","protected":false},"featured_media":897,"comment_status":"closed","ping_status":"closed","template":"","meta":[],"product_brand":[],"product_cat":[23,22,66],"product_tag":[],"class_list":{"0":"post-896","1":"product","2":"type-product","3":"status-publish","4":"has-post-thumbnail","6":"product_cat-kaytava-ja-yleismatot","7":"product_cat-matot","8":"product_cat-newton","10":"first","11":"outofstock","12":"taxable","13":"shipping-taxable","14":"purchasable","15":"product-type-simple"},"_links":{"self":[{"href":"https:\/\/www.ksttukku.fi\/kauppa\/wp-json\/wp\/v2\/product\/896","targetHints":{"allow":["GET"]}}],"collection":[{"href":"https:\/\/www.ksttukku.fi\/kauppa\/wp-json\/wp\/v2\/product"}],"about":[{"href":"https:\/\/www.ksttukku.fi\/kauppa\/wp-json\/wp\/v2\/types\/product"}],"replies":[{"embeddable":true,"href":"https:\/\/www.ksttukku.fi\/kauppa\/wp-json\/wp\/v2\/comments?post=896"}],"wp:featuredmedia":[{"embeddable":true,"href":"https:\/\/www.ksttukku.fi\/kauppa\/wp-json\/wp\/v2\/media\/897"}],"wp:attachment":[{"href":"https:\/\/www.ksttukku.fi\/kauppa\/wp-json\/wp\/v2\/media?parent=896"}],"wp:term":[{"taxonomy":"product_brand","embeddable":true,"href":"https:\/\/www.ksttukku.fi\/kauppa\/wp-json\/wp\/v2\/product_brand?post=896"},{"taxonomy":"product_cat","embeddable":true,"href":"https:\/\/www.ksttukku.fi\/kauppa\/wp-json\/wp\/v2\/product_cat?post=896"},{"taxonomy":"product_tag","embeddable":true,"href":"https:\/\/www.ksttukku.fi\/kauppa\/wp-json\/wp\/v2\/product_tag?post=896"}],"curies":[{"name":"wp","href":"https:\/\/api.w.org\/{rel}","templated":true}]}}