{"id":8978,"date":"2021-12-21T15:41:50","date_gmt":"2021-12-21T13:41:50","guid":{"rendered":"https:\/\/www.ksttukku.fi\/kauppa\/?post_type=product&#038;p=8978"},"modified":"2026-04-21T14:49:35","modified_gmt":"2026-04-21T11:49:35","slug":"poydanjalka-kromi","status":"publish","type":"product","link":"https:\/\/www.ksttukku.fi\/kauppa\/tuote\/poydanjalka-kromi\/","title":{"rendered":"P\u00f6yd\u00e4njalka kromi"},"content":{"rendered":"<div class=\"col-67\">\n<p>Materiaali: Ter\u00e4s\/muovi<br \/>\nHalkaisija: 60 mm<\/p>\n<p>S\u00e4\u00e4t\u00f6vara 30 mm<\/p>\n<p>Sis\u00e4lt\u00e4\u00e4 kiinnityslaipan<\/p>\n<\/div>\n","protected":false},"excerpt":{"rendered":"<p>Materiaali: Ter\u00e4s\/muovi Halkaisija: 60 mm S\u00e4\u00e4t\u00f6vara 30 mm Sis\u00e4lt\u00e4\u00e4 kiinnityslaipan<\/p>\n","protected":false},"featured_media":8982,"comment_status":"closed","ping_status":"closed","template":"","meta":[],"product_brand":[],"product_cat":[458],"product_tag":[],"class_list":{"0":"post-8978","1":"product","2":"type-product","3":"status-publish","4":"has-post-thumbnail","6":"product_cat-poydanjalat","8":"first","9":"instock","10":"taxable","11":"shipping-taxable","12":"purchasable","13":"product-type-variable"},"_links":{"self":[{"href":"https:\/\/www.ksttukku.fi\/kauppa\/wp-json\/wp\/v2\/product\/8978","targetHints":{"allow":["GET"]}}],"collection":[{"href":"https:\/\/www.ksttukku.fi\/kauppa\/wp-json\/wp\/v2\/product"}],"about":[{"href":"https:\/\/www.ksttukku.fi\/kauppa\/wp-json\/wp\/v2\/types\/product"}],"replies":[{"embeddable":true,"href":"https:\/\/www.ksttukku.fi\/kauppa\/wp-json\/wp\/v2\/comments?post=8978"}],"wp:featuredmedia":[{"embeddable":true,"href":"https:\/\/www.ksttukku.fi\/kauppa\/wp-json\/wp\/v2\/media\/8982"}],"wp:attachment":[{"href":"https:\/\/www.ksttukku.fi\/kauppa\/wp-json\/wp\/v2\/media?parent=8978"}],"wp:term":[{"taxonomy":"product_brand","embeddable":true,"href":"https:\/\/www.ksttukku.fi\/kauppa\/wp-json\/wp\/v2\/product_brand?post=8978"},{"taxonomy":"product_cat","embeddable":true,"href":"https:\/\/www.ksttukku.fi\/kauppa\/wp-json\/wp\/v2\/product_cat?post=8978"},{"taxonomy":"product_tag","embeddable":true,"href":"https:\/\/www.ksttukku.fi\/kauppa\/wp-json\/wp\/v2\/product_tag?post=8978"}],"curies":[{"name":"wp","href":"https:\/\/api.w.org\/{rel}","templated":true}]}}