{"id":8992,"date":"2021-12-21T19:07:17","date_gmt":"2021-12-21T17:07:17","guid":{"rendered":"https:\/\/www.ksttukku.fi\/kauppa\/?post_type=product&#038;p=8992"},"modified":"2025-11-29T10:18:07","modified_gmt":"2025-11-29T08:18:07","slug":"peilikaappi-pk60pvc-led-valaisin-ja-2-os-pistorasia","status":"publish","type":"product","link":"https:\/\/www.ksttukku.fi\/kauppa\/tuote\/peilikaappi-pk60pvc-led-valaisin-ja-2-os-pistorasia\/","title":{"rendered":"Peilikaappi PVC 60cm, led-valaisin ja 2-os pistorasia"},"content":{"rendered":"<p>S\u00e4\u00e4dett\u00e4v\u00e4 kiinnitysj\u00e4rjestelm\u00e4<br \/>\n100 % vedenkest\u00e4v\u00e4<br \/>\nValmiiksi koottuna<br \/>\nKaksi lasihylly\u00e4<br \/>\nSoft Close ovet<br \/>\nPeilit my\u00f6s ovien sis\u00e4puolella<br \/>\nLED-valaisin<br \/>\n2-osainen pistorasia, IP44<\/p>\n<p>Mitat: Leveys 600 mm, korkeus 700 mm, syvyys 145 mm<\/p>\n","protected":false},"excerpt":{"rendered":"<p>S\u00e4\u00e4dett\u00e4v\u00e4 kiinnitysj\u00e4rjestelm\u00e4 100 % vedenkest\u00e4v\u00e4 Valmiiksi koottuna Kaksi lasihylly\u00e4 Soft Close ovet Peilit my\u00f6s ovien sis\u00e4puolella LED-valaisin 2-osainen pistorasia, IP44 Mitat: Leveys 600 mm, korkeus 700 mm, syvyys 145 mm<\/p>\n","protected":false},"featured_media":14625,"comment_status":"closed","ping_status":"closed","template":"","meta":[],"product_brand":[],"product_cat":[150,152],"product_tag":[],"class_list":{"0":"post-8992","1":"product","2":"type-product","3":"status-publish","4":"has-post-thumbnail","6":"product_cat-kylpyhuone","7":"product_cat-peilikaapit","9":"first","10":"outofstock","11":"sale","12":"taxable","13":"shipping-taxable","14":"purchasable","15":"product-type-simple"},"_links":{"self":[{"href":"https:\/\/www.ksttukku.fi\/kauppa\/wp-json\/wp\/v2\/product\/8992","targetHints":{"allow":["GET"]}}],"collection":[{"href":"https:\/\/www.ksttukku.fi\/kauppa\/wp-json\/wp\/v2\/product"}],"about":[{"href":"https:\/\/www.ksttukku.fi\/kauppa\/wp-json\/wp\/v2\/types\/product"}],"replies":[{"embeddable":true,"href":"https:\/\/www.ksttukku.fi\/kauppa\/wp-json\/wp\/v2\/comments?post=8992"}],"wp:featuredmedia":[{"embeddable":true,"href":"https:\/\/www.ksttukku.fi\/kauppa\/wp-json\/wp\/v2\/media\/14625"}],"wp:attachment":[{"href":"https:\/\/www.ksttukku.fi\/kauppa\/wp-json\/wp\/v2\/media?parent=8992"}],"wp:term":[{"taxonomy":"product_brand","embeddable":true,"href":"https:\/\/www.ksttukku.fi\/kauppa\/wp-json\/wp\/v2\/product_brand?post=8992"},{"taxonomy":"product_cat","embeddable":true,"href":"https:\/\/www.ksttukku.fi\/kauppa\/wp-json\/wp\/v2\/product_cat?post=8992"},{"taxonomy":"product_tag","embeddable":true,"href":"https:\/\/www.ksttukku.fi\/kauppa\/wp-json\/wp\/v2\/product_tag?post=8992"}],"curies":[{"name":"wp","href":"https:\/\/api.w.org\/{rel}","templated":true}]}}