{"id":8994,"date":"2021-12-22T15:45:15","date_gmt":"2021-12-22T13:45:15","guid":{"rendered":"https:\/\/www.ksttukku.fi\/kauppa\/?post_type=product&#038;p=8994"},"modified":"2024-09-05T16:59:47","modified_gmt":"2024-09-05T13:59:47","slug":"keittiohana-korte-pesukoneliitannalla-musta","status":"publish","type":"product","link":"https:\/\/www.ksttukku.fi\/kauppa\/tuote\/keittiohana-korte-pesukoneliitannalla-musta\/","title":{"rendered":"Keitti\u00f6hana Korte pesukoneliit\u00e4nn\u00e4ll\u00e4 musta"},"content":{"rendered":"<p>HIILI-malliston musta KORTE on laadukas STF-tyyppihyv\u00e4ksytty keitti\u00f6hana, jossa on astianpesukoneliit\u00e4nt\u00e4 ja korkea, k\u00e4\u00e4ntyv\u00e4 juoksuputki. Hanan minimalistinen muotoilu sopivat keitti\u00f6\u00f6n kuin keitti\u00f6\u00f6n. Joustavien liit\u00e4nt\u00e4putkien ansiosta hana on my\u00f6s nopea ja helppo asentaa.<\/p>\n","protected":false},"excerpt":{"rendered":"<p>HIILI-malliston musta KORTE on laadukas STF-tyyppihyv\u00e4ksytty keitti\u00f6hana, jossa on astianpesukoneliit\u00e4nt\u00e4 ja korkea, k\u00e4\u00e4ntyv\u00e4 juoksuputki. Hanan minimalistinen muotoilu sopivat keitti\u00f6\u00f6n kuin keitti\u00f6\u00f6n. Joustavien liit\u00e4nt\u00e4putkien ansiosta hana on my\u00f6s nopea ja helppo asentaa.<\/p>\n","protected":false},"featured_media":8995,"comment_status":"closed","ping_status":"closed","template":"","meta":[],"product_brand":[],"product_cat":[374],"product_tag":[],"class_list":{"0":"post-8994","1":"product","2":"type-product","3":"status-publish","4":"has-post-thumbnail","6":"product_cat-hanat","8":"first","9":"instock","10":"taxable","11":"shipping-taxable","12":"purchasable","13":"product-type-simple"},"_links":{"self":[{"href":"https:\/\/www.ksttukku.fi\/kauppa\/wp-json\/wp\/v2\/product\/8994","targetHints":{"allow":["GET"]}}],"collection":[{"href":"https:\/\/www.ksttukku.fi\/kauppa\/wp-json\/wp\/v2\/product"}],"about":[{"href":"https:\/\/www.ksttukku.fi\/kauppa\/wp-json\/wp\/v2\/types\/product"}],"replies":[{"embeddable":true,"href":"https:\/\/www.ksttukku.fi\/kauppa\/wp-json\/wp\/v2\/comments?post=8994"}],"wp:featuredmedia":[{"embeddable":true,"href":"https:\/\/www.ksttukku.fi\/kauppa\/wp-json\/wp\/v2\/media\/8995"}],"wp:attachment":[{"href":"https:\/\/www.ksttukku.fi\/kauppa\/wp-json\/wp\/v2\/media?parent=8994"}],"wp:term":[{"taxonomy":"product_brand","embeddable":true,"href":"https:\/\/www.ksttukku.fi\/kauppa\/wp-json\/wp\/v2\/product_brand?post=8994"},{"taxonomy":"product_cat","embeddable":true,"href":"https:\/\/www.ksttukku.fi\/kauppa\/wp-json\/wp\/v2\/product_cat?post=8994"},{"taxonomy":"product_tag","embeddable":true,"href":"https:\/\/www.ksttukku.fi\/kauppa\/wp-json\/wp\/v2\/product_tag?post=8994"}],"curies":[{"name":"wp","href":"https:\/\/api.w.org\/{rel}","templated":true}]}}