{"id":8998,"date":"2021-12-22T17:28:01","date_gmt":"2021-12-22T15:28:01","guid":{"rendered":"https:\/\/www.ksttukku.fi\/kauppa\/?post_type=product&#038;p=8998"},"modified":"2021-12-22T17:30:10","modified_gmt":"2021-12-22T15:30:10","slug":"pesuallashana-aqva-curvam-mattamusta","status":"publish","type":"product","link":"https:\/\/www.ksttukku.fi\/kauppa\/tuote\/pesuallashana-aqva-curvam-mattamusta\/","title":{"rendered":"Pesuallashana Aqva Curvam mattamusta"},"content":{"rendered":"<p>Aqva Curvam hanan muotoilu on pehme\u00e4n eleganttista, jonka suunnittelun inspiraation l\u00e4hteen\u00e4 on k\u00e4ytetty j\u00e4rviveden alla hennosti muotoilutta kive\u00e4.\u00a0\u00a0Varustettu bide-suihkulla .<\/p>\n<p>Mitat:<\/p>\n<p>Korkeus: 168 mm<br \/>\nUlottuma: 109 mm<\/p>\n<p><strong>OMINAISUUDET:<\/strong><\/p>\n<p><strong>QuickMount:<\/strong><\/p>\n<p>QuickMount-pikakiinnityksell\u00e4 asennat hanasi jopa 20 sekunnissa altaan p\u00e4\u00e4lt\u00e4. QuicMount on uudenlainen ja nopea pikakiinnitys, joka helpottaa huomattavasti asentajan ty\u00f6t\u00e4.<\/p>\n<p><strong>EcoFeel:<\/strong><\/p>\n<p>EcoFeel-s\u00e4\u00e4t\u00f6osa antaa k\u00e4delle pienen tunteen hanaa avattaessa, joka ohjaa ekologisempaan veden kulutukseen. Espanjalaisen Sedalin k\u00e4ytt\u00f6varmat s\u00e4\u00e4t\u00f6osat varmistavat luotettavan k\u00e4yt\u00f6n hanoille.<\/p>\n<p><strong>TAQ FLX:<\/strong><\/p>\n<p>TAQ FLX-putkessa on uusi Tucain insin\u00f6\u00f6rien suunnittelema Anti Corrosion-sidos, joka mahdollistaa entist\u00e4 pidemm\u00e4n k\u00e4ytt\u00f6i\u00e4n. Anti-bakteerinen erikoispitk\u00e4 putkiliit\u00e4nt\u00e4 asennus muttereilla mahdollistaa nopean ja luotettavan liitoksen vesiverkkoon.<\/p>\n<p><strong>Hyv\u00e4ksynn\u00e4t ja materiaalit:<\/strong><\/p>\n<p>Hana on STF-hyv\u00e4ksytty ja t\u00e4ytt\u00e4v\u00e4\u00e4 \u00e4\u00e4niluokka 1 vaatimukset. Hanassa k\u00e4ytet\u00e4\u00e4n parasta DZR messinki\u00e4 jolla varmistetaan, ett\u00e4 hanan raskasmetalli liukenemat sek\u00e4 sinkkikato ovat markkinoiden pienimpi\u00e4 ja t\u00e4ten turvallisia k\u00e4ytt\u00e4\u00e4.<\/p>\n<p><strong>5 vuoden takuu<\/strong><\/p>\n","protected":false},"excerpt":{"rendered":"<p>Materiaali: Messinki. QuickMount -pikakiinnitys. V\u00e4ri: mattamusta. Varustettu bide-suihkulla.<\/p>\n","protected":false},"featured_media":8999,"comment_status":"closed","ping_status":"closed","template":"","meta":[],"product_brand":[],"product_cat":[374],"product_tag":[],"class_list":{"0":"post-8998","1":"product","2":"type-product","3":"status-publish","4":"has-post-thumbnail","6":"product_cat-hanat","8":"first","9":"instock","10":"taxable","11":"shipping-taxable","12":"purchasable","13":"product-type-simple"},"_links":{"self":[{"href":"https:\/\/www.ksttukku.fi\/kauppa\/wp-json\/wp\/v2\/product\/8998","targetHints":{"allow":["GET"]}}],"collection":[{"href":"https:\/\/www.ksttukku.fi\/kauppa\/wp-json\/wp\/v2\/product"}],"about":[{"href":"https:\/\/www.ksttukku.fi\/kauppa\/wp-json\/wp\/v2\/types\/product"}],"replies":[{"embeddable":true,"href":"https:\/\/www.ksttukku.fi\/kauppa\/wp-json\/wp\/v2\/comments?post=8998"}],"wp:featuredmedia":[{"embeddable":true,"href":"https:\/\/www.ksttukku.fi\/kauppa\/wp-json\/wp\/v2\/media\/8999"}],"wp:attachment":[{"href":"https:\/\/www.ksttukku.fi\/kauppa\/wp-json\/wp\/v2\/media?parent=8998"}],"wp:term":[{"taxonomy":"product_brand","embeddable":true,"href":"https:\/\/www.ksttukku.fi\/kauppa\/wp-json\/wp\/v2\/product_brand?post=8998"},{"taxonomy":"product_cat","embeddable":true,"href":"https:\/\/www.ksttukku.fi\/kauppa\/wp-json\/wp\/v2\/product_cat?post=8998"},{"taxonomy":"product_tag","embeddable":true,"href":"https:\/\/www.ksttukku.fi\/kauppa\/wp-json\/wp\/v2\/product_tag?post=8998"}],"curies":[{"name":"wp","href":"https:\/\/api.w.org\/{rel}","templated":true}]}}