{"id":9014,"date":"2021-12-28T13:47:44","date_gmt":"2021-12-28T11:47:44","guid":{"rendered":"https:\/\/www.ksttukku.fi\/kauppa\/?post_type=product&#038;p=9014"},"modified":"2024-07-01T15:06:51","modified_gmt":"2024-07-01T12:06:51","slug":"kagawa-kattovalaisin-40w-5000lm","status":"publish","type":"product","link":"https:\/\/www.ksttukku.fi\/kauppa\/tuote\/kagawa-kattovalaisin-40w-5000lm\/","title":{"rendered":"Kagawa kattovalaisin 40W 5000lm"},"content":{"rendered":"<p>Valaisinta voi himment\u00e4\u00e4 portaattomasti integroidulla valons\u00e4\u00e4timell\u00e4.<\/p>\n<p>Valon v\u00e4ri\u00e4 (v\u00e4ril\u00e4mp\u00f6tilaa kelvinasteina) voi s\u00e4\u00e4t\u00e4\u00e4 portaattomasti.<\/p>\n<p>Valaisimessa on y\u00f6valotoiminto<\/p>\n<p>Teho: 40 W<\/p>\n<p>Valovirta: 5000 lm<\/p>\n<p>Valaisimen koko: \u2205 500 mm, korkeus 60 mm<\/p>\n<p>V\u00e4ril\u00e4mp\u00f6: 2700 \u2013 6000 K<\/p>\n","protected":false},"excerpt":{"rendered":"<p>Valaisinta voi himment\u00e4\u00e4 portaattomasti integroidulla valons\u00e4\u00e4timell\u00e4. Valon v\u00e4ri\u00e4 (v\u00e4ril\u00e4mp\u00f6tilaa kelvinasteina) voi s\u00e4\u00e4t\u00e4\u00e4 portaattomasti. Valaisimessa on y\u00f6valotoiminto Teho: 40 W Valovirta: 5000 lm Valaisimen koko: \u2205 500 mm, korkeus 60 mm V\u00e4ril\u00e4mp\u00f6: 2700 \u2013 6000 K<\/p>\n","protected":false},"featured_media":9016,"comment_status":"closed","ping_status":"closed","template":"","meta":[],"product_brand":[],"product_cat":[40,35,34],"product_tag":[],"class_list":{"0":"post-9014","1":"product","2":"type-product","3":"status-publish","4":"has-post-thumbnail","6":"product_cat-kattovalaisimet","7":"product_cat-sisavalaisimet","8":"product_cat-valaisimet","10":"first","11":"instock","12":"taxable","13":"shipping-taxable","14":"purchasable","15":"product-type-simple"},"_links":{"self":[{"href":"https:\/\/www.ksttukku.fi\/kauppa\/wp-json\/wp\/v2\/product\/9014","targetHints":{"allow":["GET"]}}],"collection":[{"href":"https:\/\/www.ksttukku.fi\/kauppa\/wp-json\/wp\/v2\/product"}],"about":[{"href":"https:\/\/www.ksttukku.fi\/kauppa\/wp-json\/wp\/v2\/types\/product"}],"replies":[{"embeddable":true,"href":"https:\/\/www.ksttukku.fi\/kauppa\/wp-json\/wp\/v2\/comments?post=9014"}],"wp:featuredmedia":[{"embeddable":true,"href":"https:\/\/www.ksttukku.fi\/kauppa\/wp-json\/wp\/v2\/media\/9016"}],"wp:attachment":[{"href":"https:\/\/www.ksttukku.fi\/kauppa\/wp-json\/wp\/v2\/media?parent=9014"}],"wp:term":[{"taxonomy":"product_brand","embeddable":true,"href":"https:\/\/www.ksttukku.fi\/kauppa\/wp-json\/wp\/v2\/product_brand?post=9014"},{"taxonomy":"product_cat","embeddable":true,"href":"https:\/\/www.ksttukku.fi\/kauppa\/wp-json\/wp\/v2\/product_cat?post=9014"},{"taxonomy":"product_tag","embeddable":true,"href":"https:\/\/www.ksttukku.fi\/kauppa\/wp-json\/wp\/v2\/product_tag?post=9014"}],"curies":[{"name":"wp","href":"https:\/\/api.w.org\/{rel}","templated":true}]}}