{"id":9145,"date":"2022-01-21T13:20:54","date_gmt":"2022-01-21T11:20:54","guid":{"rendered":"https:\/\/www.ksttukku.fi\/kauppa\/?post_type=product&#038;p=9145"},"modified":"2022-01-21T13:20:55","modified_gmt":"2022-01-21T11:20:55","slug":"kattovalaisin-tromssa-pronssi","status":"publish","type":"product","link":"https:\/\/www.ksttukku.fi\/kauppa\/tuote\/kattovalaisin-tromssa-pronssi\/","title":{"rendered":"Kattovalaisin Tromssa pronssi"},"content":{"rendered":"<div class=\"product-detail\">\n<div class=\"text\">\n<p>TROMSSA kattovalaisin on upea yhdistelm\u00e4 metallia ja valkoista lasia. Suuren lasipinnan (12 cm) ansiosta se s\u00e4teilee miellytt\u00e4v\u00e4\u00e4 mutta h\u00e4ik\u00e4isem\u00e4t\u00f6nt\u00e4 valoa. Kuusi lasia voidaan suunnata eri suunttiin oman mieltymyksen mukaan. Valaisin k\u00e4y koukkukiinnitykseen ja sis\u00e4lt\u00e4\u00e4 valaisinpistotulpan.<\/p>\n<\/div>\n<\/div>\n<div class=\"product-table\">\n<div class=\"row\">\n<div class=\"col-5\">V\u00e4ri: Pronssi<\/div>\n<\/div>\n<div class=\"row\">\n<div class=\"col-7\">Mitat: \u2205 500 mm, korkeus 300 mm<\/div>\n<\/div>\n<div class=\"row\">\n<div class=\"col-5\">Lampunkanta: 6 x E14 (pakkaus ei sis\u00e4ll\u00e4 lamppuja)<\/div>\n<\/div>\n<div class=\"row\">\n<div class=\"col-7\">Asennustapa: Koukkukiinnitys, sis.pistokkeen<\/div>\n<\/div>\n<\/div>\n","protected":false},"excerpt":{"rendered":"<p>TROMSSA kattovalaisin on upea yhdistelm\u00e4 metallia ja valkoista lasia. Suuren lasipinnan (12 cm) ansiosta se s\u00e4teilee miellytt\u00e4v\u00e4\u00e4 mutta h\u00e4ik\u00e4isem\u00e4t\u00f6nt\u00e4 valoa. Kuusi lasia voidaan suunnata eri suunttiin oman mieltymyksen mukaan. Valaisin k\u00e4y koukkukiinnitykseen ja sis\u00e4lt\u00e4\u00e4 valaisinpistotulpan. V\u00e4ri: Pronssi Mitat: \u2205 500 mm, korkeus 300 mm Lampunkanta: 6 x E14 (pakkaus ei sis\u00e4ll\u00e4 lamppuja) Asennustapa: Koukkukiinnitys, sis.pistokkeen<\/p>\n","protected":false},"featured_media":9146,"comment_status":"closed","ping_status":"closed","template":"","meta":[],"product_brand":[],"product_cat":[40,35,34],"product_tag":[],"class_list":{"0":"post-9145","1":"product","2":"type-product","3":"status-publish","4":"has-post-thumbnail","6":"product_cat-kattovalaisimet","7":"product_cat-sisavalaisimet","8":"product_cat-valaisimet","10":"first","11":"instock","12":"taxable","13":"shipping-taxable","14":"purchasable","15":"product-type-simple"},"_links":{"self":[{"href":"https:\/\/www.ksttukku.fi\/kauppa\/wp-json\/wp\/v2\/product\/9145","targetHints":{"allow":["GET"]}}],"collection":[{"href":"https:\/\/www.ksttukku.fi\/kauppa\/wp-json\/wp\/v2\/product"}],"about":[{"href":"https:\/\/www.ksttukku.fi\/kauppa\/wp-json\/wp\/v2\/types\/product"}],"replies":[{"embeddable":true,"href":"https:\/\/www.ksttukku.fi\/kauppa\/wp-json\/wp\/v2\/comments?post=9145"}],"wp:featuredmedia":[{"embeddable":true,"href":"https:\/\/www.ksttukku.fi\/kauppa\/wp-json\/wp\/v2\/media\/9146"}],"wp:attachment":[{"href":"https:\/\/www.ksttukku.fi\/kauppa\/wp-json\/wp\/v2\/media?parent=9145"}],"wp:term":[{"taxonomy":"product_brand","embeddable":true,"href":"https:\/\/www.ksttukku.fi\/kauppa\/wp-json\/wp\/v2\/product_brand?post=9145"},{"taxonomy":"product_cat","embeddable":true,"href":"https:\/\/www.ksttukku.fi\/kauppa\/wp-json\/wp\/v2\/product_cat?post=9145"},{"taxonomy":"product_tag","embeddable":true,"href":"https:\/\/www.ksttukku.fi\/kauppa\/wp-json\/wp\/v2\/product_tag?post=9145"}],"curies":[{"name":"wp","href":"https:\/\/api.w.org\/{rel}","templated":true}]}}