{"id":9153,"date":"2022-01-21T18:57:30","date_gmt":"2022-01-21T16:57:30","guid":{"rendered":"https:\/\/www.ksttukku.fi\/kauppa\/?post_type=product&#038;p=9153"},"modified":"2022-12-03T16:01:59","modified_gmt":"2022-12-03T14:01:59","slug":"kohdelamppu-philips-hue-white-color-ambiance-gu10-43w-2kpl","status":"publish","type":"product","link":"https:\/\/www.ksttukku.fi\/kauppa\/tuote\/kohdelamppu-philips-hue-white-color-ambiance-gu10-43w-2kpl\/","title":{"rendered":"Kohdelamppu Philips Hue White &#038; Color Ambiance GU10 4,3W 2kpl"},"content":{"rendered":"<p><span dir=\"ltr\" role=\"presentation\">Luo v\u00e4litt\u00f6m\u00e4sti oikea tunnelma kotisi kaikkiin huoneisiin n\u00e4ill\u00e4<\/span><br role=\"presentation\" \/><span dir=\"ltr\" role=\"presentation\">kahdella GU10-lampulla, jotka tarjoavat valkoisen valon ja<\/span><br role=\"presentation\" \/><span dir=\"ltr\" role=\"presentation\">v\u00e4rivalon miljoonia s\u00e4vyj\u00e4 ja sopivat useimpiin tavallisiin<\/span><br role=\"presentation\" \/><span dir=\"ltr\" role=\"presentation\">kohdevaloihin.<\/span><\/p>\n<p><span dir=\"ltr\" role=\"presentation\">Helppok\u00e4ytt\u00f6inen \u00e4lyvalaistus<\/span><br role=\"presentation\" \/><span dir=\"ltr\" role=\"presentation\">\u2022 Ohjaa jopa 10 valoa yht\u00e4 aikaa Bluetooth-sovelluksella<\/span><br role=\"presentation\" \/><span dir=\"ltr\" role=\"presentation\">\u2022 Ohjaa valaistusta \u00e4\u00e4nikomennoilla<\/span><br role=\"presentation\" \/><span dir=\"ltr\" role=\"presentation\">\u2022 Luo personoitu asiakaskokemus v\u00e4rikk\u00e4\u00e4ll\u00e4 \u00e4lyvalaistuksella<\/span><br role=\"presentation\" \/><span dir=\"ltr\" role=\"presentation\">\u2022 Luo juuri oikea tunnelma l\u00e4mpim\u00e4n tai kylm\u00e4n valkoisen s\u00e4vyisill\u00e4<\/span><br role=\"presentation\" \/><span dir=\"ltr\" role=\"presentation\">valoilla<\/span><br role=\"presentation\" \/><span dir=\"ltr\" role=\"presentation\">\u2022 T\u00e4ydellinen valikoima valaistusvaihtoehtoja p\u00e4iv\u00e4n eri toimiin<\/span><br role=\"presentation\" \/><span dir=\"ltr\" role=\"presentation\">\u2022 Vapauta \u00e4lykk\u00e4\u00e4n valaistuksen kaikki ominaisuudet Hue-sillan avulla!<\/span><\/p>\n","protected":false},"excerpt":{"rendered":"<p>Pakkauksessa 2 kpl lamppuja<\/p>\n","protected":false},"featured_media":9154,"comment_status":"closed","ping_status":"closed","template":"","meta":[],"product_brand":[],"product_cat":[34,317],"product_tag":[],"class_list":{"0":"post-9153","1":"product","2":"type-product","3":"status-publish","4":"has-post-thumbnail","6":"product_cat-valaisimet","7":"product_cat-alyvalaisimet-ja-lamput","9":"first","10":"instock","11":"taxable","12":"shipping-taxable","13":"purchasable","14":"product-type-simple"},"_links":{"self":[{"href":"https:\/\/www.ksttukku.fi\/kauppa\/wp-json\/wp\/v2\/product\/9153","targetHints":{"allow":["GET"]}}],"collection":[{"href":"https:\/\/www.ksttukku.fi\/kauppa\/wp-json\/wp\/v2\/product"}],"about":[{"href":"https:\/\/www.ksttukku.fi\/kauppa\/wp-json\/wp\/v2\/types\/product"}],"replies":[{"embeddable":true,"href":"https:\/\/www.ksttukku.fi\/kauppa\/wp-json\/wp\/v2\/comments?post=9153"}],"wp:featuredmedia":[{"embeddable":true,"href":"https:\/\/www.ksttukku.fi\/kauppa\/wp-json\/wp\/v2\/media\/9154"}],"wp:attachment":[{"href":"https:\/\/www.ksttukku.fi\/kauppa\/wp-json\/wp\/v2\/media?parent=9153"}],"wp:term":[{"taxonomy":"product_brand","embeddable":true,"href":"https:\/\/www.ksttukku.fi\/kauppa\/wp-json\/wp\/v2\/product_brand?post=9153"},{"taxonomy":"product_cat","embeddable":true,"href":"https:\/\/www.ksttukku.fi\/kauppa\/wp-json\/wp\/v2\/product_cat?post=9153"},{"taxonomy":"product_tag","embeddable":true,"href":"https:\/\/www.ksttukku.fi\/kauppa\/wp-json\/wp\/v2\/product_tag?post=9153"}],"curies":[{"name":"wp","href":"https:\/\/api.w.org\/{rel}","templated":true}]}}