{"id":9171,"date":"2022-01-24T16:17:28","date_gmt":"2022-01-24T14:17:28","guid":{"rendered":"https:\/\/www.ksttukku.fi\/kauppa\/?post_type=product&#038;p=9171"},"modified":"2022-01-24T18:42:56","modified_gmt":"2022-01-24T16:42:56","slug":"log-20-riippuvalaisin-musta","status":"publish","type":"product","link":"https:\/\/www.ksttukku.fi\/kauppa\/tuote\/log-20-riippuvalaisin-musta\/","title":{"rendered":"Log 20 riippuvalaisin musta"},"content":{"rendered":"<p>Log on kompakti kattovalaisin, jonka alaosa on metallia ja yl\u00e4osa tammenv\u00e4rist\u00e4 puuta. Metalliosan voit valita joko valkoisen, mustan tai matta\/harjatun messingin v\u00e4risen\u00e4. Log soveltuu hyvin esimerkiksi saarekkeen p\u00e4\u00e4lle useamman valaisimen rivin\u00e4. Vuonna 2021 Log-tuoteperhe laajentui \u00f820cm ja \u00f830cm versioilla ja kahdella uudella \u00f810cm versiolla.<\/p>\n<ul class=\"product-technical-data\">\n<li>\u00f8 20cm \/ \u2195 26cm<\/li>\n<li>1 x E27, max 40W<\/li>\n<li>V\u00e4ri: musta<\/li>\n<li>Matriaali: Metalli \/ saarni<\/li>\n<li>Johdon pituus 3 m<\/li>\n<li>Koukkukiinnitys ja pistotulppa<\/li>\n<\/ul>\n","protected":false},"excerpt":{"rendered":"<p>Log on kompakti kattovalaisin, jonka alaosa on metallia ja yl\u00e4osa tammenv\u00e4rist\u00e4 puuta. Metalliosan voit valita joko valkoisen, mustan tai matta\/harjatun messingin v\u00e4risen\u00e4. Log soveltuu hyvin esimerkiksi saarekkeen p\u00e4\u00e4lle useamman valaisimen rivin\u00e4. Vuonna 2021 Log-tuoteperhe laajentui \u00f820cm ja \u00f830cm versioilla ja kahdella uudella \u00f810cm versiolla. \u00f8 20cm \/ \u2195 26cm 1 x E27, max 40W V\u00e4ri: [&hellip;]<\/p>\n","protected":false},"featured_media":9182,"comment_status":"closed","ping_status":"closed","template":"","meta":[],"product_brand":[],"product_cat":[49,35,34],"product_tag":[],"class_list":{"0":"post-9171","1":"product","2":"type-product","3":"status-publish","4":"has-post-thumbnail","6":"product_cat-riippuvalaisimet","7":"product_cat-sisavalaisimet","8":"product_cat-valaisimet","10":"first","11":"instock","12":"taxable","13":"shipping-taxable","14":"purchasable","15":"product-type-simple"},"_links":{"self":[{"href":"https:\/\/www.ksttukku.fi\/kauppa\/wp-json\/wp\/v2\/product\/9171","targetHints":{"allow":["GET"]}}],"collection":[{"href":"https:\/\/www.ksttukku.fi\/kauppa\/wp-json\/wp\/v2\/product"}],"about":[{"href":"https:\/\/www.ksttukku.fi\/kauppa\/wp-json\/wp\/v2\/types\/product"}],"replies":[{"embeddable":true,"href":"https:\/\/www.ksttukku.fi\/kauppa\/wp-json\/wp\/v2\/comments?post=9171"}],"wp:featuredmedia":[{"embeddable":true,"href":"https:\/\/www.ksttukku.fi\/kauppa\/wp-json\/wp\/v2\/media\/9182"}],"wp:attachment":[{"href":"https:\/\/www.ksttukku.fi\/kauppa\/wp-json\/wp\/v2\/media?parent=9171"}],"wp:term":[{"taxonomy":"product_brand","embeddable":true,"href":"https:\/\/www.ksttukku.fi\/kauppa\/wp-json\/wp\/v2\/product_brand?post=9171"},{"taxonomy":"product_cat","embeddable":true,"href":"https:\/\/www.ksttukku.fi\/kauppa\/wp-json\/wp\/v2\/product_cat?post=9171"},{"taxonomy":"product_tag","embeddable":true,"href":"https:\/\/www.ksttukku.fi\/kauppa\/wp-json\/wp\/v2\/product_tag?post=9171"}],"curies":[{"name":"wp","href":"https:\/\/api.w.org\/{rel}","templated":true}]}}