{"id":9245,"date":"2022-02-03T18:11:47","date_gmt":"2022-02-03T16:11:47","guid":{"rendered":"https:\/\/www.ksttukku.fi\/kauppa\/?post_type=product&#038;p=9245"},"modified":"2022-02-03T18:11:47","modified_gmt":"2022-02-03T16:11:47","slug":"alumocci-sisustuslevy-struktuuri-hopea-tumma-kupari-500x3050mm","status":"publish","type":"product","link":"https:\/\/www.ksttukku.fi\/kauppa\/tuote\/alumocci-sisustuslevy-struktuuri-hopea-tumma-kupari-500x3050mm\/","title":{"rendered":"Alumocci sisustuslevy struktuuri hopea \/ tumma kupari 500x3050mm"},"content":{"rendered":"<p><span class=\"selaus_tuotetarkenne\">Alumocci sisustuslevy on 4 mm vahvaa komposiittilevy\u00e4, jossa molemmin puolin alumiinikerros (Tummassa alumiinissa rst-kerros). L\u00e4mm\u00f6nkesto 118c \/ h. Kuosilevyill\u00e4 paloluokka B.<\/span><\/p>\n<p>Alumoccia on helppo ty\u00f6st\u00e4\u00e4, taivuttaa ja leikata. Se sopii ominaisuuksiensa ansiosta kaikkiin kohteisiin niin sis\u00e4lle kuin ulos.<\/p>\n","protected":false},"excerpt":{"rendered":"<p>Alumocci sisustuslevy on 4 mm vahvaa komposiittilevy\u00e4, jossa molemmin puolin alumiinikerros (Tummassa alumiinissa rst-kerros). L\u00e4mm\u00f6nkesto 118c \/ h. Kuosilevyill\u00e4 paloluokka B. Alumoccia on helppo ty\u00f6st\u00e4\u00e4, taivuttaa ja leikata. Se sopii ominaisuuksiensa ansiosta kaikkiin kohteisiin niin sis\u00e4lle kuin ulos.<\/p>\n","protected":false},"featured_media":9246,"comment_status":"closed","ping_status":"closed","template":"","meta":[],"product_brand":[],"product_cat":[302,245],"product_tag":[],"class_list":{"0":"post-9245","1":"product","2":"type-product","3":"status-publish","4":"has-post-thumbnail","6":"product_cat-alumoccilevyt","7":"product_cat-sisustuslevyt","9":"first","10":"instock","11":"taxable","12":"shipping-taxable","13":"purchasable","14":"product-type-simple"},"_links":{"self":[{"href":"https:\/\/www.ksttukku.fi\/kauppa\/wp-json\/wp\/v2\/product\/9245","targetHints":{"allow":["GET"]}}],"collection":[{"href":"https:\/\/www.ksttukku.fi\/kauppa\/wp-json\/wp\/v2\/product"}],"about":[{"href":"https:\/\/www.ksttukku.fi\/kauppa\/wp-json\/wp\/v2\/types\/product"}],"replies":[{"embeddable":true,"href":"https:\/\/www.ksttukku.fi\/kauppa\/wp-json\/wp\/v2\/comments?post=9245"}],"wp:featuredmedia":[{"embeddable":true,"href":"https:\/\/www.ksttukku.fi\/kauppa\/wp-json\/wp\/v2\/media\/9246"}],"wp:attachment":[{"href":"https:\/\/www.ksttukku.fi\/kauppa\/wp-json\/wp\/v2\/media?parent=9245"}],"wp:term":[{"taxonomy":"product_brand","embeddable":true,"href":"https:\/\/www.ksttukku.fi\/kauppa\/wp-json\/wp\/v2\/product_brand?post=9245"},{"taxonomy":"product_cat","embeddable":true,"href":"https:\/\/www.ksttukku.fi\/kauppa\/wp-json\/wp\/v2\/product_cat?post=9245"},{"taxonomy":"product_tag","embeddable":true,"href":"https:\/\/www.ksttukku.fi\/kauppa\/wp-json\/wp\/v2\/product_tag?post=9245"}],"curies":[{"name":"wp","href":"https:\/\/api.w.org\/{rel}","templated":true}]}}