{"id":9255,"date":"2022-02-04T13:53:05","date_gmt":"2022-02-04T11:53:05","guid":{"rendered":"https:\/\/www.ksttukku.fi\/kauppa\/?post_type=product&#038;p=9255"},"modified":"2022-11-14T12:16:50","modified_gmt":"2022-11-14T10:16:50","slug":"lattiavalaisin-owen-harmaa","status":"publish","type":"product","link":"https:\/\/www.ksttukku.fi\/kauppa\/tuote\/lattiavalaisin-owen-harmaa\/","title":{"rendered":"Lattiavalaisin Owen harmaa"},"content":{"rendered":"<p>Kaksiosainen lattiavalaisin. Molemmille lampuille omat kytkimet<\/p>\n<p>Mitat: \u2205 36 cm, korkeus 160 cm<\/p>\n<p>Valonl\u00e4hteet: yl\u00e4valo E27, lukuvalo E14 (pakkaus ei sis\u00e4ll\u00e4 lamppuja)<\/p>\n<p>Materiaali: runko metallia, varjostimet tekstiili\u00e4<\/p>\n<p>V\u00e4ri: harmaa<\/p>\n","protected":false},"excerpt":{"rendered":"<p>Kaksiosainen lattiavalaisin. Molemmille lampuille omat kytkimet Mitat: \u2205 36 cm, korkeus 160 cm Valonl\u00e4hteet: yl\u00e4valo E27, lukuvalo E14 (pakkaus ei sis\u00e4ll\u00e4 lamppuja) Materiaali: runko metallia, varjostimet tekstiili\u00e4 V\u00e4ri: harmaa<\/p>\n","protected":false},"featured_media":9257,"comment_status":"closed","ping_status":"closed","template":"","meta":[],"product_brand":[],"product_cat":[43,35,34],"product_tag":[],"class_list":{"0":"post-9255","1":"product","2":"type-product","3":"status-publish","4":"has-post-thumbnail","6":"product_cat-lattiavalaisimet","7":"product_cat-sisavalaisimet","8":"product_cat-valaisimet","10":"first","11":"instock","12":"taxable","13":"shipping-taxable","14":"purchasable","15":"product-type-simple"},"_links":{"self":[{"href":"https:\/\/www.ksttukku.fi\/kauppa\/wp-json\/wp\/v2\/product\/9255","targetHints":{"allow":["GET"]}}],"collection":[{"href":"https:\/\/www.ksttukku.fi\/kauppa\/wp-json\/wp\/v2\/product"}],"about":[{"href":"https:\/\/www.ksttukku.fi\/kauppa\/wp-json\/wp\/v2\/types\/product"}],"replies":[{"embeddable":true,"href":"https:\/\/www.ksttukku.fi\/kauppa\/wp-json\/wp\/v2\/comments?post=9255"}],"wp:featuredmedia":[{"embeddable":true,"href":"https:\/\/www.ksttukku.fi\/kauppa\/wp-json\/wp\/v2\/media\/9257"}],"wp:attachment":[{"href":"https:\/\/www.ksttukku.fi\/kauppa\/wp-json\/wp\/v2\/media?parent=9255"}],"wp:term":[{"taxonomy":"product_brand","embeddable":true,"href":"https:\/\/www.ksttukku.fi\/kauppa\/wp-json\/wp\/v2\/product_brand?post=9255"},{"taxonomy":"product_cat","embeddable":true,"href":"https:\/\/www.ksttukku.fi\/kauppa\/wp-json\/wp\/v2\/product_cat?post=9255"},{"taxonomy":"product_tag","embeddable":true,"href":"https:\/\/www.ksttukku.fi\/kauppa\/wp-json\/wp\/v2\/product_tag?post=9255"}],"curies":[{"name":"wp","href":"https:\/\/api.w.org\/{rel}","templated":true}]}}