{"id":9295,"date":"2022-02-14T15:52:01","date_gmt":"2022-02-14T13:52:01","guid":{"rendered":"https:\/\/www.ksttukku.fi\/kauppa\/?post_type=product&#038;p=9295"},"modified":"2025-03-11T12:23:38","modified_gmt":"2025-03-11T10:23:38","slug":"jagger-riippuvalaisin-valkoinen","status":"publish","type":"product","link":"https:\/\/www.ksttukku.fi\/kauppa\/tuote\/jagger-riippuvalaisin-valkoinen\/","title":{"rendered":"Trio Jagger riippuvalaisin valkoinen"},"content":{"rendered":"<p>Jagger on kompakti metallinen kattovalaisin.Metalliosan voit valita joko valkoisen, mustan tai antiikkiter\u00e4ksen v\u00e4risen\u00e4. Jagger soveltuu hyvin esimerkiksi saarekkeen tai ruokap\u00f6yd\u00e4n p\u00e4\u00e4lle useamman valaisimen rivin\u00e4.<\/p>\n<ul class=\"product-technical-data\">\n<li>\u00f8 25 cm \/ \u2195 150 cm<\/li>\n<li>1 x E27, max 40W (lamppu ei sis\u00e4lly pakkaukseen)<\/li>\n<li>V\u00e4ri: Mattavalkoinen<\/li>\n<li>Matriaali: Metalli<\/li>\n<\/ul>\n","protected":false},"excerpt":{"rendered":"<p>Jagger on kompakti metallinen kattovalaisin.Metalliosan voit valita joko valkoisen, mustan tai antiikkiter\u00e4ksen v\u00e4risen\u00e4. Jagger soveltuu hyvin esimerkiksi saarekkeen tai ruokap\u00f6yd\u00e4n p\u00e4\u00e4lle useamman valaisimen rivin\u00e4. \u00f8 25 cm \/ \u2195 150 cm 1 x E27, max 40W (lamppu ei sis\u00e4lly pakkaukseen) V\u00e4ri: Mattavalkoinen Matriaali: Metalli<\/p>\n","protected":false},"featured_media":9297,"comment_status":"closed","ping_status":"closed","template":"","meta":[],"product_brand":[],"product_cat":[49,35,34],"product_tag":[],"class_list":{"0":"post-9295","1":"product","2":"type-product","3":"status-publish","4":"has-post-thumbnail","6":"product_cat-riippuvalaisimet","7":"product_cat-sisavalaisimet","8":"product_cat-valaisimet","10":"first","11":"instock","12":"taxable","13":"shipping-taxable","14":"purchasable","15":"product-type-simple"},"_links":{"self":[{"href":"https:\/\/www.ksttukku.fi\/kauppa\/wp-json\/wp\/v2\/product\/9295","targetHints":{"allow":["GET"]}}],"collection":[{"href":"https:\/\/www.ksttukku.fi\/kauppa\/wp-json\/wp\/v2\/product"}],"about":[{"href":"https:\/\/www.ksttukku.fi\/kauppa\/wp-json\/wp\/v2\/types\/product"}],"replies":[{"embeddable":true,"href":"https:\/\/www.ksttukku.fi\/kauppa\/wp-json\/wp\/v2\/comments?post=9295"}],"wp:featuredmedia":[{"embeddable":true,"href":"https:\/\/www.ksttukku.fi\/kauppa\/wp-json\/wp\/v2\/media\/9297"}],"wp:attachment":[{"href":"https:\/\/www.ksttukku.fi\/kauppa\/wp-json\/wp\/v2\/media?parent=9295"}],"wp:term":[{"taxonomy":"product_brand","embeddable":true,"href":"https:\/\/www.ksttukku.fi\/kauppa\/wp-json\/wp\/v2\/product_brand?post=9295"},{"taxonomy":"product_cat","embeddable":true,"href":"https:\/\/www.ksttukku.fi\/kauppa\/wp-json\/wp\/v2\/product_cat?post=9295"},{"taxonomy":"product_tag","embeddable":true,"href":"https:\/\/www.ksttukku.fi\/kauppa\/wp-json\/wp\/v2\/product_tag?post=9295"}],"curies":[{"name":"wp","href":"https:\/\/api.w.org\/{rel}","templated":true}]}}