{"id":9317,"date":"2022-02-14T18:30:27","date_gmt":"2022-02-14T16:30:27","guid":{"rendered":"https:\/\/www.ksttukku.fi\/kauppa\/?post_type=product&#038;p=9317"},"modified":"2022-02-14T18:30:29","modified_gmt":"2022-02-14T16:30:29","slug":"airam-smart-home-lednauha-12v-1m-2700-6500krgb","status":"publish","type":"product","link":"https:\/\/www.ksttukku.fi\/kauppa\/tuote\/airam-smart-home-lednauha-12v-1m-2700-6500krgb\/","title":{"rendered":"Airam smart home lednauha 12V 1m 2700-6500K+RGB"},"content":{"rendered":"<p>Airam Smart LED-nauha. Ohjattavissa ja himmennett\u00e4viss\u00e4 Airam Smart Home -sovelluksella, Google Homella tai Amazon Alexalla.<\/p>\n<p>Pituus: 1 m<\/p>\n<p>J\u00e4nnite: 12 V<\/p>\n<p>Teho: 4,8 W \/ m<\/p>\n<p>Valovirta: 200 lm \/ m<\/p>\n<p>V\u00e4ril\u00e4mp\u00f6tila: 2700 K &#8211; 6500 K + RGB<\/p>\n<p>Muuntaja: AC 220 &#8211; 240 V<\/p>\n<p>IP-luokitus: Led-nauha IP54, muuntaja IP20<\/p>\n","protected":false},"excerpt":{"rendered":"<p>Airam Smart LED-nauha. Ohjattavissa ja himmennett\u00e4viss\u00e4 Airam Smart Home -sovelluksella, Google Homella tai Amazon Alexalla. Pituus: 1 m J\u00e4nnite: 12 V Teho: 4,8 W \/ m Valovirta: 200 lm \/ m V\u00e4ril\u00e4mp\u00f6tila: 2700 K &#8211; 6500 K + RGB Muuntaja: AC 220 &#8211; 240 V IP-luokitus: Led-nauha IP54, muuntaja IP20<\/p>\n","protected":false},"featured_media":9318,"comment_status":"closed","ping_status":"closed","template":"","meta":[],"product_brand":[],"product_cat":[35,34,45,317],"product_tag":[],"class_list":{"0":"post-9317","1":"product","2":"type-product","3":"status-publish","4":"has-post-thumbnail","6":"product_cat-sisavalaisimet","7":"product_cat-valaisimet","8":"product_cat-valonauhat","9":"product_cat-alyvalaisimet-ja-lamput","11":"first","12":"instock","13":"taxable","14":"shipping-taxable","15":"purchasable","16":"product-type-simple"},"_links":{"self":[{"href":"https:\/\/www.ksttukku.fi\/kauppa\/wp-json\/wp\/v2\/product\/9317","targetHints":{"allow":["GET"]}}],"collection":[{"href":"https:\/\/www.ksttukku.fi\/kauppa\/wp-json\/wp\/v2\/product"}],"about":[{"href":"https:\/\/www.ksttukku.fi\/kauppa\/wp-json\/wp\/v2\/types\/product"}],"replies":[{"embeddable":true,"href":"https:\/\/www.ksttukku.fi\/kauppa\/wp-json\/wp\/v2\/comments?post=9317"}],"wp:featuredmedia":[{"embeddable":true,"href":"https:\/\/www.ksttukku.fi\/kauppa\/wp-json\/wp\/v2\/media\/9318"}],"wp:attachment":[{"href":"https:\/\/www.ksttukku.fi\/kauppa\/wp-json\/wp\/v2\/media?parent=9317"}],"wp:term":[{"taxonomy":"product_brand","embeddable":true,"href":"https:\/\/www.ksttukku.fi\/kauppa\/wp-json\/wp\/v2\/product_brand?post=9317"},{"taxonomy":"product_cat","embeddable":true,"href":"https:\/\/www.ksttukku.fi\/kauppa\/wp-json\/wp\/v2\/product_cat?post=9317"},{"taxonomy":"product_tag","embeddable":true,"href":"https:\/\/www.ksttukku.fi\/kauppa\/wp-json\/wp\/v2\/product_tag?post=9317"}],"curies":[{"name":"wp","href":"https:\/\/api.w.org\/{rel}","templated":true}]}}