{"id":9344,"date":"2022-02-17T18:30:00","date_gmt":"2022-02-17T16:30:00","guid":{"rendered":"https:\/\/www.ksttukku.fi\/kauppa\/?post_type=product&#038;p=9344"},"modified":"2022-02-17T18:39:37","modified_gmt":"2022-02-17T16:39:37","slug":"led-nauhan-himmennin-15a-dc12v-180w-24v-360w","status":"publish","type":"product","link":"https:\/\/www.ksttukku.fi\/kauppa\/tuote\/led-nauhan-himmennin-15a-dc12v-180w-24v-360w\/","title":{"rendered":"LED-valonauhan himmennin 15A DC12V\/180W 24V\/360W"},"content":{"rendered":"<p>LED-valonauhoille soveltuva himmennin<\/p>\n<p>Hipaisukytkin<\/p>\n<p>J\u00e4nnite: 12 &#8211; 24 V<\/p>\n<p>K\u00e4ytt\u00f6l\u00e4mp\u00f6tila: -20\u00b0C &#8211; +40\u00b0C<\/p>\n<p>Mitat: 86 x 86 mm, korkeus 30 mm<\/p>\n","protected":false},"excerpt":{"rendered":"<p>LED-valonauhoille soveltuva himmennin Hipaisukytkin J\u00e4nnite: 12 &#8211; 24 V K\u00e4ytt\u00f6l\u00e4mp\u00f6tila: -20\u00b0C &#8211; +40\u00b0C Mitat: 86 x 86 mm, korkeus 30 mm<\/p>\n","protected":false},"featured_media":9345,"comment_status":"closed","ping_status":"closed","template":"","meta":[],"product_brand":[],"product_cat":[45],"product_tag":[],"class_list":{"0":"post-9344","1":"product","2":"type-product","3":"status-publish","4":"has-post-thumbnail","6":"product_cat-valonauhat","8":"first","9":"instock","10":"taxable","11":"shipping-taxable","12":"purchasable","13":"product-type-simple"},"_links":{"self":[{"href":"https:\/\/www.ksttukku.fi\/kauppa\/wp-json\/wp\/v2\/product\/9344","targetHints":{"allow":["GET"]}}],"collection":[{"href":"https:\/\/www.ksttukku.fi\/kauppa\/wp-json\/wp\/v2\/product"}],"about":[{"href":"https:\/\/www.ksttukku.fi\/kauppa\/wp-json\/wp\/v2\/types\/product"}],"replies":[{"embeddable":true,"href":"https:\/\/www.ksttukku.fi\/kauppa\/wp-json\/wp\/v2\/comments?post=9344"}],"wp:featuredmedia":[{"embeddable":true,"href":"https:\/\/www.ksttukku.fi\/kauppa\/wp-json\/wp\/v2\/media\/9345"}],"wp:attachment":[{"href":"https:\/\/www.ksttukku.fi\/kauppa\/wp-json\/wp\/v2\/media?parent=9344"}],"wp:term":[{"taxonomy":"product_brand","embeddable":true,"href":"https:\/\/www.ksttukku.fi\/kauppa\/wp-json\/wp\/v2\/product_brand?post=9344"},{"taxonomy":"product_cat","embeddable":true,"href":"https:\/\/www.ksttukku.fi\/kauppa\/wp-json\/wp\/v2\/product_cat?post=9344"},{"taxonomy":"product_tag","embeddable":true,"href":"https:\/\/www.ksttukku.fi\/kauppa\/wp-json\/wp\/v2\/product_tag?post=9344"}],"curies":[{"name":"wp","href":"https:\/\/api.w.org\/{rel}","templated":true}]}}