{"id":9366,"date":"2022-02-23T18:00:56","date_gmt":"2022-02-23T16:00:56","guid":{"rendered":"https:\/\/www.ksttukku.fi\/kauppa\/?post_type=product&#038;p=9366"},"modified":"2022-02-23T18:09:21","modified_gmt":"2022-02-23T16:09:21","slug":"led-kiskovalaisin-spot-on-13w-900lm-dim-3-vaihe","status":"publish","type":"product","link":"https:\/\/www.ksttukku.fi\/kauppa\/tuote\/led-kiskovalaisin-spot-on-13w-900lm-dim-3-vaihe\/","title":{"rendered":"LED kiskovalaisin Spot-On musta 13W 900lm DIM 3-vaihe"},"content":{"rendered":"<p>Runko ruiskupuristettua alumiinia. Kupu akryylia. Fasetoitu alumiiniheijastin, 36\u00b0.<\/p>\n<p>Musta, RAL9005.<\/p>\n<p>Suojausluokka I.<\/p>\n<p>Asennus 3-vaihe kosketinkiskoon.<\/p>\n<p>Yhteensopivat 3-vaihekosketinkiskot: Global Pro (ent. Nokia), XTS, XTTS ja XTSC 3-piirikiskoihin, Erco, Iguzzini, Unipro T3 ja Eutrac.<\/p>\n<p>Pinta-asennus mahdollista adapterirasialla 1452093 ja 1453093, tilattava erikseen.<\/p>\n<p>Asennuskorkeus 3\u20135 m.<\/p>\n<p>V\u00e4ril\u00e4mp\u00f6tilat 3000 K ja 4000 K, vaihdettavissa valaisimesta. CRI &gt; 80 \/ Ra &gt; 80.<\/p>\n<p>IP20.<\/p>\n<p>IK02.<\/p>\n<p>Kiinte\u00e4 led 13W \/ 900 lm.<\/p>\n<p>MacAdam 3 SDCM.<\/p>\n<p>Himmennett\u00e4v\u00e4.<\/p>\n<p>K\u00e4ytt\u00f6ymp\u00e4rist\u00f6n l\u00e4mp\u00f6tila -0 \u2026 25 \u00b0C.<\/p>\n<p>Hy\u00f6tyelinik\u00e4 L70 50 000 (Ta25\u00b0C).<\/p>\n<p>Valaisimen mukana honeycomb -h\u00e4ik\u00e4isysuoja sek\u00e4 kaksi vaihtoehtoista heijastinta kapeamman valokeilan tuottamiseksi (12D ja 24D).<\/p>\n","protected":false},"excerpt":{"rendered":"<p>Spot-On kohdevalaisin; IP20; 3000K\/4000K; 36D; 13W; 900lm; Dim; Musta RAL9005; 3-vaihekiskoadapteri; Valaisimen mukana honeycomb -h\u00e4ik\u00e4isysuoja sek\u00e4 kaksi vaihtoehtoista heijastinta kapeamman valokeilan tuottamiseksi (12D ja 24D)<\/p>\n","protected":false},"featured_media":9367,"comment_status":"closed","ping_status":"closed","template":"","meta":[],"product_brand":[],"product_cat":[363],"product_tag":[],"class_list":{"0":"post-9366","1":"product","2":"type-product","3":"status-publish","4":"has-post-thumbnail","6":"product_cat-kiskovalaisimet","8":"first","9":"instock","10":"taxable","11":"shipping-taxable","12":"purchasable","13":"product-type-simple"},"_links":{"self":[{"href":"https:\/\/www.ksttukku.fi\/kauppa\/wp-json\/wp\/v2\/product\/9366","targetHints":{"allow":["GET"]}}],"collection":[{"href":"https:\/\/www.ksttukku.fi\/kauppa\/wp-json\/wp\/v2\/product"}],"about":[{"href":"https:\/\/www.ksttukku.fi\/kauppa\/wp-json\/wp\/v2\/types\/product"}],"replies":[{"embeddable":true,"href":"https:\/\/www.ksttukku.fi\/kauppa\/wp-json\/wp\/v2\/comments?post=9366"}],"wp:featuredmedia":[{"embeddable":true,"href":"https:\/\/www.ksttukku.fi\/kauppa\/wp-json\/wp\/v2\/media\/9367"}],"wp:attachment":[{"href":"https:\/\/www.ksttukku.fi\/kauppa\/wp-json\/wp\/v2\/media?parent=9366"}],"wp:term":[{"taxonomy":"product_brand","embeddable":true,"href":"https:\/\/www.ksttukku.fi\/kauppa\/wp-json\/wp\/v2\/product_brand?post=9366"},{"taxonomy":"product_cat","embeddable":true,"href":"https:\/\/www.ksttukku.fi\/kauppa\/wp-json\/wp\/v2\/product_cat?post=9366"},{"taxonomy":"product_tag","embeddable":true,"href":"https:\/\/www.ksttukku.fi\/kauppa\/wp-json\/wp\/v2\/product_tag?post=9366"}],"curies":[{"name":"wp","href":"https:\/\/api.w.org\/{rel}","templated":true}]}}