{"id":9395,"date":"2022-02-25T13:19:12","date_gmt":"2022-02-25T11:19:12","guid":{"rendered":"https:\/\/www.ksttukku.fi\/kauppa\/?post_type=product&#038;p=9395"},"modified":"2025-09-26T15:40:17","modified_gmt":"2025-09-26T12:40:17","slug":"heimdal-pylvasvalaisin-harmaa-402-312","status":"publish","type":"product","link":"https:\/\/www.ksttukku.fi\/kauppa\/tuote\/heimdal-pylvasvalaisin-harmaa-402-312\/","title":{"rendered":"Heimdal pylv\u00e4svalaisin harmaa 402-312"},"content":{"rendered":"<p>Heimdal-pylv\u00e4svalaisimet sopivat mainiosti suomalaiseen pientalomilj\u00f6\u00f6seen \u2013 yksin tai yhdess\u00e4 Heimdal- sein\u00e4valaisimien kanssa, mustana tai harmaana.<\/p>\n<p>Valaisimen mitat: 38 x 38 x 200 (cm)<\/p>\n<p>IP-luokitus: IP44<\/p>\n<p>Kanta: E27<\/p>\n<p>V\u00e4ri: harmaa<\/p>\n","protected":false},"excerpt":{"rendered":"<p>Heimdal-pylv\u00e4svalaisimet sopivat mainiosti suomalaiseen pientalomilj\u00f6\u00f6seen \u2013 yksin tai yhdess\u00e4 Heimdal- sein\u00e4valaisimien kanssa, mustana tai harmaana. Valaisimen mitat: 38 x 38 x 200 (cm) IP-luokitus: IP44 Kanta: E27 V\u00e4ri: harmaa<\/p>\n","protected":false},"featured_media":9396,"comment_status":"closed","ping_status":"closed","template":"","meta":[],"product_brand":[],"product_cat":[38,36],"product_tag":[],"class_list":{"0":"post-9395","1":"product","2":"type-product","3":"status-publish","4":"has-post-thumbnail","6":"product_cat-pylvasvalaisimet","7":"product_cat-ulkovalaisimet","9":"first","10":"instock","11":"taxable","12":"shipping-taxable","13":"purchasable","14":"product-type-simple"},"_links":{"self":[{"href":"https:\/\/www.ksttukku.fi\/kauppa\/wp-json\/wp\/v2\/product\/9395","targetHints":{"allow":["GET"]}}],"collection":[{"href":"https:\/\/www.ksttukku.fi\/kauppa\/wp-json\/wp\/v2\/product"}],"about":[{"href":"https:\/\/www.ksttukku.fi\/kauppa\/wp-json\/wp\/v2\/types\/product"}],"replies":[{"embeddable":true,"href":"https:\/\/www.ksttukku.fi\/kauppa\/wp-json\/wp\/v2\/comments?post=9395"}],"wp:featuredmedia":[{"embeddable":true,"href":"https:\/\/www.ksttukku.fi\/kauppa\/wp-json\/wp\/v2\/media\/9396"}],"wp:attachment":[{"href":"https:\/\/www.ksttukku.fi\/kauppa\/wp-json\/wp\/v2\/media?parent=9395"}],"wp:term":[{"taxonomy":"product_brand","embeddable":true,"href":"https:\/\/www.ksttukku.fi\/kauppa\/wp-json\/wp\/v2\/product_brand?post=9395"},{"taxonomy":"product_cat","embeddable":true,"href":"https:\/\/www.ksttukku.fi\/kauppa\/wp-json\/wp\/v2\/product_cat?post=9395"},{"taxonomy":"product_tag","embeddable":true,"href":"https:\/\/www.ksttukku.fi\/kauppa\/wp-json\/wp\/v2\/product_tag?post=9395"}],"curies":[{"name":"wp","href":"https:\/\/api.w.org\/{rel}","templated":true}]}}