{"id":9400,"date":"2022-02-25T16:05:14","date_gmt":"2022-02-25T14:05:14","guid":{"rendered":"https:\/\/www.ksttukku.fi\/kauppa\/?post_type=product&#038;p=9400"},"modified":"2022-02-25T16:05:15","modified_gmt":"2022-02-25T14:05:15","slug":"kehyspeili-mira-tumma-messinki","status":"publish","type":"product","link":"https:\/\/www.ksttukku.fi\/kauppa\/tuote\/kehyspeili-mira-tumma-messinki\/","title":{"rendered":"Kehyspeili Mira tumma messinki"},"content":{"rendered":"<p>Mira kehyspeili uudella kehysv\u00e4rill\u00e4; tumma messinki. Mitat 600 x 700, 700 x 800 tai 700 \u00d7 900 mm, korkeus sein\u00e4st\u00e4 32mm. N\u00e4ytt\u00e4v\u00e4 anodisoitu kehys on edest\u00e4 katsottuna huomaamaton. Asennetaan mukana toimitettavan sein\u00e4listan avulla, peili on k\u00e4\u00e4nnett\u00e4viss\u00e4 vaaka- tai pystyasentoon. Mukana toimitetaan turvallisuutta lis\u00e4\u00e4v\u00e4t lukitushelat peilin kiinte\u00e4\u00e4 sein\u00e4kiinnityst\u00e4 varten.<\/p>\n","protected":false},"excerpt":{"rendered":"<p>Mira kehyspeili uudella kehysv\u00e4rill\u00e4; tumma messinki. Mitat 600 x 700, 700 x 800 tai 700 \u00d7 900 mm, korkeus sein\u00e4st\u00e4 32mm. N\u00e4ytt\u00e4v\u00e4 anodisoitu kehys on edest\u00e4 katsottuna huomaamaton. Asennetaan mukana toimitettavan sein\u00e4listan avulla, peili on k\u00e4\u00e4nnett\u00e4viss\u00e4 vaaka- tai pystyasentoon. Mukana toimitetaan turvallisuutta lis\u00e4\u00e4v\u00e4t lukitushelat peilin kiinte\u00e4\u00e4 sein\u00e4kiinnityst\u00e4 varten.<\/p>\n","protected":false},"featured_media":9404,"comment_status":"closed","ping_status":"closed","template":"","meta":[],"product_brand":[],"product_cat":[150,237],"product_tag":[],"class_list":{"0":"post-9400","1":"product","2":"type-product","3":"status-publish","4":"has-post-thumbnail","6":"product_cat-kylpyhuone","7":"product_cat-valopeilit","9":"first","10":"instock","11":"taxable","12":"shipping-taxable","13":"purchasable","14":"product-type-variable"},"_links":{"self":[{"href":"https:\/\/www.ksttukku.fi\/kauppa\/wp-json\/wp\/v2\/product\/9400","targetHints":{"allow":["GET"]}}],"collection":[{"href":"https:\/\/www.ksttukku.fi\/kauppa\/wp-json\/wp\/v2\/product"}],"about":[{"href":"https:\/\/www.ksttukku.fi\/kauppa\/wp-json\/wp\/v2\/types\/product"}],"replies":[{"embeddable":true,"href":"https:\/\/www.ksttukku.fi\/kauppa\/wp-json\/wp\/v2\/comments?post=9400"}],"wp:featuredmedia":[{"embeddable":true,"href":"https:\/\/www.ksttukku.fi\/kauppa\/wp-json\/wp\/v2\/media\/9404"}],"wp:attachment":[{"href":"https:\/\/www.ksttukku.fi\/kauppa\/wp-json\/wp\/v2\/media?parent=9400"}],"wp:term":[{"taxonomy":"product_brand","embeddable":true,"href":"https:\/\/www.ksttukku.fi\/kauppa\/wp-json\/wp\/v2\/product_brand?post=9400"},{"taxonomy":"product_cat","embeddable":true,"href":"https:\/\/www.ksttukku.fi\/kauppa\/wp-json\/wp\/v2\/product_cat?post=9400"},{"taxonomy":"product_tag","embeddable":true,"href":"https:\/\/www.ksttukku.fi\/kauppa\/wp-json\/wp\/v2\/product_tag?post=9400"}],"curies":[{"name":"wp","href":"https:\/\/api.w.org\/{rel}","templated":true}]}}