{"id":9405,"date":"2022-02-25T17:11:29","date_gmt":"2022-02-25T15:11:29","guid":{"rendered":"https:\/\/www.ksttukku.fi\/kauppa\/?post_type=product&#038;p=9405"},"modified":"2022-02-25T17:11:30","modified_gmt":"2022-02-25T15:11:30","slug":"kehyspeili-mira-musta","status":"publish","type":"product","link":"https:\/\/www.ksttukku.fi\/kauppa\/tuote\/kehyspeili-mira-musta\/","title":{"rendered":"Kehyspeili Mira musta"},"content":{"rendered":"<p>Mira kehyspeili mustalla kehyksell\u00e4. Mitat 600 x 700, 700 \u00d7 800 tai 700 x 900 mm, korkeus sein\u00e4st\u00e4 30mm. N\u00e4ytt\u00e4v\u00e4 mattamusta anodisoitu kehys on edest\u00e4 katsottuna huomaamaton. Asennetaan mukana toimitettavan sein\u00e4listan avulla, peili on k\u00e4\u00e4nnett\u00e4viss\u00e4 vaaka- tai pystyasentoon. Kehykseen voi my\u00f6s kiinnitt\u00e4\u00e4 taakse Ebir kylpyhuonevalaisimen ja mukana toimitetaan sit\u00e4 varten kiinnitysruuvit sek\u00e4 turvallisuutta lis\u00e4\u00e4v\u00e4t lukitushelat peilin kiinte\u00e4\u00e4 sein\u00e4kiinnityst\u00e4 varten.<\/p>\n","protected":false},"excerpt":{"rendered":"<p>Mira kehyspeili mustalla kehyksell\u00e4. Mitat 600 x 700, 700 \u00d7 800 tai 700 x 900 mm, korkeus sein\u00e4st\u00e4 30mm. N\u00e4ytt\u00e4v\u00e4 mattamusta anodisoitu kehys on edest\u00e4 katsottuna huomaamaton. Asennetaan mukana toimitettavan sein\u00e4listan avulla, peili on k\u00e4\u00e4nnett\u00e4viss\u00e4 vaaka- tai pystyasentoon. Kehykseen voi my\u00f6s kiinnitt\u00e4\u00e4 taakse Ebir kylpyhuonevalaisimen ja mukana toimitetaan sit\u00e4 varten kiinnitysruuvit sek\u00e4 turvallisuutta lis\u00e4\u00e4v\u00e4t lukitushelat [&hellip;]<\/p>\n","protected":false},"featured_media":9409,"comment_status":"closed","ping_status":"closed","template":"","meta":[],"product_brand":[],"product_cat":[150,237],"product_tag":[],"class_list":{"0":"post-9405","1":"product","2":"type-product","3":"status-publish","4":"has-post-thumbnail","6":"product_cat-kylpyhuone","7":"product_cat-valopeilit","9":"first","10":"instock","11":"taxable","12":"shipping-taxable","13":"purchasable","14":"product-type-variable"},"_links":{"self":[{"href":"https:\/\/www.ksttukku.fi\/kauppa\/wp-json\/wp\/v2\/product\/9405","targetHints":{"allow":["GET"]}}],"collection":[{"href":"https:\/\/www.ksttukku.fi\/kauppa\/wp-json\/wp\/v2\/product"}],"about":[{"href":"https:\/\/www.ksttukku.fi\/kauppa\/wp-json\/wp\/v2\/types\/product"}],"replies":[{"embeddable":true,"href":"https:\/\/www.ksttukku.fi\/kauppa\/wp-json\/wp\/v2\/comments?post=9405"}],"wp:featuredmedia":[{"embeddable":true,"href":"https:\/\/www.ksttukku.fi\/kauppa\/wp-json\/wp\/v2\/media\/9409"}],"wp:attachment":[{"href":"https:\/\/www.ksttukku.fi\/kauppa\/wp-json\/wp\/v2\/media?parent=9405"}],"wp:term":[{"taxonomy":"product_brand","embeddable":true,"href":"https:\/\/www.ksttukku.fi\/kauppa\/wp-json\/wp\/v2\/product_brand?post=9405"},{"taxonomy":"product_cat","embeddable":true,"href":"https:\/\/www.ksttukku.fi\/kauppa\/wp-json\/wp\/v2\/product_cat?post=9405"},{"taxonomy":"product_tag","embeddable":true,"href":"https:\/\/www.ksttukku.fi\/kauppa\/wp-json\/wp\/v2\/product_tag?post=9405"}],"curies":[{"name":"wp","href":"https:\/\/api.w.org\/{rel}","templated":true}]}}