{"id":9410,"date":"2022-02-25T17:51:25","date_gmt":"2022-02-25T15:51:25","guid":{"rendered":"https:\/\/www.ksttukku.fi\/kauppa\/?post_type=product&#038;p=9410"},"modified":"2022-02-25T18:05:29","modified_gmt":"2022-02-25T16:05:29","slug":"kehyspeili-mira-kromi","status":"publish","type":"product","link":"https:\/\/www.ksttukku.fi\/kauppa\/tuote\/kehyspeili-mira-kromi\/","title":{"rendered":"Kehyspeili Mira kromi"},"content":{"rendered":"<p>Tyylik\u00e4s krominv\u00e4rinen Mira kehyspeili. Peilin kehyksen materiaali on kiillotettua alumiinia. Peili voidaan asentaa joko vaakaan tai pystyyn mukana toimitettavan sein\u00e4listan avulla. Kehyksess\u00e4 on vastapalat joihin saa kiinnitetty\u00e4 esim Esther ja Pandora valaisimen, . Asennettaessa yhdess\u00e4 valaisimen kanssa suositellaan k\u00e4ytt\u00e4m\u00e4\u00e4n mukana toimitettavia lukitusheloja.<\/p>\n","protected":false},"excerpt":{"rendered":"<p>Tyylik\u00e4s krominv\u00e4rinen Mira kehyspeili. Peilin kehyksen materiaali on kiillotettua alumiinia. Peili voidaan asentaa joko vaakaan tai pystyyn mukana toimitettavan sein\u00e4listan avulla. Kehyksess\u00e4 on vastapalat joihin saa kiinnitetty\u00e4 esim Esther ja Pandora valaisimen, . Asennettaessa yhdess\u00e4 valaisimen kanssa suositellaan k\u00e4ytt\u00e4m\u00e4\u00e4n mukana toimitettavia lukitusheloja.<\/p>\n","protected":false},"featured_media":9414,"comment_status":"closed","ping_status":"closed","template":"","meta":[],"product_brand":[],"product_cat":[150,237],"product_tag":[],"class_list":{"0":"post-9410","1":"product","2":"type-product","3":"status-publish","4":"has-post-thumbnail","6":"product_cat-kylpyhuone","7":"product_cat-valopeilit","9":"first","10":"instock","11":"taxable","12":"shipping-taxable","13":"purchasable","14":"product-type-variable"},"_links":{"self":[{"href":"https:\/\/www.ksttukku.fi\/kauppa\/wp-json\/wp\/v2\/product\/9410","targetHints":{"allow":["GET"]}}],"collection":[{"href":"https:\/\/www.ksttukku.fi\/kauppa\/wp-json\/wp\/v2\/product"}],"about":[{"href":"https:\/\/www.ksttukku.fi\/kauppa\/wp-json\/wp\/v2\/types\/product"}],"replies":[{"embeddable":true,"href":"https:\/\/www.ksttukku.fi\/kauppa\/wp-json\/wp\/v2\/comments?post=9410"}],"wp:featuredmedia":[{"embeddable":true,"href":"https:\/\/www.ksttukku.fi\/kauppa\/wp-json\/wp\/v2\/media\/9414"}],"wp:attachment":[{"href":"https:\/\/www.ksttukku.fi\/kauppa\/wp-json\/wp\/v2\/media?parent=9410"}],"wp:term":[{"taxonomy":"product_brand","embeddable":true,"href":"https:\/\/www.ksttukku.fi\/kauppa\/wp-json\/wp\/v2\/product_brand?post=9410"},{"taxonomy":"product_cat","embeddable":true,"href":"https:\/\/www.ksttukku.fi\/kauppa\/wp-json\/wp\/v2\/product_cat?post=9410"},{"taxonomy":"product_tag","embeddable":true,"href":"https:\/\/www.ksttukku.fi\/kauppa\/wp-json\/wp\/v2\/product_tag?post=9410"}],"curies":[{"name":"wp","href":"https:\/\/api.w.org\/{rel}","templated":true}]}}