{"id":9417,"date":"2022-02-25T18:55:06","date_gmt":"2022-02-25T16:55:06","guid":{"rendered":"https:\/\/www.ksttukku.fi\/kauppa\/?post_type=product&#038;p=9417"},"modified":"2022-04-21T13:23:54","modified_gmt":"2022-04-21T10:23:54","slug":"komposiittilevy-antrasiitti-kide-1220x3650x4mm","status":"publish","type":"product","link":"https:\/\/www.ksttukku.fi\/kauppa\/tuote\/komposiittilevy-antrasiitti-kide-1220x3650x4mm\/","title":{"rendered":"Komposiittilevy antrasiitti kide 1220x3650x4mm"},"content":{"rendered":"<p>Aluco Komposiittilevyst\u00e4 valmistettu sisustuslevy esim. keitti\u00f6n v\u00e4litilaan. Mitoitus 4 x 1220 x 3650 mm. V\u00e4ri kidekuvioitu antrasiitti.<\/p>\n","protected":false},"excerpt":{"rendered":"<p>Aluco Komposiittilevyst\u00e4 valmistettu sisustuslevy esim. keitti\u00f6n v\u00e4litilaan. Mitoitus 4 x 1220 x 3650 mm. V\u00e4ri kidekuvioitu antrasiitti.<\/p>\n","protected":false},"featured_media":9418,"comment_status":"closed","ping_status":"closed","template":"","meta":[],"product_brand":[],"product_cat":[246,245],"product_tag":[],"class_list":{"0":"post-9417","1":"product","2":"type-product","3":"status-publish","4":"has-post-thumbnail","6":"product_cat-aluco-sisustuslevyt","7":"product_cat-sisustuslevyt","9":"first","10":"instock","11":"taxable","12":"shipping-taxable","13":"purchasable","14":"product-type-simple"},"_links":{"self":[{"href":"https:\/\/www.ksttukku.fi\/kauppa\/wp-json\/wp\/v2\/product\/9417","targetHints":{"allow":["GET"]}}],"collection":[{"href":"https:\/\/www.ksttukku.fi\/kauppa\/wp-json\/wp\/v2\/product"}],"about":[{"href":"https:\/\/www.ksttukku.fi\/kauppa\/wp-json\/wp\/v2\/types\/product"}],"replies":[{"embeddable":true,"href":"https:\/\/www.ksttukku.fi\/kauppa\/wp-json\/wp\/v2\/comments?post=9417"}],"wp:featuredmedia":[{"embeddable":true,"href":"https:\/\/www.ksttukku.fi\/kauppa\/wp-json\/wp\/v2\/media\/9418"}],"wp:attachment":[{"href":"https:\/\/www.ksttukku.fi\/kauppa\/wp-json\/wp\/v2\/media?parent=9417"}],"wp:term":[{"taxonomy":"product_brand","embeddable":true,"href":"https:\/\/www.ksttukku.fi\/kauppa\/wp-json\/wp\/v2\/product_brand?post=9417"},{"taxonomy":"product_cat","embeddable":true,"href":"https:\/\/www.ksttukku.fi\/kauppa\/wp-json\/wp\/v2\/product_cat?post=9417"},{"taxonomy":"product_tag","embeddable":true,"href":"https:\/\/www.ksttukku.fi\/kauppa\/wp-json\/wp\/v2\/product_tag?post=9417"}],"curies":[{"name":"wp","href":"https:\/\/api.w.org\/{rel}","templated":true}]}}