{"id":9422,"date":"2022-02-26T14:53:01","date_gmt":"2022-02-26T12:53:01","guid":{"rendered":"https:\/\/www.ksttukku.fi\/kauppa\/?post_type=product&#038;p=9422"},"modified":"2022-12-03T15:46:48","modified_gmt":"2022-12-03T13:46:48","slug":"philips-hue-valonauha-2m","status":"publish","type":"product","link":"https:\/\/www.ksttukku.fi\/kauppa\/tuote\/philips-hue-valonauha-2m\/","title":{"rendered":"Philips Hue Gradient lightstrip valonauha 2m"},"content":{"rendered":"<p><span dir=\"ltr\" role=\"presentation\">Pehme\u00e4sti v\u00e4ri\u00e4 vaihtavan tekniikan ja joustavan rakenteen ansiosta<\/span><br role=\"presentation\" \/><span dir=\"ltr\" role=\"presentation\">Philips Hue Gradient Lightstrip -valonauha luo upeaa, v\u00e4rik\u00e4st\u00e4<\/span><br role=\"presentation\" \/><span dir=\"ltr\" role=\"presentation\">valaistusta mihin tahansa kodin huoneeseen.<\/span><\/p>\n<p><span dir=\"ltr\" role=\"presentation\">Helppok\u00e4ytt\u00f6inen \u00e4lyvalaistus<\/span><br role=\"presentation\" \/><span dir=\"ltr\" role=\"presentation\">\u2022 Ohjaa jopa 10 valoa yht\u00e4 aikaa Bluetooth-sovelluksella<\/span><br role=\"presentation\" \/><span dir=\"ltr\" role=\"presentation\">\u2022 Ohjaa valaistusta \u00e4\u00e4nikomennoilla<\/span><br role=\"presentation\" \/><span dir=\"ltr\" role=\"presentation\">\u2022 Luo personoitu asiakaskokemus v\u00e4rikk\u00e4\u00e4ll\u00e4 \u00e4lyvalaistuksella<\/span><br role=\"presentation\" \/><span dir=\"ltr\" role=\"presentation\">\u2022 Luo juuri oikea tunnelma l\u00e4mpim\u00e4n tai kylm\u00e4n valkoisen s\u00e4vyisill\u00e4<\/span><br role=\"presentation\" \/><span dir=\"ltr\" role=\"presentation\">valoilla<\/span><br role=\"presentation\" \/><span dir=\"ltr\" role=\"presentation\">\u2022 Vapauta \u00e4lykk\u00e4\u00e4n valaistuksen kaikki ominaisuudet Hue-sillan avulla!<\/span><br role=\"presentation\" \/><span dir=\"ltr\" role=\"presentation\">\u2022 Yhdistele v\u00e4rej\u00e4 saumattomasti<\/span><br role=\"presentation\" \/><span dir=\"ltr\" role=\"presentation\">\u2022 Muotoile, leikkaa tai pidenn\u00e4<\/span><br role=\"presentation\" \/><span dir=\"ltr\" role=\"presentation\">\u2022 Pidennett\u00e4viss\u00e4 jopa 10 metrin pituuteen<\/span><br role=\"presentation\" \/><span dir=\"ltr\" role=\"presentation\">\u2022 Dynaamiset valaistusasetukset<\/span><\/p>\n","protected":false},"excerpt":{"rendered":"<p>Pehme\u00e4sti v\u00e4ri\u00e4 vaihtavan tekniikan ja joustavan rakenteen ansiostaPhilips Hue Gradient Lightstrip -valonauha luo upeaa, v\u00e4rik\u00e4st\u00e4valaistusta mihin tahansa kodin huoneeseen. Helppok\u00e4ytt\u00f6inen \u00e4lyvalaistus\u2022 Ohjaa jopa 10 valoa yht\u00e4 aikaa Bluetooth-sovelluksella\u2022 Ohjaa valaistusta \u00e4\u00e4nikomennoilla\u2022 Luo personoitu asiakaskokemus v\u00e4rikk\u00e4\u00e4ll\u00e4 \u00e4lyvalaistuksella\u2022 Luo juuri oikea tunnelma l\u00e4mpim\u00e4n tai kylm\u00e4n valkoisen s\u00e4vyisill\u00e4valoilla\u2022 Vapauta \u00e4lykk\u00e4\u00e4n valaistuksen kaikki ominaisuudet Hue-sillan avulla!\u2022 Yhdistele v\u00e4rej\u00e4 saumattomasti\u2022 [&hellip;]<\/p>\n","protected":false},"featured_media":9430,"comment_status":"closed","ping_status":"closed","template":"","meta":[],"product_brand":[],"product_cat":[35,34,45,317],"product_tag":[],"class_list":{"0":"post-9422","1":"product","2":"type-product","3":"status-publish","4":"has-post-thumbnail","6":"product_cat-sisavalaisimet","7":"product_cat-valaisimet","8":"product_cat-valonauhat","9":"product_cat-alyvalaisimet-ja-lamput","11":"first","12":"instock","13":"taxable","14":"shipping-taxable","15":"purchasable","16":"product-type-simple"},"_links":{"self":[{"href":"https:\/\/www.ksttukku.fi\/kauppa\/wp-json\/wp\/v2\/product\/9422","targetHints":{"allow":["GET"]}}],"collection":[{"href":"https:\/\/www.ksttukku.fi\/kauppa\/wp-json\/wp\/v2\/product"}],"about":[{"href":"https:\/\/www.ksttukku.fi\/kauppa\/wp-json\/wp\/v2\/types\/product"}],"replies":[{"embeddable":true,"href":"https:\/\/www.ksttukku.fi\/kauppa\/wp-json\/wp\/v2\/comments?post=9422"}],"wp:featuredmedia":[{"embeddable":true,"href":"https:\/\/www.ksttukku.fi\/kauppa\/wp-json\/wp\/v2\/media\/9430"}],"wp:attachment":[{"href":"https:\/\/www.ksttukku.fi\/kauppa\/wp-json\/wp\/v2\/media?parent=9422"}],"wp:term":[{"taxonomy":"product_brand","embeddable":true,"href":"https:\/\/www.ksttukku.fi\/kauppa\/wp-json\/wp\/v2\/product_brand?post=9422"},{"taxonomy":"product_cat","embeddable":true,"href":"https:\/\/www.ksttukku.fi\/kauppa\/wp-json\/wp\/v2\/product_cat?post=9422"},{"taxonomy":"product_tag","embeddable":true,"href":"https:\/\/www.ksttukku.fi\/kauppa\/wp-json\/wp\/v2\/product_tag?post=9422"}],"curies":[{"name":"wp","href":"https:\/\/api.w.org\/{rel}","templated":true}]}}