{"id":9433,"date":"2022-02-26T15:15:50","date_gmt":"2022-02-26T13:15:50","guid":{"rendered":"https:\/\/www.ksttukku.fi\/kauppa\/?post_type=product&#038;p=9433"},"modified":"2022-12-03T15:43:57","modified_gmt":"2022-12-03T13:43:57","slug":"philips-hue-gradient-lightsrip-valonauhan-jatko-osa-1m","status":"publish","type":"product","link":"https:\/\/www.ksttukku.fi\/kauppa\/tuote\/philips-hue-gradient-lightsrip-valonauhan-jatko-osa-1m\/","title":{"rendered":"Philips Hue Gradient lightsrip valonauhan jatko-osa 1m"},"content":{"rendered":"<p><span dir=\"ltr\" role=\"presentation\">Pidenn\u00e4 tunnelmallisen Philips Hue Gradient Lightstrip &#8211;<\/span><br role=\"presentation\" \/><span dir=\"ltr\" role=\"presentation\">valonauhan pituutta t\u00e4ll\u00e4 1 metrin jatko-osalla. Sen avulla katat<\/span><br role=\"presentation\" \/><span dir=\"ltr\" role=\"presentation\">suuremman alueen v\u00e4rikk\u00e4\u00e4ll\u00e4 valaistuksella.<\/span><\/p>\n<p><span dir=\"ltr\" role=\"presentation\">Helppok\u00e4ytt\u00f6inen \u00e4lyvalaistus<\/span><br role=\"presentation\" \/><span dir=\"ltr\" role=\"presentation\">\u2022 Ohjaa jopa 10 valoa yht\u00e4 aikaa Bluetooth-sovelluksella<\/span><br role=\"presentation\" \/><span dir=\"ltr\" role=\"presentation\">\u2022 Ohjaa valaistusta \u00e4\u00e4nikomennoilla<\/span><br role=\"presentation\" \/><span dir=\"ltr\" role=\"presentation\">\u2022 Luo personoitu asiakaskokemus v\u00e4rikk\u00e4\u00e4ll\u00e4 \u00e4lyvalaistuksella<\/span><br role=\"presentation\" \/><span dir=\"ltr\" role=\"presentation\">\u2022 Luo juuri oikea tunnelma pehme\u00e4ll\u00e4 valkoisella valolla<\/span><br role=\"presentation\" \/><span dir=\"ltr\" role=\"presentation\">\u2022 Vapauta \u00e4lykk\u00e4\u00e4n valaistuksen kaikki ominaisuudet Hue-sillan avulla!<\/span><br role=\"presentation\" \/><span dir=\"ltr\" role=\"presentation\">\u2022 Yhdistele v\u00e4rej\u00e4 saumattomasti<\/span><br role=\"presentation\" \/><span dir=\"ltr\" role=\"presentation\">\u2022 Muotoile, leikkaa tai pidenn\u00e4<\/span><br role=\"presentation\" \/><span dir=\"ltr\" role=\"presentation\">\u2022 Edellytt\u00e4\u00e4 Philips Hue Gradient lightstripin perusyksikk\u00f6\u00e4<\/span><br role=\"presentation\" \/><span dir=\"ltr\" role=\"presentation\">\u2022 Dynaamiset valaistusasetukset<\/span><\/p>\n","protected":false},"excerpt":{"rendered":"<p>Pidenn\u00e4 tunnelmallisen Philips Hue Gradient Lightstrip &#8211;valonauhan pituutta t\u00e4ll\u00e4 1 metrin jatko-osalla. Sen avulla katatsuuremman alueen v\u00e4rikk\u00e4\u00e4ll\u00e4 valaistuksella. Helppok\u00e4ytt\u00f6inen \u00e4lyvalaistus\u2022 Ohjaa jopa 10 valoa yht\u00e4 aikaa Bluetooth-sovelluksella\u2022 Ohjaa valaistusta \u00e4\u00e4nikomennoilla\u2022 Luo personoitu asiakaskokemus v\u00e4rikk\u00e4\u00e4ll\u00e4 \u00e4lyvalaistuksella\u2022 Luo juuri oikea tunnelma pehme\u00e4ll\u00e4 valkoisella valolla\u2022 Vapauta \u00e4lykk\u00e4\u00e4n valaistuksen kaikki ominaisuudet Hue-sillan avulla!\u2022 Yhdistele v\u00e4rej\u00e4 saumattomasti\u2022 Muotoile, leikkaa tai [&hellip;]<\/p>\n","protected":false},"featured_media":9434,"comment_status":"closed","ping_status":"closed","template":"","meta":[],"product_brand":[],"product_cat":[45,317],"product_tag":[],"class_list":{"0":"post-9433","1":"product","2":"type-product","3":"status-publish","4":"has-post-thumbnail","6":"product_cat-valonauhat","7":"product_cat-alyvalaisimet-ja-lamput","9":"first","10":"instock","11":"taxable","12":"shipping-taxable","13":"purchasable","14":"product-type-simple"},"_links":{"self":[{"href":"https:\/\/www.ksttukku.fi\/kauppa\/wp-json\/wp\/v2\/product\/9433","targetHints":{"allow":["GET"]}}],"collection":[{"href":"https:\/\/www.ksttukku.fi\/kauppa\/wp-json\/wp\/v2\/product"}],"about":[{"href":"https:\/\/www.ksttukku.fi\/kauppa\/wp-json\/wp\/v2\/types\/product"}],"replies":[{"embeddable":true,"href":"https:\/\/www.ksttukku.fi\/kauppa\/wp-json\/wp\/v2\/comments?post=9433"}],"wp:featuredmedia":[{"embeddable":true,"href":"https:\/\/www.ksttukku.fi\/kauppa\/wp-json\/wp\/v2\/media\/9434"}],"wp:attachment":[{"href":"https:\/\/www.ksttukku.fi\/kauppa\/wp-json\/wp\/v2\/media?parent=9433"}],"wp:term":[{"taxonomy":"product_brand","embeddable":true,"href":"https:\/\/www.ksttukku.fi\/kauppa\/wp-json\/wp\/v2\/product_brand?post=9433"},{"taxonomy":"product_cat","embeddable":true,"href":"https:\/\/www.ksttukku.fi\/kauppa\/wp-json\/wp\/v2\/product_cat?post=9433"},{"taxonomy":"product_tag","embeddable":true,"href":"https:\/\/www.ksttukku.fi\/kauppa\/wp-json\/wp\/v2\/product_tag?post=9433"}],"curies":[{"name":"wp","href":"https:\/\/api.w.org\/{rel}","templated":true}]}}