{"id":9475,"date":"2022-03-10T13:20:50","date_gmt":"2022-03-10T11:20:50","guid":{"rendered":"https:\/\/www.ksttukku.fi\/kauppa\/?post_type=product&#038;p=9475"},"modified":"2025-07-18T17:17:39","modified_gmt":"2025-07-18T14:17:39","slug":"led-energie-seinavalaisin-ip44-12w-600lm-valkoinen","status":"publish","type":"product","link":"https:\/\/www.ksttukku.fi\/kauppa\/tuote\/led-energie-seinavalaisin-ip44-12w-600lm-valkoinen\/","title":{"rendered":"Led Energie sein\u00e4valaisin IP44 12W 600lm valkoinen"},"content":{"rendered":"<table>\n<tbody>\n<tr>\n<th class=\"right top\"><\/th>\n<td>Kiinte\u00e4ll\u00e4 LED-moduulilla varustettu IP44 -sein\u00e4valaisin talojen ja rakennusten korostusvalaistukseen.<\/p>\n<p>Runko: Alumiinia Kupu: Polykarbonaattia, opaali<\/p>\n<p>Mitat (PxLxK): 93mm x 185mm x 182mm<\/p>\n<p>V\u00e4ri: Valkoinen<\/p>\n<p>IP-luokitus: IP44<\/p>\n<p>Asennustapa: Pinta-asennus sein\u00e4\u00e4n, l\u00e4pivienti valaisimen pohjassa<\/p>\n<p>J\u00e4nnite: 230V\/50Hz<\/p>\n<p>Teho: 12W<\/p>\n<p>Tehokerroin: &gt;0,5<\/p>\n<p>Suojausluokka I<\/p>\n<p>Kytkent\u00e4: P\u00e4\u00e4ttyv\u00e4 3&#215;2,5mm2, ruuviliitin<\/p>\n<p>Valovirta: 600 lm<\/p>\n<p>Valotehokkuus: 50lm\/W<\/p>\n<p>V\u00e4ril\u00e4mp\u00f6tila: 4000K<\/p>\n<p>V\u00e4rintoistoindeksi: Ra&gt;80<\/p>\n<p>Elinik\u00e4: 30 000h<\/p>\n<p>K\u00e4ytt\u00f6ymp\u00e4rist\u00f6n l\u00e4mp\u00f6tila: -20 &#8211; +45\u00b0C<\/td>\n<\/tr>\n<\/tbody>\n<\/table>\n","protected":false},"excerpt":{"rendered":"<p>Kiinte\u00e4ll\u00e4 LED-moduulilla varustettu IP44 -sein\u00e4valaisin talojen ja rakennusten korostusvalaistukseen. Runko: Alumiinia Kupu: Polykarbonaattia, opaali Mitat (PxLxK): 93mm x 185mm x 182mm V\u00e4ri: Valkoinen IP-luokitus: IP44 Asennustapa: Pinta-asennus sein\u00e4\u00e4n, l\u00e4pivienti valaisimen pohjassa J\u00e4nnite: 230V\/50Hz Teho: 12W Tehokerroin: &gt;0,5 Suojausluokka I Kytkent\u00e4: P\u00e4\u00e4ttyv\u00e4 3&#215;2,5mm2, ruuviliitin Valovirta: 600 lm Valotehokkuus: 50lm\/W V\u00e4ril\u00e4mp\u00f6tila: 4000K V\u00e4rintoistoindeksi: Ra&gt;80 Elinik\u00e4: 30 000h [&hellip;]<\/p>\n","protected":false},"featured_media":9476,"comment_status":"closed","ping_status":"closed","template":"","meta":[],"product_brand":[],"product_cat":[37,36],"product_tag":[],"class_list":{"0":"post-9475","1":"product","2":"type-product","3":"status-publish","4":"has-post-thumbnail","6":"product_cat-seinavalaisimet","7":"product_cat-ulkovalaisimet","9":"first","10":"instock","11":"taxable","12":"shipping-taxable","13":"purchasable","14":"product-type-simple"},"_links":{"self":[{"href":"https:\/\/www.ksttukku.fi\/kauppa\/wp-json\/wp\/v2\/product\/9475","targetHints":{"allow":["GET"]}}],"collection":[{"href":"https:\/\/www.ksttukku.fi\/kauppa\/wp-json\/wp\/v2\/product"}],"about":[{"href":"https:\/\/www.ksttukku.fi\/kauppa\/wp-json\/wp\/v2\/types\/product"}],"replies":[{"embeddable":true,"href":"https:\/\/www.ksttukku.fi\/kauppa\/wp-json\/wp\/v2\/comments?post=9475"}],"wp:featuredmedia":[{"embeddable":true,"href":"https:\/\/www.ksttukku.fi\/kauppa\/wp-json\/wp\/v2\/media\/9476"}],"wp:attachment":[{"href":"https:\/\/www.ksttukku.fi\/kauppa\/wp-json\/wp\/v2\/media?parent=9475"}],"wp:term":[{"taxonomy":"product_brand","embeddable":true,"href":"https:\/\/www.ksttukku.fi\/kauppa\/wp-json\/wp\/v2\/product_brand?post=9475"},{"taxonomy":"product_cat","embeddable":true,"href":"https:\/\/www.ksttukku.fi\/kauppa\/wp-json\/wp\/v2\/product_cat?post=9475"},{"taxonomy":"product_tag","embeddable":true,"href":"https:\/\/www.ksttukku.fi\/kauppa\/wp-json\/wp\/v2\/product_tag?post=9475"}],"curies":[{"name":"wp","href":"https:\/\/api.w.org\/{rel}","templated":true}]}}