{"id":9477,"date":"2022-03-10T13:43:24","date_gmt":"2022-03-10T11:43:24","guid":{"rendered":"https:\/\/www.ksttukku.fi\/kauppa\/?post_type=product&#038;p=9477"},"modified":"2025-07-18T17:19:12","modified_gmt":"2025-07-18T14:19:12","slug":"led-energie-seinavalaisin-ip44-12w-600lm-antrasiitinharmaa","status":"publish","type":"product","link":"https:\/\/www.ksttukku.fi\/kauppa\/tuote\/led-energie-seinavalaisin-ip44-12w-600lm-antrasiitinharmaa\/","title":{"rendered":"Led Energie sein\u00e4valaisin IP44 12W 600lm  antrasiitinharmaa"},"content":{"rendered":"<p data-sanitized-data-mce-fragment=\"1\">Kiinte\u00e4ll\u00e4 LED-moduulilla varustettu IP44 -sein\u00e4valaisin talojen ja rakennusten korostusvalaistukseen.<\/p>\n<p data-sanitized-data-mce-fragment=\"1\">Runko: Alumiinia Kupu: Polykarbonaattia, opaali<\/p>\n<p data-sanitized-data-mce-fragment=\"1\">Mitat (PxLxK): 93mm x 185mm x 182mm<\/p>\n<p data-sanitized-data-mce-fragment=\"1\">V\u00e4ri: Antrasiitin harmaa<\/p>\n<p data-sanitized-data-mce-fragment=\"1\">IP-luokitus: IP44<\/p>\n<p data-sanitized-data-mce-fragment=\"1\">Asennustapa: Pinta-asennus sein\u00e4\u00e4n, l\u00e4pivienti valaisimen pohjassa<\/p>\n<p data-sanitized-data-mce-fragment=\"1\">J\u00e4nnite: 230V\/50Hz<\/p>\n<p data-sanitized-data-mce-fragment=\"1\">Teho: 12W<\/p>\n<p data-sanitized-data-mce-fragment=\"1\">Tehokerroin: &gt;0,5<\/p>\n<p data-sanitized-data-mce-fragment=\"1\">Suojausluokka I<\/p>\n<p data-sanitized-data-mce-fragment=\"1\">Kytkent\u00e4: P\u00e4\u00e4ttyv\u00e4 3&#215;2,5mm2, ruuviliitin<\/p>\n<p data-sanitized-data-mce-fragment=\"1\">Valovirta: 600 lm<\/p>\n<p data-sanitized-data-mce-fragment=\"1\">Valotehokkuus: 50lm\/W<\/p>\n<p data-sanitized-data-mce-fragment=\"1\">V\u00e4ril\u00e4mp\u00f6tila: 4000K<\/p>\n<p data-sanitized-data-mce-fragment=\"1\">V\u00e4rintoistoindeksi: Ra&gt;80<\/p>\n<p data-sanitized-data-mce-fragment=\"1\">Elinik\u00e4: 30 000h<\/p>\n<p data-sanitized-data-mce-fragment=\"1\">K\u00e4ytt\u00f6ymp\u00e4rist\u00f6n l\u00e4mp\u00f6tila: -20 &#8211; +45\u00b0C<\/p>\n","protected":false},"excerpt":{"rendered":"<p>Kiinte\u00e4ll\u00e4 LED-moduulilla varustettu IP44 -sein\u00e4valaisin talojen ja rakennusten korostusvalaistukseen. Runko: Alumiinia Kupu: Polykarbonaattia, opaali Mitat (PxLxK): 93mm x 185mm x 182mm V\u00e4ri: Antrasiitin harmaa IP-luokitus: IP44 Asennustapa: Pinta-asennus sein\u00e4\u00e4n, l\u00e4pivienti valaisimen pohjassa J\u00e4nnite: 230V\/50Hz Teho: 12W Tehokerroin: &gt;0,5 Suojausluokka I Kytkent\u00e4: P\u00e4\u00e4ttyv\u00e4 3&#215;2,5mm2, ruuviliitin Valovirta: 600 lm Valotehokkuus: 50lm\/W V\u00e4ril\u00e4mp\u00f6tila: 4000K V\u00e4rintoistoindeksi: Ra&gt;80 Elinik\u00e4: 30 [&hellip;]<\/p>\n","protected":false},"featured_media":9478,"comment_status":"closed","ping_status":"closed","template":"","meta":[],"product_brand":[],"product_cat":[37,36],"product_tag":[],"class_list":{"0":"post-9477","1":"product","2":"type-product","3":"status-publish","4":"has-post-thumbnail","6":"product_cat-seinavalaisimet","7":"product_cat-ulkovalaisimet","9":"first","10":"instock","11":"taxable","12":"shipping-taxable","13":"purchasable","14":"product-type-simple"},"_links":{"self":[{"href":"https:\/\/www.ksttukku.fi\/kauppa\/wp-json\/wp\/v2\/product\/9477","targetHints":{"allow":["GET"]}}],"collection":[{"href":"https:\/\/www.ksttukku.fi\/kauppa\/wp-json\/wp\/v2\/product"}],"about":[{"href":"https:\/\/www.ksttukku.fi\/kauppa\/wp-json\/wp\/v2\/types\/product"}],"replies":[{"embeddable":true,"href":"https:\/\/www.ksttukku.fi\/kauppa\/wp-json\/wp\/v2\/comments?post=9477"}],"wp:featuredmedia":[{"embeddable":true,"href":"https:\/\/www.ksttukku.fi\/kauppa\/wp-json\/wp\/v2\/media\/9478"}],"wp:attachment":[{"href":"https:\/\/www.ksttukku.fi\/kauppa\/wp-json\/wp\/v2\/media?parent=9477"}],"wp:term":[{"taxonomy":"product_brand","embeddable":true,"href":"https:\/\/www.ksttukku.fi\/kauppa\/wp-json\/wp\/v2\/product_brand?post=9477"},{"taxonomy":"product_cat","embeddable":true,"href":"https:\/\/www.ksttukku.fi\/kauppa\/wp-json\/wp\/v2\/product_cat?post=9477"},{"taxonomy":"product_tag","embeddable":true,"href":"https:\/\/www.ksttukku.fi\/kauppa\/wp-json\/wp\/v2\/product_tag?post=9477"}],"curies":[{"name":"wp","href":"https:\/\/api.w.org\/{rel}","templated":true}]}}