{"id":9515,"date":"2022-04-01T12:54:39","date_gmt":"2022-04-01T09:54:39","guid":{"rendered":"https:\/\/www.ksttukku.fi\/kauppa\/?post_type=product&#038;p=9515"},"modified":"2022-04-01T12:54:40","modified_gmt":"2022-04-01T09:54:40","slug":"fanni-k-sohvapoyta-tempo","status":"publish","type":"product","link":"https:\/\/www.ksttukku.fi\/kauppa\/tuote\/fanni-k-sohvapoyta-tempo\/","title":{"rendered":"Fanni K sohvap\u00f6yt\u00e4 Tempo"},"content":{"rendered":"<p>Kaunis suorakaiteen muotoinen Tempo sohvap\u00f6yt\u00e4 sopii moneen tilaan ja k\u00e4ytt\u00f6\u00f6n. Kaunis luonnollinen v\u00e4ri tuo sisustukseen l\u00e4mp\u00f6\u00e4. Kasattava. Mitat: L80 x S40 x K47 cm<\/p>\n","protected":false},"excerpt":{"rendered":"<p>Kaunis suorakaiteen muotoinen Tempo sohvap\u00f6yt\u00e4 sopii moneen tilaan ja k\u00e4ytt\u00f6\u00f6n. Kaunis luonnollinen v\u00e4ri tuo sisustukseen l\u00e4mp\u00f6\u00e4. Kasattava. Mitat: L80 x S40 x K47 cm<\/p>\n","protected":false},"featured_media":9516,"comment_status":"closed","ping_status":"closed","template":"","meta":[],"product_brand":[],"product_cat":[377],"product_tag":[],"class_list":{"0":"post-9515","1":"product","2":"type-product","3":"status-publish","4":"has-post-thumbnail","6":"product_cat-sisustus-lahjatavarat","8":"first","9":"instock","10":"taxable","11":"shipping-taxable","12":"purchasable","13":"product-type-simple"},"_links":{"self":[{"href":"https:\/\/www.ksttukku.fi\/kauppa\/wp-json\/wp\/v2\/product\/9515","targetHints":{"allow":["GET"]}}],"collection":[{"href":"https:\/\/www.ksttukku.fi\/kauppa\/wp-json\/wp\/v2\/product"}],"about":[{"href":"https:\/\/www.ksttukku.fi\/kauppa\/wp-json\/wp\/v2\/types\/product"}],"replies":[{"embeddable":true,"href":"https:\/\/www.ksttukku.fi\/kauppa\/wp-json\/wp\/v2\/comments?post=9515"}],"wp:featuredmedia":[{"embeddable":true,"href":"https:\/\/www.ksttukku.fi\/kauppa\/wp-json\/wp\/v2\/media\/9516"}],"wp:attachment":[{"href":"https:\/\/www.ksttukku.fi\/kauppa\/wp-json\/wp\/v2\/media?parent=9515"}],"wp:term":[{"taxonomy":"product_brand","embeddable":true,"href":"https:\/\/www.ksttukku.fi\/kauppa\/wp-json\/wp\/v2\/product_brand?post=9515"},{"taxonomy":"product_cat","embeddable":true,"href":"https:\/\/www.ksttukku.fi\/kauppa\/wp-json\/wp\/v2\/product_cat?post=9515"},{"taxonomy":"product_tag","embeddable":true,"href":"https:\/\/www.ksttukku.fi\/kauppa\/wp-json\/wp\/v2\/product_tag?post=9515"}],"curies":[{"name":"wp","href":"https:\/\/api.w.org\/{rel}","templated":true}]}}