{"id":9517,"date":"2022-04-01T17:01:47","date_gmt":"2022-04-01T14:01:47","guid":{"rendered":"https:\/\/www.ksttukku.fi\/kauppa\/?post_type=product&#038;p=9517"},"modified":"2022-04-01T17:03:22","modified_gmt":"2022-04-01T14:03:22","slug":"bell-seinahylly-2-tasoa-606753","status":"publish","type":"product","link":"https:\/\/www.ksttukku.fi\/kauppa\/tuote\/bell-seinahylly-2-tasoa-606753\/","title":{"rendered":"Bell sein\u00e4hylly 2-tasoa"},"content":{"rendered":"<p>Yksinkertaisen tyylik\u00e4s sein\u00e4hylly sopii moneen tilaan. Erinomainen esimerkiksi kotitoimistoon. Koottava.<\/p>\n<p>Leveys 60.0cm,syvyys 20.0cm, korkeus 53.0cm<\/p>\n<p>v\u00e4ri: natural\/musta<\/p>\n<table id=\"product-attribute-specs-table\" class=\"data table additional-attributes\" width=\"503\">\n<tbody>\n<tr>\n<th class=\"col label\" scope=\"row\"><\/th>\n<\/tr>\n<\/tbody>\n<\/table>\n","protected":false},"excerpt":{"rendered":"<p>Yksinkertaisen tyylik\u00e4s sein\u00e4hylly sopii moneen tilaan. Erinomainen esimerkiksi kotitoimistoon. Koottava. Leveys 60.0cm,syvyys 20.0cm, korkeus 53.0cm v\u00e4ri: natural\/musta<\/p>\n","protected":false},"featured_media":9520,"comment_status":"closed","ping_status":"closed","template":"","meta":[],"product_brand":[],"product_cat":[377],"product_tag":[],"class_list":{"0":"post-9517","1":"product","2":"type-product","3":"status-publish","4":"has-post-thumbnail","6":"product_cat-sisustus-lahjatavarat","8":"first","9":"instock","10":"taxable","11":"shipping-taxable","12":"purchasable","13":"product-type-simple"},"_links":{"self":[{"href":"https:\/\/www.ksttukku.fi\/kauppa\/wp-json\/wp\/v2\/product\/9517","targetHints":{"allow":["GET"]}}],"collection":[{"href":"https:\/\/www.ksttukku.fi\/kauppa\/wp-json\/wp\/v2\/product"}],"about":[{"href":"https:\/\/www.ksttukku.fi\/kauppa\/wp-json\/wp\/v2\/types\/product"}],"replies":[{"embeddable":true,"href":"https:\/\/www.ksttukku.fi\/kauppa\/wp-json\/wp\/v2\/comments?post=9517"}],"wp:featuredmedia":[{"embeddable":true,"href":"https:\/\/www.ksttukku.fi\/kauppa\/wp-json\/wp\/v2\/media\/9520"}],"wp:attachment":[{"href":"https:\/\/www.ksttukku.fi\/kauppa\/wp-json\/wp\/v2\/media?parent=9517"}],"wp:term":[{"taxonomy":"product_brand","embeddable":true,"href":"https:\/\/www.ksttukku.fi\/kauppa\/wp-json\/wp\/v2\/product_brand?post=9517"},{"taxonomy":"product_cat","embeddable":true,"href":"https:\/\/www.ksttukku.fi\/kauppa\/wp-json\/wp\/v2\/product_cat?post=9517"},{"taxonomy":"product_tag","embeddable":true,"href":"https:\/\/www.ksttukku.fi\/kauppa\/wp-json\/wp\/v2\/product_tag?post=9517"}],"curies":[{"name":"wp","href":"https:\/\/api.w.org\/{rel}","templated":true}]}}