{"id":9574,"date":"2022-04-26T16:44:14","date_gmt":"2022-04-26T13:44:14","guid":{"rendered":"https:\/\/www.ksttukku.fi\/kauppa\/?post_type=product&#038;p=9574"},"modified":"2025-07-21T14:19:16","modified_gmt":"2025-07-21T11:19:16","slug":"daisy-flower-riippukeinu","status":"publish","type":"product","link":"https:\/\/www.ksttukku.fi\/kauppa\/tuote\/daisy-flower-riippukeinu\/","title":{"rendered":"Daisy flower riippukeinu"},"content":{"rendered":"<p>Riipputuoli nyt ihastuttavalla kukkapunoksella. S\u00e4\u00e4nkest\u00e4v\u00e4st\u00e4 polyeteenipunoksesta valmistetussa riipputuolissa on ter\u00e4ksinen jalkaosa.<\/p>\n<p>Mukana tulee muhkea pehmuste, jossa on narukiinnitys. Koriosan ja varren v\u00e4liss\u00e4 on turvavy\u00f6, joten tuoli ei p\u00e4\u00e4se hallitsemattomasti keinumaan.<\/p>\n<p>Enimm\u00e4iskantavuus 130 kg.<\/p>\n<p>Paino : 29 kg<\/p>\n<dl class=\"info\">\n<dt>Tuotteen mitat:<\/dt>\n<dd>95,00 x 95,00 x 197,00<\/dd>\n<\/dl>\n<dl class=\"info\">\n<dt><\/dt>\n<\/dl>\n<p>&nbsp;<\/p>\n<dl class=\"info\">\n<dd><\/dd>\n<\/dl>\n<dl class=\"info\">\n<dt><\/dt>\n<dd><\/dd>\n<\/dl>\n<dl class=\"info\">\n<dt><\/dt>\n<dd><\/dd>\n<\/dl>\n","protected":false},"excerpt":{"rendered":"<p>Riipputuoli nyt ihastuttavalla kukkapunoksella. S\u00e4\u00e4nkest\u00e4v\u00e4st\u00e4 polyeteenipunoksesta valmistetussa riipputuolissa on ter\u00e4ksinen jalkaosa. Mukana tulee muhkea pehmuste, jossa on narukiinnitys. Koriosan ja varren v\u00e4liss\u00e4 on turvavy\u00f6, joten tuoli ei p\u00e4\u00e4se hallitsemattomasti keinumaan. Enimm\u00e4iskantavuus 130 kg. Paino : 29 kg Tuotteen mitat: 95,00 x 95,00 x 197,00 &nbsp;<\/p>\n","protected":false},"featured_media":9577,"comment_status":"closed","ping_status":"closed","template":"","meta":[],"product_brand":[],"product_cat":[119,123],"product_tag":[],"class_list":{"0":"post-9574","1":"product","2":"type-product","3":"status-publish","4":"has-post-thumbnail","6":"product_cat-kesakalusteet","7":"product_cat-lepotuolit","9":"first","10":"outofstock","11":"taxable","12":"shipping-taxable","13":"purchasable","14":"product-type-simple"},"_links":{"self":[{"href":"https:\/\/www.ksttukku.fi\/kauppa\/wp-json\/wp\/v2\/product\/9574","targetHints":{"allow":["GET"]}}],"collection":[{"href":"https:\/\/www.ksttukku.fi\/kauppa\/wp-json\/wp\/v2\/product"}],"about":[{"href":"https:\/\/www.ksttukku.fi\/kauppa\/wp-json\/wp\/v2\/types\/product"}],"replies":[{"embeddable":true,"href":"https:\/\/www.ksttukku.fi\/kauppa\/wp-json\/wp\/v2\/comments?post=9574"}],"wp:featuredmedia":[{"embeddable":true,"href":"https:\/\/www.ksttukku.fi\/kauppa\/wp-json\/wp\/v2\/media\/9577"}],"wp:attachment":[{"href":"https:\/\/www.ksttukku.fi\/kauppa\/wp-json\/wp\/v2\/media?parent=9574"}],"wp:term":[{"taxonomy":"product_brand","embeddable":true,"href":"https:\/\/www.ksttukku.fi\/kauppa\/wp-json\/wp\/v2\/product_brand?post=9574"},{"taxonomy":"product_cat","embeddable":true,"href":"https:\/\/www.ksttukku.fi\/kauppa\/wp-json\/wp\/v2\/product_cat?post=9574"},{"taxonomy":"product_tag","embeddable":true,"href":"https:\/\/www.ksttukku.fi\/kauppa\/wp-json\/wp\/v2\/product_tag?post=9574"}],"curies":[{"name":"wp","href":"https:\/\/api.w.org\/{rel}","templated":true}]}}