{"id":9587,"date":"2022-04-27T17:27:25","date_gmt":"2022-04-27T14:27:25","guid":{"rendered":"https:\/\/www.ksttukku.fi\/kauppa\/?post_type=product&#038;p=9587"},"modified":"2022-04-27T17:27:26","modified_gmt":"2022-04-27T14:27:26","slug":"puutarhakalusto-mary-5-osainen","status":"publish","type":"product","link":"https:\/\/www.ksttukku.fi\/kauppa\/tuote\/puutarhakalusto-mary-5-osainen\/","title":{"rendered":"Puutarhakalusto Mary 5-osainen"},"content":{"rendered":"<h2>4Living Puutarhakalusto Mary 5-osainen p\u00f6yt\u00e4+ 4 tuolia<\/h2>\n<div class=\"description\">Nelj\u00e4 tuolia 59,5 x 61,5 x 76 cm, p\u00f6yd\u00e4n halkaisija 79 cm, korkeus 73 cm. Pulverimaalattu ter\u00e4srunko, py\u00f6re\u00e4 sek\u00e4 litte\u00e4 PE-punos, p\u00f6yd\u00e4n kansi 5mm , karkaistua lasia. Mustat istuin pehmusteet. Max 160 kg.<\/div>\n<div class=\"description\">Viimeistele terassi, piha tai parveke kes\u00e4\u00e4n ja viet\u00e4 siell\u00e4 mukavan leppoisia hetki\u00e4 perheen ja yst\u00e4vien seurassa. Todella kaunis polyrottingista valmistettu \u201drottinki\u201d istuinryhm\u00e4 on kevyt ja helppohoitoinen, polyeteenipunos on s\u00e4\u00e4nkest\u00e4v\u00e4\u00e4. Kalustossa on pulverimaalattu ter\u00e4srunko. Puutarhakalustoon kuuluu nelj\u00e4 tuolia 59,5 x 61,5 x 76 cm ja p\u00f6yt\u00e4, jonka halkaisija on 79 cm. P\u00f6yd\u00e4n kansilevy on 5 mm karkaistua lasia.<\/div>\n<dl class=\"info\">\n<dt>Koodi:<\/dt>\n<dd><\/dd>\n<\/dl>\n","protected":false},"excerpt":{"rendered":"<p>4Living Puutarhakalusto Mary 5-osainen p\u00f6yt\u00e4+ 4 tuolia Nelj\u00e4 tuolia 59,5 x 61,5 x 76 cm, p\u00f6yd\u00e4n halkaisija 79 cm, korkeus 73 cm. Pulverimaalattu ter\u00e4srunko, py\u00f6re\u00e4 sek\u00e4 litte\u00e4 PE-punos, p\u00f6yd\u00e4n kansi 5mm , karkaistua lasia. Mustat istuin pehmusteet. Max 160 kg. Viimeistele terassi, piha tai parveke kes\u00e4\u00e4n ja viet\u00e4 siell\u00e4 mukavan leppoisia hetki\u00e4 perheen ja yst\u00e4vien [&hellip;]<\/p>\n","protected":false},"featured_media":9586,"comment_status":"closed","ping_status":"closed","template":"","meta":[],"product_brand":[],"product_cat":[119,120,121,129],"product_tag":[],"class_list":{"0":"post-9587","1":"product","2":"type-product","3":"status-publish","4":"has-post-thumbnail","6":"product_cat-kesakalusteet","7":"product_cat-oleskeluryhmat","8":"product_cat-parvekeryhmat","9":"product_cat-ruokailuryhmat","11":"first","12":"instock","13":"taxable","14":"shipping-taxable","15":"purchasable","16":"product-type-simple"},"_links":{"self":[{"href":"https:\/\/www.ksttukku.fi\/kauppa\/wp-json\/wp\/v2\/product\/9587","targetHints":{"allow":["GET"]}}],"collection":[{"href":"https:\/\/www.ksttukku.fi\/kauppa\/wp-json\/wp\/v2\/product"}],"about":[{"href":"https:\/\/www.ksttukku.fi\/kauppa\/wp-json\/wp\/v2\/types\/product"}],"replies":[{"embeddable":true,"href":"https:\/\/www.ksttukku.fi\/kauppa\/wp-json\/wp\/v2\/comments?post=9587"}],"wp:featuredmedia":[{"embeddable":true,"href":"https:\/\/www.ksttukku.fi\/kauppa\/wp-json\/wp\/v2\/media\/9586"}],"wp:attachment":[{"href":"https:\/\/www.ksttukku.fi\/kauppa\/wp-json\/wp\/v2\/media?parent=9587"}],"wp:term":[{"taxonomy":"product_brand","embeddable":true,"href":"https:\/\/www.ksttukku.fi\/kauppa\/wp-json\/wp\/v2\/product_brand?post=9587"},{"taxonomy":"product_cat","embeddable":true,"href":"https:\/\/www.ksttukku.fi\/kauppa\/wp-json\/wp\/v2\/product_cat?post=9587"},{"taxonomy":"product_tag","embeddable":true,"href":"https:\/\/www.ksttukku.fi\/kauppa\/wp-json\/wp\/v2\/product_tag?post=9587"}],"curies":[{"name":"wp","href":"https:\/\/api.w.org\/{rel}","templated":true}]}}