{"id":9593,"date":"2022-04-28T15:27:33","date_gmt":"2022-04-28T12:27:33","guid":{"rendered":"https:\/\/www.ksttukku.fi\/kauppa\/?post_type=product&#038;p=9593"},"modified":"2022-04-28T15:27:34","modified_gmt":"2022-04-28T12:27:34","slug":"slate-levy-puhdistusaine-025l","status":"publish","type":"product","link":"https:\/\/www.ksttukku.fi\/kauppa\/tuote\/slate-levy-puhdistusaine-025l\/","title":{"rendered":"Slate-levy puhdistusaine 0,25L"},"content":{"rendered":"<p>Slate kivilevyille soveltuva puhdistusaine 0,25l, jolla mm. liiallinen liima, joka pursuaa saumakohdista, voidaan pyyhki\u00e4 varovasti pois. K\u00e4yt\u00e4 puhdistukseen nukkaamatonta liinaa. https:\/\/www.youtube.com\/watch?v=5NOxY7N84rU<\/p>\n","protected":false},"excerpt":{"rendered":"<p>Slate kivilevyille soveltuva puhdistusaine 0,25l, jolla mm. liiallinen liima, joka pursuaa saumakohdista, voidaan pyyhki\u00e4 varovasti pois. K\u00e4yt\u00e4 puhdistukseen nukkaamatonta liinaa. https:\/\/www.youtube.com\/watch?v=5NOxY7N84rU<\/p>\n","protected":false},"featured_media":9594,"comment_status":"closed","ping_status":"closed","template":"","meta":[],"product_brand":[],"product_cat":[245,247],"product_tag":[],"class_list":{"0":"post-9593","1":"product","2":"type-product","3":"status-publish","4":"has-post-thumbnail","6":"product_cat-sisustuslevyt","7":"product_cat-slate-lite-sisustuslevyt","9":"first","10":"instock","11":"taxable","12":"shipping-taxable","13":"purchasable","14":"product-type-simple"},"_links":{"self":[{"href":"https:\/\/www.ksttukku.fi\/kauppa\/wp-json\/wp\/v2\/product\/9593","targetHints":{"allow":["GET"]}}],"collection":[{"href":"https:\/\/www.ksttukku.fi\/kauppa\/wp-json\/wp\/v2\/product"}],"about":[{"href":"https:\/\/www.ksttukku.fi\/kauppa\/wp-json\/wp\/v2\/types\/product"}],"replies":[{"embeddable":true,"href":"https:\/\/www.ksttukku.fi\/kauppa\/wp-json\/wp\/v2\/comments?post=9593"}],"wp:featuredmedia":[{"embeddable":true,"href":"https:\/\/www.ksttukku.fi\/kauppa\/wp-json\/wp\/v2\/media\/9594"}],"wp:attachment":[{"href":"https:\/\/www.ksttukku.fi\/kauppa\/wp-json\/wp\/v2\/media?parent=9593"}],"wp:term":[{"taxonomy":"product_brand","embeddable":true,"href":"https:\/\/www.ksttukku.fi\/kauppa\/wp-json\/wp\/v2\/product_brand?post=9593"},{"taxonomy":"product_cat","embeddable":true,"href":"https:\/\/www.ksttukku.fi\/kauppa\/wp-json\/wp\/v2\/product_cat?post=9593"},{"taxonomy":"product_tag","embeddable":true,"href":"https:\/\/www.ksttukku.fi\/kauppa\/wp-json\/wp\/v2\/product_tag?post=9593"}],"curies":[{"name":"wp","href":"https:\/\/api.w.org\/{rel}","templated":true}]}}