{"id":9596,"date":"2022-04-28T16:14:19","date_gmt":"2022-04-28T13:14:19","guid":{"rendered":"https:\/\/www.ksttukku.fi\/kauppa\/?post_type=product&#038;p=9596"},"modified":"2025-07-16T17:32:15","modified_gmt":"2025-07-16T14:32:15","slug":"ruokailuryhman-poyta","status":"publish","type":"product","link":"https:\/\/www.ksttukku.fi\/kauppa\/tuote\/ruokailuryhman-poyta\/","title":{"rendered":"Riika Ruokailuryhm\u00e4n p\u00f6yt\u00e4 musta"},"content":{"rendered":"<div class=\"description\">\u00a0Muovikantinen p\u00f6yt\u00e4\u00a0 156cm , ter\u00e4srunko 14 x 36\/1,0 mm profiilia.<\/div>\n<div class=\"description\">Tyylik\u00e4s ja moderni koko musta taitettava p\u00f6yt\u00e4. P\u00f6yd\u00e4n runko on ter\u00e4st\u00e4, pinta on kest\u00e4v\u00e4\u00e4 ja tyylik\u00e4st\u00e4 muovia. P\u00f6yt\u00e4 on muotoilultaan selke\u00e4linjainen ja n\u00e4in ollen sopii monenlaisiin ymp\u00e4rist\u00f6ihin n\u00e4ytt\u00e4en upealta. Helppo puhdistaa kostealla liinalla. P\u00f6yd\u00e4n mitat: 156 x 78 x 74 cm.<\/div>\n","protected":false},"excerpt":{"rendered":"<p>\u00a0Muovikantinen p\u00f6yt\u00e4\u00a0 156cm , ter\u00e4srunko 14 x 36\/1,0 mm profiilia. Tyylik\u00e4s ja moderni koko musta taitettava p\u00f6yt\u00e4. P\u00f6yd\u00e4n runko on ter\u00e4st\u00e4, pinta on kest\u00e4v\u00e4\u00e4 ja tyylik\u00e4st\u00e4 muovia. P\u00f6yt\u00e4 on muotoilultaan selke\u00e4linjainen ja n\u00e4in ollen sopii monenlaisiin ymp\u00e4rist\u00f6ihin n\u00e4ytt\u00e4en upealta. Helppo puhdistaa kostealla liinalla. P\u00f6yd\u00e4n mitat: 156 x 78 x 74 cm.<\/p>\n","protected":false},"featured_media":9597,"comment_status":"closed","ping_status":"closed","template":"","meta":[],"product_brand":[],"product_cat":[119,129],"product_tag":[],"class_list":{"0":"post-9596","1":"product","2":"type-product","3":"status-publish","4":"has-post-thumbnail","6":"product_cat-kesakalusteet","7":"product_cat-ruokailuryhmat","9":"first","10":"outofstock","11":"taxable","12":"shipping-taxable","13":"purchasable","14":"product-type-simple"},"_links":{"self":[{"href":"https:\/\/www.ksttukku.fi\/kauppa\/wp-json\/wp\/v2\/product\/9596","targetHints":{"allow":["GET"]}}],"collection":[{"href":"https:\/\/www.ksttukku.fi\/kauppa\/wp-json\/wp\/v2\/product"}],"about":[{"href":"https:\/\/www.ksttukku.fi\/kauppa\/wp-json\/wp\/v2\/types\/product"}],"replies":[{"embeddable":true,"href":"https:\/\/www.ksttukku.fi\/kauppa\/wp-json\/wp\/v2\/comments?post=9596"}],"wp:featuredmedia":[{"embeddable":true,"href":"https:\/\/www.ksttukku.fi\/kauppa\/wp-json\/wp\/v2\/media\/9597"}],"wp:attachment":[{"href":"https:\/\/www.ksttukku.fi\/kauppa\/wp-json\/wp\/v2\/media?parent=9596"}],"wp:term":[{"taxonomy":"product_brand","embeddable":true,"href":"https:\/\/www.ksttukku.fi\/kauppa\/wp-json\/wp\/v2\/product_brand?post=9596"},{"taxonomy":"product_cat","embeddable":true,"href":"https:\/\/www.ksttukku.fi\/kauppa\/wp-json\/wp\/v2\/product_cat?post=9596"},{"taxonomy":"product_tag","embeddable":true,"href":"https:\/\/www.ksttukku.fi\/kauppa\/wp-json\/wp\/v2\/product_tag?post=9596"}],"curies":[{"name":"wp","href":"https:\/\/api.w.org\/{rel}","templated":true}]}}