{"id":9620,"date":"2022-05-02T12:22:35","date_gmt":"2022-05-02T09:22:35","guid":{"rendered":"https:\/\/www.ksttukku.fi\/kauppa\/?post_type=product&#038;p=9620"},"modified":"2022-05-02T12:35:22","modified_gmt":"2022-05-02T09:35:22","slug":"paivanvarjon-jalkapaino-hopea-15-l-4kpl-pak","status":"publish","type":"product","link":"https:\/\/www.ksttukku.fi\/kauppa\/tuote\/paivanvarjon-jalkapaino-hopea-15-l-4kpl-pak\/","title":{"rendered":"P\u00e4iv\u00e4nvarjon jalkapaino hopea 15 L 4kpl \/pak"},"content":{"rendered":"<p>50,5 x 50,5 x 7 cm. Koottuna: 101 x 101 x 7 cm. Silver design. PE-muovi.<\/p>\n<p>. Vedell\u00e4 tai hiekalla t\u00e4ytettyn\u00e4 16-19 kg Ristikkojalkaisiin p\u00e4iv\u00e4nvarjoihin.<\/p>\n","protected":false},"excerpt":{"rendered":"<p>50,5 x 50,5 x 7 cm. Koottuna: 101 x 101 x 7 cm. Silver design. PE-muovi. . Vedell\u00e4 tai hiekalla t\u00e4ytettyn\u00e4 16-19 kg Ristikkojalkaisiin p\u00e4iv\u00e4nvarjoihin.<\/p>\n","protected":false},"featured_media":1323,"comment_status":"closed","ping_status":"closed","template":"","meta":[],"product_brand":[],"product_cat":[119,122],"product_tag":[],"class_list":{"0":"post-9620","1":"product","2":"type-product","3":"status-publish","4":"has-post-thumbnail","6":"product_cat-kesakalusteet","7":"product_cat-paivanvarjot","9":"first","10":"instock","11":"taxable","12":"shipping-taxable","13":"purchasable","14":"product-type-simple"},"_links":{"self":[{"href":"https:\/\/www.ksttukku.fi\/kauppa\/wp-json\/wp\/v2\/product\/9620","targetHints":{"allow":["GET"]}}],"collection":[{"href":"https:\/\/www.ksttukku.fi\/kauppa\/wp-json\/wp\/v2\/product"}],"about":[{"href":"https:\/\/www.ksttukku.fi\/kauppa\/wp-json\/wp\/v2\/types\/product"}],"replies":[{"embeddable":true,"href":"https:\/\/www.ksttukku.fi\/kauppa\/wp-json\/wp\/v2\/comments?post=9620"}],"wp:featuredmedia":[{"embeddable":true,"href":"https:\/\/www.ksttukku.fi\/kauppa\/wp-json\/wp\/v2\/media\/1323"}],"wp:attachment":[{"href":"https:\/\/www.ksttukku.fi\/kauppa\/wp-json\/wp\/v2\/media?parent=9620"}],"wp:term":[{"taxonomy":"product_brand","embeddable":true,"href":"https:\/\/www.ksttukku.fi\/kauppa\/wp-json\/wp\/v2\/product_brand?post=9620"},{"taxonomy":"product_cat","embeddable":true,"href":"https:\/\/www.ksttukku.fi\/kauppa\/wp-json\/wp\/v2\/product_cat?post=9620"},{"taxonomy":"product_tag","embeddable":true,"href":"https:\/\/www.ksttukku.fi\/kauppa\/wp-json\/wp\/v2\/product_tag?post=9620"}],"curies":[{"name":"wp","href":"https:\/\/api.w.org\/{rel}","templated":true}]}}