{"id":9621,"date":"2022-05-02T16:24:01","date_gmt":"2022-05-02T13:24:01","guid":{"rendered":"https:\/\/www.ksttukku.fi\/kauppa\/?post_type=product&#038;p=9621"},"modified":"2022-05-02T16:24:01","modified_gmt":"2022-05-02T13:24:01","slug":"ilmanviilennin-65w-12l","status":"publish","type":"product","link":"https:\/\/www.ksttukku.fi\/kauppa\/tuote\/ilmanviilennin-65w-12l\/","title":{"rendered":"Ilmanviilennin 65W 12L"},"content":{"rendered":"<div class=\"description\">Digitaalinen ilmanviilennin kaukos\u00e4\u00e4timell\u00e4 ja kahdella kylm\u00e4patruunalla. Teho 65 W. Vesis\u00e4ili\u00f6n tilavuus 12 L. Ilmam\u00e4\u00e4r\u00e4 348 m\u00b3\/h. 0-12 tunnin ajastin. Helppok\u00e4ytt\u00f6inen, ei tarvetta erilliselle poistoilmaputkelle. Tuotteessa kalustepy\u00f6r\u00e4t, jotka mahdollistavan helpon siirt\u00e4misen paikasta toiseen. Pumpussa suojaus kuivak\u00e4ynti\u00e4 vastaan. 230V 50Hz. IPX0. Takuu 12 kk.<\/div>\n<div class=\"description\">Digitaalinen ilmanviilennin kaukos\u00e4\u00e4timell\u00e4 ja kahdella kylm\u00e4patruunalla. Teho 65 W. Vesis\u00e4ili\u00f6n tilavuus 12 L. Ilmam\u00e4\u00e4r\u00e4 348 m\u00b3\/h. 0-12 tunnin ajastin. Helppok\u00e4ytt\u00f6inen, ei tarvetta erilliselle poistoilmaputkelle. Tuotteessa kalustepy\u00f6r\u00e4t, jotka mahdollistavan helpon siirt\u00e4misen paikasta toiseen. Pumpussa suojaus kuivak\u00e4ynti\u00e4 vastaan. 230V 50Hz. IPX<\/div>\n","protected":false},"excerpt":{"rendered":"<p>Digitaalinen ilmanviilennin kaukos\u00e4\u00e4timell\u00e4 ja kahdella kylm\u00e4patruunalla. Teho 65 W. Vesis\u00e4ili\u00f6n tilavuus 12 L. Ilmam\u00e4\u00e4r\u00e4 348 m\u00b3\/h. 0-12 tunnin ajastin. Helppok\u00e4ytt\u00f6inen, ei tarvetta erilliselle poistoilmaputkelle. Tuotteessa kalustepy\u00f6r\u00e4t, jotka mahdollistavan helpon siirt\u00e4misen paikasta toiseen. Pumpussa suojaus kuivak\u00e4ynti\u00e4 vastaan. 230V 50Hz. IPX0. Takuu 12 kk. Digitaalinen ilmanviilennin kaukos\u00e4\u00e4timell\u00e4 ja kahdella kylm\u00e4patruunalla. Teho 65 W. Vesis\u00e4ili\u00f6n tilavuus 12 L. [&hellip;]<\/p>\n","protected":false},"featured_media":9622,"comment_status":"closed","ping_status":"closed","template":"","meta":[],"product_brand":[],"product_cat":[258,257],"product_tag":[],"class_list":{"0":"post-9621","1":"product","2":"type-product","3":"status-publish","4":"has-post-thumbnail","6":"product_cat-ilmanviilentimet","7":"product_cat-tuulettimet-ja-ilmanviilentimet","9":"first","10":"instock","11":"taxable","12":"shipping-taxable","13":"purchasable","14":"product-type-simple"},"_links":{"self":[{"href":"https:\/\/www.ksttukku.fi\/kauppa\/wp-json\/wp\/v2\/product\/9621","targetHints":{"allow":["GET"]}}],"collection":[{"href":"https:\/\/www.ksttukku.fi\/kauppa\/wp-json\/wp\/v2\/product"}],"about":[{"href":"https:\/\/www.ksttukku.fi\/kauppa\/wp-json\/wp\/v2\/types\/product"}],"replies":[{"embeddable":true,"href":"https:\/\/www.ksttukku.fi\/kauppa\/wp-json\/wp\/v2\/comments?post=9621"}],"wp:featuredmedia":[{"embeddable":true,"href":"https:\/\/www.ksttukku.fi\/kauppa\/wp-json\/wp\/v2\/media\/9622"}],"wp:attachment":[{"href":"https:\/\/www.ksttukku.fi\/kauppa\/wp-json\/wp\/v2\/media?parent=9621"}],"wp:term":[{"taxonomy":"product_brand","embeddable":true,"href":"https:\/\/www.ksttukku.fi\/kauppa\/wp-json\/wp\/v2\/product_brand?post=9621"},{"taxonomy":"product_cat","embeddable":true,"href":"https:\/\/www.ksttukku.fi\/kauppa\/wp-json\/wp\/v2\/product_cat?post=9621"},{"taxonomy":"product_tag","embeddable":true,"href":"https:\/\/www.ksttukku.fi\/kauppa\/wp-json\/wp\/v2\/product_tag?post=9621"}],"curies":[{"name":"wp","href":"https:\/\/api.w.org\/{rel}","templated":true}]}}