{"id":9633,"date":"2022-05-03T16:51:33","date_gmt":"2022-05-03T13:51:33","guid":{"rendered":"https:\/\/www.ksttukku.fi\/kauppa\/?post_type=product&#038;p=9633"},"modified":"2024-03-19T10:26:45","modified_gmt":"2024-03-19T08:26:45","slug":"4living-parvekeryhma-capri-3-os","status":"publish","type":"product","link":"https:\/\/www.ksttukku.fi\/kauppa\/tuote\/4living-parvekeryhma-capri-3-os\/","title":{"rendered":"4Living parvekeryhm\u00e4 Capri 3-os"},"content":{"rendered":"<div class=\"description\">Tyylik\u00e4s 3-osainen ter\u00e4srunkoinen parvekeryhm\u00e4 pihalle, parvekkeelle tai terassille. Laadukasta ja kest\u00e4v\u00e4\u00e4 HDPE-materiaalia. Parvekeryhm\u00e4 sis\u00e4lt\u00e4\u00e4 kaksi k\u00e4sinojallista tuolia ja sohvap\u00f6yd\u00e4n. Mitat: tuolit 62,5 x 64 x 78 cm ja sohvap\u00f6yt\u00e4 98 x 48 x 39 cm.<\/div>\n","protected":false},"excerpt":{"rendered":"<p>Tyylik\u00e4s 3-osainen ter\u00e4srunkoinen parvekeryhm\u00e4 pihalle, parvekkeelle tai terassille. Laadukasta ja kest\u00e4v\u00e4\u00e4 HDPE-materiaalia. Parvekeryhm\u00e4 sis\u00e4lt\u00e4\u00e4 kaksi k\u00e4sinojallista tuolia ja sohvap\u00f6yd\u00e4n. Mitat: tuolit 62,5 x 64 x 78 cm ja sohvap\u00f6yt\u00e4 98 x 48 x 39 cm.<\/p>\n","protected":false},"featured_media":9636,"comment_status":"closed","ping_status":"closed","template":"","meta":[],"product_brand":[],"product_cat":[119,121],"product_tag":[],"class_list":{"0":"post-9633","1":"product","2":"type-product","3":"status-publish","4":"has-post-thumbnail","6":"product_cat-kesakalusteet","7":"product_cat-parvekeryhmat","9":"first","10":"instock","11":"sale","12":"taxable","13":"shipping-taxable","14":"purchasable","15":"product-type-simple"},"_links":{"self":[{"href":"https:\/\/www.ksttukku.fi\/kauppa\/wp-json\/wp\/v2\/product\/9633","targetHints":{"allow":["GET"]}}],"collection":[{"href":"https:\/\/www.ksttukku.fi\/kauppa\/wp-json\/wp\/v2\/product"}],"about":[{"href":"https:\/\/www.ksttukku.fi\/kauppa\/wp-json\/wp\/v2\/types\/product"}],"replies":[{"embeddable":true,"href":"https:\/\/www.ksttukku.fi\/kauppa\/wp-json\/wp\/v2\/comments?post=9633"}],"wp:featuredmedia":[{"embeddable":true,"href":"https:\/\/www.ksttukku.fi\/kauppa\/wp-json\/wp\/v2\/media\/9636"}],"wp:attachment":[{"href":"https:\/\/www.ksttukku.fi\/kauppa\/wp-json\/wp\/v2\/media?parent=9633"}],"wp:term":[{"taxonomy":"product_brand","embeddable":true,"href":"https:\/\/www.ksttukku.fi\/kauppa\/wp-json\/wp\/v2\/product_brand?post=9633"},{"taxonomy":"product_cat","embeddable":true,"href":"https:\/\/www.ksttukku.fi\/kauppa\/wp-json\/wp\/v2\/product_cat?post=9633"},{"taxonomy":"product_tag","embeddable":true,"href":"https:\/\/www.ksttukku.fi\/kauppa\/wp-json\/wp\/v2\/product_tag?post=9633"}],"curies":[{"name":"wp","href":"https:\/\/api.w.org\/{rel}","templated":true}]}}