{"id":964,"date":"2018-03-07T17:00:18","date_gmt":"2018-03-07T15:00:18","guid":{"rendered":"http:\/\/www.ksttukku.fi\/kauppa\/?post_type=product&#038;p=964"},"modified":"2018-03-07T17:00:18","modified_gmt":"2018-03-07T15:00:18","slug":"kelly-kaytavamatto-100cm-luonnonvalkoinen-28em","status":"publish","type":"product","link":"https:\/\/www.ksttukku.fi\/kauppa\/tuote\/kelly-kaytavamatto-100cm-luonnonvalkoinen-28em\/","title":{"rendered":"Kelly k\u00e4yt\u00e4v\u00e4matto 100cm luonnonvalkoinen 28\u20ac\/m"},"content":{"rendered":"<p>Helppohoitoinen ja sile\u00e4ksi kudottu matto kodin eri tiloihin.<\/p>\n<div>Materiaali: Polypropeen<\/div>\n<div>\n<div>Hoito-ohje: Imurointi sek\u00e4 laakavesipesu pesulass<\/div>\n<div>Leveys: 100 cm<\/div>\n<div>V\u00e4ri: Luonnonvalkoinen<\/div>\n<\/div>\n","protected":false},"excerpt":{"rendered":"<p>Helppohoitoinen ja sile\u00e4ksi kudottu matto kodin eri tiloihin. Materiaali: Polypropeen Hoito-ohje: Imurointi sek\u00e4 laakavesipesu pesulass Leveys: 100 cm V\u00e4ri: Luonnonvalkoinen<\/p>\n","protected":false},"featured_media":956,"comment_status":"closed","ping_status":"closed","template":"","meta":[],"product_brand":[],"product_cat":[79,23,22],"product_tag":[],"class_list":{"0":"post-964","1":"product","2":"type-product","3":"status-publish","4":"has-post-thumbnail","6":"product_cat-kelly","7":"product_cat-kaytava-ja-yleismatot","8":"product_cat-matot","10":"first","11":"instock","12":"taxable","13":"shipping-taxable","14":"purchasable","15":"product-type-simple"},"_links":{"self":[{"href":"https:\/\/www.ksttukku.fi\/kauppa\/wp-json\/wp\/v2\/product\/964","targetHints":{"allow":["GET"]}}],"collection":[{"href":"https:\/\/www.ksttukku.fi\/kauppa\/wp-json\/wp\/v2\/product"}],"about":[{"href":"https:\/\/www.ksttukku.fi\/kauppa\/wp-json\/wp\/v2\/types\/product"}],"replies":[{"embeddable":true,"href":"https:\/\/www.ksttukku.fi\/kauppa\/wp-json\/wp\/v2\/comments?post=964"}],"wp:featuredmedia":[{"embeddable":true,"href":"https:\/\/www.ksttukku.fi\/kauppa\/wp-json\/wp\/v2\/media\/956"}],"wp:attachment":[{"href":"https:\/\/www.ksttukku.fi\/kauppa\/wp-json\/wp\/v2\/media?parent=964"}],"wp:term":[{"taxonomy":"product_brand","embeddable":true,"href":"https:\/\/www.ksttukku.fi\/kauppa\/wp-json\/wp\/v2\/product_brand?post=964"},{"taxonomy":"product_cat","embeddable":true,"href":"https:\/\/www.ksttukku.fi\/kauppa\/wp-json\/wp\/v2\/product_cat?post=964"},{"taxonomy":"product_tag","embeddable":true,"href":"https:\/\/www.ksttukku.fi\/kauppa\/wp-json\/wp\/v2\/product_tag?post=964"}],"curies":[{"name":"wp","href":"https:\/\/api.w.org\/{rel}","templated":true}]}}