{"id":9640,"date":"2022-05-03T17:20:05","date_gmt":"2022-05-03T14:20:05","guid":{"rendered":"https:\/\/www.ksttukku.fi\/kauppa\/?post_type=product&#038;p=9640"},"modified":"2022-05-03T17:24:59","modified_gmt":"2022-05-03T14:24:59","slug":"led-kasvilamppu-e-27-180lm","status":"publish","type":"product","link":"https:\/\/www.ksttukku.fi\/kauppa\/tuote\/led-kasvilamppu-e-27-180lm\/","title":{"rendered":"Led-kasvilamppu E 27  180lm"},"content":{"rendered":"<div class=\"short-description scylla-wysiwyg std text--left\" data-v-20c41384=\"\">\n<p>Kasvit hy\u00f6dynt\u00e4v\u00e4t valoa eri tavalla kuin ihmisen silm\u00e4. Kasvilampuissa on huomioitu kasvien tarvitsemat valon ominaisuudet.<\/p>\n<p>Valontarpeessa t\u00e4rkeint\u00e4 ovat punaisen ja sinisen valon alueet. N\u00e4it\u00e4 korostamalla kasvit sek\u00e4 voimistuvat ett\u00e4 saavuttavat hyvin pituutta.<\/p>\n<\/div>\n<div data-v-70b470e6=\"\" data-v-20c41384=\"\">\n<div class=\"item-row scylla-flex scylla-flex--row scylla-flex--middle scylla-flex--space-between\" data-v-9caf1656=\"\" data-v-70b470e6=\"\">\n<p class=\"semibold product__electric-id\" data-v-70b470e6=\"\" data-v-9caf1656=\"\">Kirkas vakiokupuinen filamentti led-kasvilamppu 5W E27 180lm 10000h 60x105mm, pahvipakkaus.<\/p>\n<\/div>\n<\/div>\n","protected":false},"excerpt":{"rendered":"<p>Kasvit hy\u00f6dynt\u00e4v\u00e4t valoa eri tavalla kuin ihmisen silm\u00e4. Kasvilampuissa on huomioitu kasvien tarvitsemat valon ominaisuudet. Valontarpeessa t\u00e4rkeint\u00e4 ovat punaisen ja sinisen valon alueet. N\u00e4it\u00e4 korostamalla kasvit sek\u00e4 voimistuvat ett\u00e4 saavuttavat hyvin pituutta. Kirkas vakiokupuinen filamentti led-kasvilamppu 5W E27 180lm 10000h 60x105mm, pahvipakkaus.<\/p>\n","protected":false},"featured_media":9641,"comment_status":"closed","ping_status":"closed","template":"","meta":[],"product_brand":[],"product_cat":[186,34],"product_tag":[],"class_list":{"0":"post-9640","1":"product","2":"type-product","3":"status-publish","4":"has-post-thumbnail","6":"product_cat-ledlamput","7":"product_cat-valaisimet","9":"first","10":"instock","11":"taxable","12":"shipping-taxable","13":"purchasable","14":"product-type-simple"},"_links":{"self":[{"href":"https:\/\/www.ksttukku.fi\/kauppa\/wp-json\/wp\/v2\/product\/9640","targetHints":{"allow":["GET"]}}],"collection":[{"href":"https:\/\/www.ksttukku.fi\/kauppa\/wp-json\/wp\/v2\/product"}],"about":[{"href":"https:\/\/www.ksttukku.fi\/kauppa\/wp-json\/wp\/v2\/types\/product"}],"replies":[{"embeddable":true,"href":"https:\/\/www.ksttukku.fi\/kauppa\/wp-json\/wp\/v2\/comments?post=9640"}],"wp:featuredmedia":[{"embeddable":true,"href":"https:\/\/www.ksttukku.fi\/kauppa\/wp-json\/wp\/v2\/media\/9641"}],"wp:attachment":[{"href":"https:\/\/www.ksttukku.fi\/kauppa\/wp-json\/wp\/v2\/media?parent=9640"}],"wp:term":[{"taxonomy":"product_brand","embeddable":true,"href":"https:\/\/www.ksttukku.fi\/kauppa\/wp-json\/wp\/v2\/product_brand?post=9640"},{"taxonomy":"product_cat","embeddable":true,"href":"https:\/\/www.ksttukku.fi\/kauppa\/wp-json\/wp\/v2\/product_cat?post=9640"},{"taxonomy":"product_tag","embeddable":true,"href":"https:\/\/www.ksttukku.fi\/kauppa\/wp-json\/wp\/v2\/product_tag?post=9640"}],"curies":[{"name":"wp","href":"https:\/\/api.w.org\/{rel}","templated":true}]}}