{"id":9649,"date":"2022-05-03T18:32:03","date_gmt":"2022-05-03T15:32:03","guid":{"rendered":"https:\/\/www.ksttukku.fi\/kauppa\/?post_type=product&#038;p=9649"},"modified":"2022-05-03T18:32:04","modified_gmt":"2022-05-03T15:32:04","slug":"kasvikohdelamppu-e-14","status":"publish","type":"product","link":"https:\/\/www.ksttukku.fi\/kauppa\/tuote\/kasvikohdelamppu-e-14\/","title":{"rendered":"Kasvikohdelamppu E 14"},"content":{"rendered":"<p>Kasvilampuissa on huomioitu kasvien tarvitsemat valon ominaisuudet. Valontarpeessa t\u00e4rkeint\u00e4 ovat punaisen ja sinisen valon alueet.<\/p>\n<p>N\u00e4it\u00e4 korostamalla kasvit sek\u00e4 voimistuvat ett\u00e4 saavuttavat hyvin pituutta. Kohdelampuissa on huomioitu my\u00f6s valon s\u00e4vyn miellytt\u00e4vyys.<\/p>\n<p>Ymp\u00e4rist\u00f6yst\u00e4v\u00e4llisiss\u00e4 pahvipakkauksissa on tekniset tiedot esitetty selke\u00e4sti.<\/p>\n<p>&#8211; ei UV- tai IR s\u00e4tely\u00e4<\/p>\n<p>&#8211; eiv\u00e4t sis\u00e4ll\u00e4 elohopeaa<\/p>\n","protected":false},"excerpt":{"rendered":"<p>Kasvilampuissa on huomioitu kasvien tarvitsemat valon ominaisuudet. Valontarpeessa t\u00e4rkeint\u00e4 ovat punaisen ja sinisen valon alueet. N\u00e4it\u00e4 korostamalla kasvit sek\u00e4 voimistuvat ett\u00e4 saavuttavat hyvin pituutta. Kohdelampuissa on huomioitu my\u00f6s valon s\u00e4vyn miellytt\u00e4vyys. Ymp\u00e4rist\u00f6yst\u00e4v\u00e4llisiss\u00e4 pahvipakkauksissa on tekniset tiedot esitetty selke\u00e4sti. &#8211; ei UV- tai IR s\u00e4tely\u00e4 &#8211; eiv\u00e4t sis\u00e4ll\u00e4 elohopeaa<\/p>\n","protected":false},"featured_media":9650,"comment_status":"closed","ping_status":"closed","template":"","meta":[],"product_brand":[],"product_cat":[186,34],"product_tag":[],"class_list":{"0":"post-9649","1":"product","2":"type-product","3":"status-publish","4":"has-post-thumbnail","6":"product_cat-ledlamput","7":"product_cat-valaisimet","9":"first","10":"instock","11":"taxable","12":"shipping-taxable","13":"purchasable","14":"product-type-simple"},"_links":{"self":[{"href":"https:\/\/www.ksttukku.fi\/kauppa\/wp-json\/wp\/v2\/product\/9649","targetHints":{"allow":["GET"]}}],"collection":[{"href":"https:\/\/www.ksttukku.fi\/kauppa\/wp-json\/wp\/v2\/product"}],"about":[{"href":"https:\/\/www.ksttukku.fi\/kauppa\/wp-json\/wp\/v2\/types\/product"}],"replies":[{"embeddable":true,"href":"https:\/\/www.ksttukku.fi\/kauppa\/wp-json\/wp\/v2\/comments?post=9649"}],"wp:featuredmedia":[{"embeddable":true,"href":"https:\/\/www.ksttukku.fi\/kauppa\/wp-json\/wp\/v2\/media\/9650"}],"wp:attachment":[{"href":"https:\/\/www.ksttukku.fi\/kauppa\/wp-json\/wp\/v2\/media?parent=9649"}],"wp:term":[{"taxonomy":"product_brand","embeddable":true,"href":"https:\/\/www.ksttukku.fi\/kauppa\/wp-json\/wp\/v2\/product_brand?post=9649"},{"taxonomy":"product_cat","embeddable":true,"href":"https:\/\/www.ksttukku.fi\/kauppa\/wp-json\/wp\/v2\/product_cat?post=9649"},{"taxonomy":"product_tag","embeddable":true,"href":"https:\/\/www.ksttukku.fi\/kauppa\/wp-json\/wp\/v2\/product_tag?post=9649"}],"curies":[{"name":"wp","href":"https:\/\/api.w.org\/{rel}","templated":true}]}}