{"id":9672,"date":"2022-05-04T17:26:12","date_gmt":"2022-05-04T14:26:12","guid":{"rendered":"https:\/\/www.ksttukku.fi\/kauppa\/?post_type=product&#038;p=9672"},"modified":"2024-04-22T15:54:02","modified_gmt":"2024-04-22T12:54:02","slug":"2d-loistelamppu-4-pin-28w-830-gr10-bl-2500lm","status":"publish","type":"product","link":"https:\/\/www.ksttukku.fi\/kauppa\/tuote\/2d-loistelamppu-4-pin-28w-830-gr10-bl-2500lm\/","title":{"rendered":"2D  Loistelamppu  4-pin 28W\/830 GR10 BL   2500lm"},"content":{"rendered":"<div class=\"scylla-flex scylla-flex--row scylla-flex--wrap scylla-flex--align-start\" data-v-9caf1656=\"\" data-v-745a610b=\"\" data-v-20c41384=\"\">\n<div class=\"scylla-image logo scylla-restrict-height\" data-v-71ed0765=\"\" data-v-745a610b=\"\" data-v-9caf1656=\"\"><\/div>\n<div class=\"scylla-image logo scylla-restrict-height\" data-v-71ed0765=\"\" data-v-745a610b=\"\" data-v-9caf1656=\"\"><\/div>\n<\/div>\n<div class=\"long-product-name\" data-v-20c41384=\"\">2D-loistelamppu 28W 3000K GR10 (4-nastainen) 2250lm 10000h, 30x199x199mm, blisterpakkaus.<\/div>\n<div class=\"short-description scylla-wysiwyg std text--left\" data-v-20c41384=\"\">\n<p>2D-pistokantalamppuja k\u00e4ytet\u00e4\u00e4n valaisimissa, joissa on matala rakenne, kuten kattovalaisimissa tai plafondeissa.<\/p>\n<p>2D-loistelamput jakavat valoa tasaisesti laajalle alalle ja ne soveltuvat my\u00f6s ulkok\u00e4ytt\u00f6\u00f6n ja kosteisiin tiloihin.<\/p>\n<p>V\u00e4ril\u00e4mp\u00f6tila on puhdas valkoinen (3000 K).<\/p>\n<\/div>\n","protected":false},"excerpt":{"rendered":"<p>2D-loistelamppu 28W 3000K GR10 (4-nastainen) 2250lm 10000h, 30x199x199mm, blisterpakkaus. 2D-pistokantalamppuja k\u00e4ytet\u00e4\u00e4n valaisimissa, joissa on matala rakenne, kuten kattovalaisimissa tai plafondeissa. 2D-loistelamput jakavat valoa tasaisesti laajalle alalle ja ne soveltuvat my\u00f6s ulkok\u00e4ytt\u00f6\u00f6n ja kosteisiin tiloihin. V\u00e4ril\u00e4mp\u00f6tila on puhdas valkoinen (3000 K).<\/p>\n","protected":false},"featured_media":9674,"comment_status":"closed","ping_status":"closed","template":"","meta":[],"product_brand":[],"product_cat":[185,469,34],"product_tag":[471,472],"class_list":{"0":"post-9672","1":"product","2":"type-product","3":"status-publish","4":"has-post-thumbnail","6":"product_cat-lamput","7":"product_cat-loisteputket","8":"product_cat-valaisimet","9":"product_tag-lamput","10":"product_tag-loistelamput","12":"first","13":"outofstock","14":"taxable","15":"shipping-taxable","16":"purchasable","17":"product-type-simple"},"_links":{"self":[{"href":"https:\/\/www.ksttukku.fi\/kauppa\/wp-json\/wp\/v2\/product\/9672","targetHints":{"allow":["GET"]}}],"collection":[{"href":"https:\/\/www.ksttukku.fi\/kauppa\/wp-json\/wp\/v2\/product"}],"about":[{"href":"https:\/\/www.ksttukku.fi\/kauppa\/wp-json\/wp\/v2\/types\/product"}],"replies":[{"embeddable":true,"href":"https:\/\/www.ksttukku.fi\/kauppa\/wp-json\/wp\/v2\/comments?post=9672"}],"wp:featuredmedia":[{"embeddable":true,"href":"https:\/\/www.ksttukku.fi\/kauppa\/wp-json\/wp\/v2\/media\/9674"}],"wp:attachment":[{"href":"https:\/\/www.ksttukku.fi\/kauppa\/wp-json\/wp\/v2\/media?parent=9672"}],"wp:term":[{"taxonomy":"product_brand","embeddable":true,"href":"https:\/\/www.ksttukku.fi\/kauppa\/wp-json\/wp\/v2\/product_brand?post=9672"},{"taxonomy":"product_cat","embeddable":true,"href":"https:\/\/www.ksttukku.fi\/kauppa\/wp-json\/wp\/v2\/product_cat?post=9672"},{"taxonomy":"product_tag","embeddable":true,"href":"https:\/\/www.ksttukku.fi\/kauppa\/wp-json\/wp\/v2\/product_tag?post=9672"}],"curies":[{"name":"wp","href":"https:\/\/api.w.org\/{rel}","templated":true}]}}