{"id":9687,"date":"2022-05-05T15:26:42","date_gmt":"2022-05-05T12:26:42","guid":{"rendered":"https:\/\/www.ksttukku.fi\/kauppa\/?post_type=product&#038;p=9687"},"modified":"2022-05-05T15:26:42","modified_gmt":"2022-05-05T12:26:42","slug":"rottinkituoli-charly","status":"publish","type":"product","link":"https:\/\/www.ksttukku.fi\/kauppa\/tuote\/rottinkituoli-charly\/","title":{"rendered":"Rottinkituoli Charly"},"content":{"rendered":"<div class=\"description\">Pinottava tuoli 22-26 mm rottinkia, ilman istuinpehmustetta. Max 120 kg.<\/div>\n<div class=\"description\">Klassisen kaunis rottinkituoli on tyylik\u00e4s valinta sis\u00e4tiloihin ja katettuihin ulkotiloihinkin.<\/div>\n<div class=\"description\">Rottinkikalusteet ovat kevyit\u00e4, kest\u00e4vi\u00e4 ja siet\u00e4v\u00e4t hyvin l\u00e4mp\u00f6tilan vaihteluita, mutta kosteuden ei pit\u00e4isi antaa ker\u00e4\u00e4nty\u00e4 huonekalujen pinnalle.<\/div>\n<div class=\"description\">Rottinkikalusteet ovat pitk\u00e4ik\u00e4isi\u00e4, etenkin sis\u00e4tiloissa, lasitetuilla \/ katetuilla terasseilla ja parvekkeilla. Pinottava. Ei sis\u00e4ll\u00e4 pehmutetta.<\/div>\n<div class=\"description\">Enimm\u00e4iskantavuus 120 kg.<\/div>\n","protected":false},"excerpt":{"rendered":"<p>Pinottava tuoli 22-26 mm rottinkia, ilman istuinpehmustetta. Max 120 kg. Klassisen kaunis rottinkituoli on tyylik\u00e4s valinta sis\u00e4tiloihin ja katettuihin ulkotiloihinkin. Rottinkikalusteet ovat kevyit\u00e4, kest\u00e4vi\u00e4 ja siet\u00e4v\u00e4t hyvin l\u00e4mp\u00f6tilan vaihteluita, mutta kosteuden ei pit\u00e4isi antaa ker\u00e4\u00e4nty\u00e4 huonekalujen pinnalle. Rottinkikalusteet ovat pitk\u00e4ik\u00e4isi\u00e4, etenkin sis\u00e4tiloissa, lasitetuilla \/ katetuilla terasseilla ja parvekkeilla. Pinottava. Ei sis\u00e4ll\u00e4 pehmutetta. Enimm\u00e4iskantavuus 120 kg.<\/p>\n","protected":false},"featured_media":9688,"comment_status":"closed","ping_status":"closed","template":"","meta":[],"product_brand":[],"product_cat":[119,123],"product_tag":[],"class_list":{"0":"post-9687","1":"product","2":"type-product","3":"status-publish","4":"has-post-thumbnail","6":"product_cat-kesakalusteet","7":"product_cat-lepotuolit","9":"first","10":"instock","11":"taxable","12":"shipping-taxable","13":"purchasable","14":"product-type-simple"},"_links":{"self":[{"href":"https:\/\/www.ksttukku.fi\/kauppa\/wp-json\/wp\/v2\/product\/9687","targetHints":{"allow":["GET"]}}],"collection":[{"href":"https:\/\/www.ksttukku.fi\/kauppa\/wp-json\/wp\/v2\/product"}],"about":[{"href":"https:\/\/www.ksttukku.fi\/kauppa\/wp-json\/wp\/v2\/types\/product"}],"replies":[{"embeddable":true,"href":"https:\/\/www.ksttukku.fi\/kauppa\/wp-json\/wp\/v2\/comments?post=9687"}],"wp:featuredmedia":[{"embeddable":true,"href":"https:\/\/www.ksttukku.fi\/kauppa\/wp-json\/wp\/v2\/media\/9688"}],"wp:attachment":[{"href":"https:\/\/www.ksttukku.fi\/kauppa\/wp-json\/wp\/v2\/media?parent=9687"}],"wp:term":[{"taxonomy":"product_brand","embeddable":true,"href":"https:\/\/www.ksttukku.fi\/kauppa\/wp-json\/wp\/v2\/product_brand?post=9687"},{"taxonomy":"product_cat","embeddable":true,"href":"https:\/\/www.ksttukku.fi\/kauppa\/wp-json\/wp\/v2\/product_cat?post=9687"},{"taxonomy":"product_tag","embeddable":true,"href":"https:\/\/www.ksttukku.fi\/kauppa\/wp-json\/wp\/v2\/product_tag?post=9687"}],"curies":[{"name":"wp","href":"https:\/\/api.w.org\/{rel}","templated":true}]}}